{"id":394631,"date":"2024-06-19T10:12:32","date_gmt":"2024-06-19T10:12:32","guid":{"rendered":"https:\/\/glotomania.com\/cookies\/"},"modified":"2026-04-17T12:24:03","modified_gmt":"2026-04-17T12:24:03","slug":"cookies","status":"publish","type":"page","link":"https:\/\/glotomania.com\/pt-pt\/cookies\/","title":{"rendered":"Cookies"},"content":{"rendered":"\n<h1>Pol\u00edtica de Cookies<\/h1>\n\n    <p>Na Glotomania S.L., com NIF B54275409 e sede na Plaza Fuensanta 2 EDIFICIO HISPANIA LOCAL 4 C. 30008, Murcia (Murcia). A GLOTOMANIA SL utiliza cookies e tecnologias semelhantes para oferecer uma melhor experi\u00eancia aos utilizadores no nosso s\u00edtio Web <a href=\"https:\/\/www.glotomania.com\">www.glotomania.com<\/a>. Esta pol\u00edtica de cookies explica o que s\u00e3o cookies, como as utilizamos e como podes gerir as tuas prefer\u00eancias. <\/p>\n\n    <h2>1. O que s\u00e3o Cookies?<\/h2>\n    <p>As cookies s\u00e3o pequenos ficheiros de texto que s\u00e3o armazenados no teu dispositivo (computador, smartphone, tablet) quando visitas um s\u00edtio Web. Permitem que o s\u00edtio Web se lembre das tuas a\u00e7\u00f5es e prefer\u00eancias (como in\u00edcio de sess\u00e3o, idioma, tamanho de letra e outras prefer\u00eancias de visualiza\u00e7\u00e3o) durante um per\u00edodo de tempo, para que n\u00e3o tenhas de as configurar novamente cada vez que regressas ao s\u00edtio ou navegas de uma p\u00e1gina para outra. <\/p>\n\n    <h2>2. Tipos de Cookies que Utilizamos<\/h2>\n    <p>No nosso s\u00edtio Web utilizamos diferentes tipos de cookies para diversas finalidades:<\/p>\n    <ul>\n        <li><strong>Cookies Essenciais:<\/strong> S\u00e3o necess\u00e1rias para que o s\u00edtio Web funcione e n\u00e3o podem ser desativadas nos nossos sistemas. Normalmente s\u00e3o configuradas apenas em resposta a a\u00e7\u00f5es realizadas por ti que equivalem a uma solicita\u00e7\u00e3o de servi\u00e7os, como configurar as tuas prefer\u00eancias de privacidade, iniciar sess\u00e3o ou preencher formul\u00e1rios. <\/li>\n        <li><strong>Cookies de Desempenho:<\/strong> Permitem-nos contar as visitas e fontes de tr\u00e1fego para que possamos medir e melhorar o desempenho do nosso s\u00edtio. Ajudam-nos a saber quais p\u00e1ginas s\u00e3o as mais e menos populares e a ver como os visitantes se movem pelo s\u00edtio. <\/li>\n        <li><strong>Cookies de Funcionalidade:<\/strong> Permitem que o s\u00edtio Web forne\u00e7a uma funcionalidade melhorada e personaliza\u00e7\u00e3o. Podem ser estabelecidas por n\u00f3s ou por fornecedores externos cujos servi\u00e7os adicion\u00e1mos \u00e0s nossas p\u00e1ginas. <\/li>\n        <li><strong>Cookies de Publicidade e Segmenta\u00e7\u00e3o:<\/strong> Estas cookies podem ser estabelecidas atrav\u00e9s do nosso s\u00edtio pelos nossos parceiros publicit\u00e1rios. Podem ser utilizadas por essas empresas para construir um perfil dos teus interesses e mostrar-te an\u00fancios relevantes noutros s\u00edtios. <\/li>\n    <\/ul>\n\n    <h2>3. Cookies de Terceiros<\/h2>\n    <p>Utilizamos servi\u00e7os de terceiros que podem estabelecer cookies no teu dispositivo. Isto inclui: <\/p>\n    <ul>\n        <li><strong>Google Analytics:<\/strong> Utilizamos o Google Analytics para analisar como os utilizadores usam o nosso s\u00edtio Web. Esta ferramenta usa cookies para recolher informa\u00e7\u00e3o padr\u00e3o de registo na Internet e dados sobre o comportamento dos visitantes de forma an\u00f3nima. A informa\u00e7\u00e3o gerada pela cookie sobre o teu uso do s\u00edtio Web \u00e9 transmitida \u00e0 Google e armazenada em servidores nos Estados Unidos. Para mais informa\u00e7\u00f5es, podes visitar a <a href=\"https:\/\/policies.google.com\/privacy\" target=\"_blank\" rel=\"noopener nofollow\">p\u00e1gina de privacidade da Google<\/a>.   <\/li>\n        <li><strong>P\u00edxel do Facebook:<\/strong> Usamos o p\u00edxel do Facebook para rastrear a efic\u00e1cia das nossas campanhas publicit\u00e1rias no Facebook. O p\u00edxel do Facebook recolhe informa\u00e7\u00e3o sobre o teu comportamento no nosso s\u00edtio depois de interagires com os nossos an\u00fancios. Para mais detalhes, consulta a <a href=\"https:\/\/www.facebook.com\/policy.php\" target=\"_blank\" rel=\"noopener nofollow\">Pol\u00edtica de Dados do Facebook<\/a>.  <\/li>\n    <\/ul>\n\n    <h2>4. Como Gerir as Cookies<\/h2>\n    <p>Ao visitares o nosso s\u00edtio pela primeira vez, mostramos-te uma faixa de consentimento de cookies que te permite aceitar ou recusar as cookies n\u00e3o essenciais. Podes alterar as tuas prefer\u00eancias de cookies a qualquer momento atrav\u00e9s da configura\u00e7\u00e3o do teu navegador. <\/p>\n    <p>A maioria dos navegadores Web permite algum controlo da maioria das cookies atrav\u00e9s da configura\u00e7\u00e3o do navegador. Para obteres mais informa\u00e7\u00f5es sobre cookies, incluindo como ver que cookies foram estabelecidas e como geri-las e elimin\u00e1-las, visita <a href=\"https:\/\/www.aboutcookies.org\" target=\"_blank\" rel=\"noopener nofollow\">www.aboutcookies.org<\/a> ou <a href=\"https:\/\/www.allaboutcookies.org\" target=\"_blank\" rel=\"noopener nofollow\">www.allaboutcookies.org<\/a>. <\/p>\n    <p>Para obteres mais informa\u00e7\u00f5es sobre como gerir as cookies nos navegadores mais populares, podes visitar as seguintes liga\u00e7\u00f5es:<\/p>\n    <ul>\n        <li><a href=\"https:\/\/support.google.com\/chrome\/answer\/95647?hl=es\" target=\"_blank\" rel=\"noopener nofollow\">Google Chrome<\/a><\/li>\n        <li><a href=\"https:\/\/support.mozilla.org\/es\/kb\/habilitar-y-deshabilitar-cookies-sitios-web-rastrear-preferencias\" target=\"_blank\" rel=\"noopener nofollow\">Mozilla Firefox<\/a><\/li>\n        <li><a href=\"https:\/\/support.microsoft.com\/es-es\/help\/17442\/windows-internet-explorer-delete-manage-cookies\" target=\"_blank\" rel=\"noopener nofollow\">Internet Explorer<\/a><\/li>\n        <li><a href=\"https:\/\/support.apple.com\/es-es\/guide\/safari\/sfri11471\/mac\" target=\"_blank\" rel=\"noopener nofollow\">Safari<\/a><\/li>\n        <li><a href=\"https:\/\/support.microsoft.com\/es-es\/help\/4027947\/windows-delete-cookies\" target=\"_blank\" rel=\"noopener nofollow\">Microsoft Edge<\/a><\/li>\n    <\/ul>\n\n    <h2>5. Altera\u00e7\u00f5es na Pol\u00edtica de Cookies<\/h2>\n    <p>Podemos atualizar esta pol\u00edtica de cookies ocasionalmente para refletir altera\u00e7\u00f5es nas nossas pr\u00e1ticas ou por outros motivos operacionais, legais ou regulamentares. Notificar-te-emos de qualquer altera\u00e7\u00e3o publicando a nova pol\u00edtica no nosso s\u00edtio Web. Recomendamos que revejas esta pol\u00edtica periodicamente para estares informado sobre como usamos as cookies.<\/p>\n\n    <h2>6. Contacto<\/h2>\n    <p>Se tiveres alguma pergunta sobre a nossa pol\u00edtica de cookies, n\u00e3o hesites em contactar-nos:<\/p>\n    <p><strong>Glotomania S.L.<\/strong><br\/> Plaza Fuensanta 2 EDIFICIO HISPANIA LOCAL 4 C. 30008, Murcia (Murcia). GLOTOMANIA SL\n     \n       <strong>Correio Eletr\u00f3nico:<\/strong> <a href=\"mailto:problemas@glotomania.com\">problemas@glotomania.com<\/a><\/p>\n\n    <p>\u00a9 2025 Glotomania S.L. Todos os direitos reservados.<\/p>\n","protected":false},"excerpt":{"rendered":"<p>Pol\u00edtica de Cookies Na Glotomania S.L., com NIF B54275409 e sede na Plaza Fuensanta 2 EDIFICIO HISPANIA LOCAL 4 C. 30008, Murcia (Murcia). A GLOTOMANIA SL utiliza cookies e tecnologias semelhantes para oferecer uma melhor experi\u00eancia aos utilizadores no nosso s\u00edtio Web www.glotomania.com. Esta pol\u00edtica de cookies explica o que s\u00e3o cookies, como as utilizamos [&hellip;]<\/p>\n","protected":false},"author":1,"featured_media":0,"parent":0,"menu_order":0,"comment_status":"closed","ping_status":"closed","template":"","meta":{"_acf_changed":false,"footnotes":""},"class_list":["post-394631","page","type-page","status-publish","hentry"],"acf":[],"_links":{"self":[{"href":"https:\/\/glotomania.com\/pt-pt\/wp-json\/wp\/v2\/pages\/394631","targetHints":{"allow":["GET"]}}],"collection":[{"href":"https:\/\/glotomania.com\/pt-pt\/wp-json\/wp\/v2\/pages"}],"about":[{"href":"https:\/\/glotomania.com\/pt-pt\/wp-json\/wp\/v2\/types\/page"}],"author":[{"embeddable":true,"href":"https:\/\/glotomania.com\/pt-pt\/wp-json\/wp\/v2\/users\/1"}],"replies":[{"embeddable":true,"href":"https:\/\/glotomania.com\/pt-pt\/wp-json\/wp\/v2\/comments?post=394631"}],"version-history":[{"count":1,"href":"https:\/\/glotomania.com\/pt-pt\/wp-json\/wp\/v2\/pages\/394631\/revisions"}],"predecessor-version":[{"id":394632,"href":"https:\/\/glotomania.com\/pt-pt\/wp-json\/wp\/v2\/pages\/394631\/revisions\/394632"}],"wp:attachment":[{"href":"https:\/\/glotomania.com\/pt-pt\/wp-json\/wp\/v2\/media?parent=394631"}],"curies":[{"name":"wp","href":"https:\/\/api.w.org\/{rel}","templated":true}]}}