{"id":394635,"date":"2022-09-16T08:39:34","date_gmt":"2022-09-16T08:39:34","guid":{"rendered":"https:\/\/glotomania.com\/politica-de-privacidade\/"},"modified":"2026-04-17T12:26:15","modified_gmt":"2026-04-17T12:26:15","slug":"politica-de-privacidade","status":"publish","type":"page","link":"https:\/\/glotomania.com\/pt-pt\/politica-de-privacidade\/","title":{"rendered":"Pol\u00edtica de Privacidade"},"content":{"rendered":"\n<h2>1. Introdu\u00e7\u00e3o<\/h2>\n    <p>Bem-vindo a Glotomania.com. Na Glotomania, Plaza Fuensanta 2 EDIFICIO HISPANIA LOCAL 4 C. 30008, Murcia (Murcia). A GLOTOMANIA SL valoriza a tua privacidade e compromete-se a proteger a tua informa\u00e7\u00e3o pessoal. Esta pol\u00edtica de privacidade descreve como recolhemos, usamos e partilhamos a tua informa\u00e7\u00e3o quando visitas o nosso s\u00edtio Web.   <\/p>\n    <p>Se tiveres alguma quest\u00e3o ou preocupa\u00e7\u00e3o sobre a nossa pol\u00edtica de privacidade, podes contactar-nos em <a href=\"mailto:problemas@glotomania.com\">problemas@glotomania.com<\/a>.<\/p>\n\n    <h2>2. Informa\u00e7\u00e3o que Recolhemos<\/h2>\n    <p><strong>Dados Pessoais:<\/strong> Recolhemos informa\u00e7\u00e3o pessoal que nos forneces voluntariamente, como o teu nome e endere\u00e7o de e-mail, quando subscreves a nossa newsletter ou nos contactas.<\/p>\n    <p><strong>Dados de Navega\u00e7\u00e3o:<\/strong> Recolhemos automaticamente informa\u00e7\u00e3o sobre o teu dispositivo e como interages com o nosso s\u00edtio, como o teu endere\u00e7o IP, tipo de navegador e as p\u00e1ginas que visitas.<\/p>\n\n    <h2>3. Uso do Google Analytics<\/h2>\n    <p>Usamos o Google Analytics para compreender como os visitantes utilizam o nosso s\u00edtio Web. O Google Analytics recolhe dados como o teu comportamento no s\u00edtio, as p\u00e1ginas que visitas e o tempo que passas nelas. Esta informa\u00e7\u00e3o ajuda-nos a melhorar o nosso conte\u00fado e a experi\u00eancia do utilizador.  <\/p>\n    <p>Para mais informa\u00e7\u00e3o sobre como o Google Analytics recolhe e processa dados, visita a <a href=\"https:\/\/policies.google.com\/privacy\" target=\"_blank\" rel=\"noopener nofollow\">p\u00e1gina de privacidade do Google<\/a>.<\/p>\n    <p>Podes optar por n\u00e3o ser rastreado pelo Google Analytics instalando o <a href=\"https:\/\/tools.google.com\/dlpage\/gaoptout\" target=\"_blank\" rel=\"noopener nofollow\">complemento de navegador de desativa\u00e7\u00e3o do Google Analytics<\/a>.<\/p>\n\n    <h2>4. Uso do Pixel do Facebook<\/h2>\n    <p>Usamos o pixel do Facebook para medir a efic\u00e1cia da nossa publicidade e para entender as a\u00e7\u00f5es que realizas no nosso s\u00edtio depois de veres os nossos an\u00fancios no Facebook. O pixel do Facebook pode recolher informa\u00e7\u00e3o sobre a tua visita ao nosso s\u00edtio, como as p\u00e1ginas que visitas e as a\u00e7\u00f5es que realizas. <\/p>\n    <p>Para mais informa\u00e7\u00e3o sobre como o Facebook recolhe e utiliza dados, visita a <a href=\"https:\/\/www.facebook.com\/policy.php\" target=\"_blank\" rel=\"noopener nofollow\">Pol\u00edtica de Dados do Facebook<\/a>.<\/p>\n    <p>Podes gerir as tuas prefer\u00eancias de an\u00fancios do Facebook em <a href=\"https:\/\/www.facebook.com\/ads\/preferences\" target=\"_blank\" rel=\"noopener nofollow\">Configura\u00e7\u00f5es de an\u00fancios do Facebook<\/a>.<\/p>\n\n    <h2>5. Cookies e Tecnologias Semelhantes<\/h2>\n    <p>Usamos cookies para melhorar a tua experi\u00eancia no nosso s\u00edtio Web. As cookies s\u00e3o pequenos ficheiros de texto que s\u00e3o armazenados no teu dispositivo quando visitas o nosso s\u00edtio. <\/p>\n    <p><strong>Tipos de Cookies Utilizadas:<\/strong><\/p>\n    <ul>\n        <li><strong>Cookies de Sess\u00e3o:<\/strong> S\u00e3o eliminadas quando fechas o teu navegador.<\/li>\n        <li><strong>Cookies Persistentes:<\/strong> Permanecem no teu dispositivo at\u00e9 que as elimines ou caduquem.<\/li>\n        <li><strong>Cookies de Terceiros:<\/strong> Utilizadas por servi\u00e7os como o Google Analytics e o pixel do Facebook para recolher dados de utiliza\u00e7\u00e3o.<\/li>\n    <\/ul>\n    <p>Podes gerir as cookies atrav\u00e9s das configura\u00e7\u00f5es do teu navegador ou atrav\u00e9s de ferramentas de gest\u00e3o de consentimento.<\/p>\n\n    <h2>6. Uso e Partilha de Informa\u00e7\u00e3o<\/h2>\n    <p>Utilizamos a informa\u00e7\u00e3o recolhida para fornecer, melhorar e personalizar os nossos servi\u00e7os. Isto inclui a an\u00e1lise de como os utilizadores interagem com o nosso s\u00edtio Web e a personaliza\u00e7\u00e3o de conte\u00fado e an\u00fancios. <\/p>\n    <p>Podemos partilhar a tua informa\u00e7\u00e3o com terceiros, como fornecedores de servi\u00e7os de an\u00e1lise e parceiros publicit\u00e1rios, apenas para os fins descritos nesta pol\u00edtica.<\/p>\n\n    <h2>7. Seguran\u00e7a da Informa\u00e7\u00e3o<\/h2>\n    <p>Tomamos medidas razo\u00e1veis para proteger a informa\u00e7\u00e3o pessoal dos nossos utilizadores. No entanto, n\u00e3o podemos garantir a seguran\u00e7a absoluta da informa\u00e7\u00e3o transmitida atrav\u00e9s da Internet. <\/p>\n\n    <h2>8. Direitos dos Utilizadores<\/h2>\n    <p>Tens direito a aceder \u00e0 tua informa\u00e7\u00e3o pessoal e a solicitar a sua corre\u00e7\u00e3o ou elimina\u00e7\u00e3o. Tamb\u00e9m podes opor-te ao processamento dos teus dados pessoais em certas circunst\u00e2ncias. <\/p>\n    <p>Para exercer estes direitos, contacta-nos em <a href=\"mailto:problemas@glotomania.com\">problemas@glotomania.com<\/a>.<\/p>\n\n    <h2>9. Altera\u00e7\u00f5es na Pol\u00edtica de Privacidade<\/h2>\n    <p>Reservamo-nos o direito de atualizar esta pol\u00edtica de privacidade a qualquer momento. Notificar-te-emos sobre qualquer altera\u00e7\u00e3o significativa atrav\u00e9s da publica\u00e7\u00e3o da nova pol\u00edtica no nosso s\u00edtio Web. <\/p>\n    <p>Esta pol\u00edtica de privacidade foi atualizada pela \u00faltima vez em [19\/06\/2024].<\/p>\n\n    <h2>10. Contacto<\/h2>\n    <p>Se tiveres quest\u00f5es ou preocupa\u00e7\u00f5es sobre a nossa pol\u00edtica de privacidade, n\u00e3o hesites em contactar-nos em:<\/p>\n    <p><strong>Correio Eletr\u00f3nico:<\/strong> <a href=\"mailto:problemas@glotomania.com\">problemas@glotomania.com<\/a><\/p>\n\n    <p>\u00a9 2025 Glotomania.com. Todos os direitos reservados. <\/p>\n\n<p><\/p>\n","protected":false},"excerpt":{"rendered":"<p>1. Introdu\u00e7\u00e3o Bem-vindo a Glotomania.com. Na Glotomania, Plaza Fuensanta 2 EDIFICIO HISPANIA LOCAL 4 C. 30008, Murcia (Murcia). A GLOTOMANIA SL valoriza a tua privacidade e compromete-se a proteger a tua informa\u00e7\u00e3o pessoal. Esta pol\u00edtica de privacidade descreve como recolhemos, usamos e partilhamos a tua informa\u00e7\u00e3o quando visitas o nosso s\u00edtio Web. Se tiveres alguma [&hellip;]<\/p>\n","protected":false},"author":1,"featured_media":0,"parent":0,"menu_order":0,"comment_status":"closed","ping_status":"closed","template":"","meta":{"_acf_changed":false,"footnotes":""},"class_list":["post-394635","page","type-page","status-publish","hentry"],"acf":[],"_links":{"self":[{"href":"https:\/\/glotomania.com\/pt-pt\/wp-json\/wp\/v2\/pages\/394635","targetHints":{"allow":["GET"]}}],"collection":[{"href":"https:\/\/glotomania.com\/pt-pt\/wp-json\/wp\/v2\/pages"}],"about":[{"href":"https:\/\/glotomania.com\/pt-pt\/wp-json\/wp\/v2\/types\/page"}],"author":[{"embeddable":true,"href":"https:\/\/glotomania.com\/pt-pt\/wp-json\/wp\/v2\/users\/1"}],"replies":[{"embeddable":true,"href":"https:\/\/glotomania.com\/pt-pt\/wp-json\/wp\/v2\/comments?post=394635"}],"version-history":[{"count":1,"href":"https:\/\/glotomania.com\/pt-pt\/wp-json\/wp\/v2\/pages\/394635\/revisions"}],"predecessor-version":[{"id":394636,"href":"https:\/\/glotomania.com\/pt-pt\/wp-json\/wp\/v2\/pages\/394635\/revisions\/394636"}],"wp:attachment":[{"href":"https:\/\/glotomania.com\/pt-pt\/wp-json\/wp\/v2\/media?parent=394635"}],"curies":[{"name":"wp","href":"https:\/\/api.w.org\/{rel}","templated":true}]}}