{"id":386771,"date":"2025-09-02T10:15:15","date_gmt":"2025-09-02T10:15:15","guid":{"rendered":"https:\/\/glotomania.com\/p\/glucosa-chefdelice-300-g-2\/"},"modified":"2026-04-23T07:34:04","modified_gmt":"2026-04-23T07:34:04","slug":"glucosa-chefdelice-300-g-2","status":"publish","type":"product","link":"https:\/\/glotomania.com\/pt-pt\/p\/glucosa-chefdelice-300-g-2\/","title":{"rendered":"Glicose L\u00cdquida 300 G"},"content":{"rendered":"<div style=\"margin: 0px;font-size: 14px;line-height: normal;font-family: Helvetica\">&nbsp;<\/div>\n<div style=\"margin: 0px;font-size: 14px;line-height: normal;font-family: Helvetica\">&nbsp;<\/div>\n","protected":false},"excerpt":{"rendered":"<p>Glicose l\u00edquida para massa criativa,  especialmente indicada para a prepara\u00e7\u00e3o de pasta de a\u00e7\u00facar.<\/p>\n","protected":false},"featured_media":37382,"comment_status":"open","ping_status":"closed","template":"","meta":{"_acf_changed":false},"pwb-brand":[],"product_brand":[],"product_cat":[3018,3034,1844,1961],"product_tag":[],"class_list":{"0":"post-386771","1":"product","2":"type-product","3":"status-publish","4":"has-post-thumbnail","6":"product_cat-ingredientes-de-pastelaria-2","7":"product_cat-ingredientes-tecnicos-2","8":"product_cat-ingredientes-reposteria","9":"product_cat-ingredientes-tecnicos","11":"first","12":"instock","13":"taxable","14":"shipping-taxable","15":"purchasable","16":"product-type-simple"},"acf":[],"df_price":3.85,"df_sale_price":"","df_regular_price":3.85,"df_image_link":"https:\/\/glotomania.com\/wp-content\/uploads\/2023\/07\/img_9763_75a76e482ec7e606a7207faf2c842a2c_1-300x300.png","brands":[],"_links":{"self":[{"href":"https:\/\/glotomania.com\/pt-pt\/wp-json\/wp\/v2\/product\/386771","targetHints":{"allow":["GET"]}}],"collection":[{"href":"https:\/\/glotomania.com\/pt-pt\/wp-json\/wp\/v2\/product"}],"about":[{"href":"https:\/\/glotomania.com\/pt-pt\/wp-json\/wp\/v2\/types\/product"}],"replies":[{"embeddable":true,"href":"https:\/\/glotomania.com\/pt-pt\/wp-json\/wp\/v2\/comments?post=386771"}],"wp:featuredmedia":[{"embeddable":true,"href":"https:\/\/glotomania.com\/pt-pt\/wp-json\/wp\/v2\/media\/37382"}],"wp:attachment":[{"href":"https:\/\/glotomania.com\/pt-pt\/wp-json\/wp\/v2\/media?parent=386771"}],"wp:term":[{"taxonomy":"pwb-brand","embeddable":true,"href":"https:\/\/glotomania.com\/pt-pt\/wp-json\/wp\/v2\/pwb-brand?post=386771"},{"taxonomy":"product_brand","embeddable":true,"href":"https:\/\/glotomania.com\/pt-pt\/wp-json\/wp\/v2\/product_brand?post=386771"},{"taxonomy":"product_cat","embeddable":true,"href":"https:\/\/glotomania.com\/pt-pt\/wp-json\/wp\/v2\/product_cat?post=386771"},{"taxonomy":"product_tag","embeddable":true,"href":"https:\/\/glotomania.com\/pt-pt\/wp-json\/wp\/v2\/product_tag?post=386771"}],"curies":[{"name":"wp","href":"https:\/\/api.w.org\/{rel}","templated":true}]}}