{"id":386775,"date":"2025-09-02T10:15:17","date_gmt":"2025-09-02T10:15:17","guid":{"rendered":"https:\/\/glotomania.com\/p\/cremor-tartaro-chefdelice-40-g-2\/"},"modified":"2026-04-21T21:26:46","modified_gmt":"2026-04-21T21:26:46","slug":"cremor-tartaro-chefdelice-40-g-2","status":"publish","type":"product","link":"https:\/\/glotomania.com\/pt-pt\/p\/cremor-tartaro-chefdelice-40-g-2\/","title":{"rendered":"Creme T\u00c1rtaro 40 G"},"content":{"rendered":"<p>&nbsp;<\/p>\n<p><span style=\"font-size:14px\">O creme t&aacute;rt<\/span>PASTKOLOR, PROFISSIONAL, INGREDIENTES, PADARIA, CAKE DESIGNER, FONDANT, SUGAR PASTE, PREPARA&Ccedil;&Otilde;ES, RECEITAS, SUCOS, CHEFDELICE, BOLOS,<span style=\"font-size:14px\">aro ou tartarato de &aacute;cido de pot&aacute;ssio &eacute; um agente usado para<strong> aumentar o volume<\/strong> de massa, prevenir a <strong>cristaliza&ccedil;&atilde;o <\/strong>do a&ccedil;&uacute;car e <strong>estabilizar as claras.<\/strong><\/span><\/p>\n","protected":false},"excerpt":{"rendered":"<p>Creme t\u00e1rtaro para confeitaria criativa, usado para aumentar o volume de massa, prevenir a cristaliza\u00e7\u00e3o do a\u00e7\u00facar e estabilizar as claras.<\/p>\n","protected":false},"featured_media":37386,"comment_status":"open","ping_status":"closed","template":"","meta":{"_acf_changed":false},"pwb-brand":[],"product_brand":[],"product_cat":[3020,1959,3018,1844],"product_tag":[],"class_list":{"0":"post-386775","1":"product","2":"type-product","3":"status-publish","4":"has-post-thumbnail","6":"product_cat-aditivos-e-melhoradores","7":"product_cat-aditivos","8":"product_cat-ingredientes-de-pastelaria-2","9":"product_cat-ingredientes-reposteria","11":"first","12":"instock","13":"taxable","14":"shipping-taxable","15":"purchasable","16":"product-type-simple"},"acf":[],"df_price":3.95,"df_sale_price":"","df_regular_price":3.95,"df_image_link":"https:\/\/glotomania.com\/wp-content\/uploads\/2022\/09\/img_9767_7a8ba8b0a2ffa7de42dfa0edb8573193_1-300x300.png","brands":[],"_links":{"self":[{"href":"https:\/\/glotomania.com\/pt-pt\/wp-json\/wp\/v2\/product\/386775","targetHints":{"allow":["GET"]}}],"collection":[{"href":"https:\/\/glotomania.com\/pt-pt\/wp-json\/wp\/v2\/product"}],"about":[{"href":"https:\/\/glotomania.com\/pt-pt\/wp-json\/wp\/v2\/types\/product"}],"replies":[{"embeddable":true,"href":"https:\/\/glotomania.com\/pt-pt\/wp-json\/wp\/v2\/comments?post=386775"}],"wp:featuredmedia":[{"embeddable":true,"href":"https:\/\/glotomania.com\/pt-pt\/wp-json\/wp\/v2\/media\/37386"}],"wp:attachment":[{"href":"https:\/\/glotomania.com\/pt-pt\/wp-json\/wp\/v2\/media?parent=386775"}],"wp:term":[{"taxonomy":"pwb-brand","embeddable":true,"href":"https:\/\/glotomania.com\/pt-pt\/wp-json\/wp\/v2\/pwb-brand?post=386775"},{"taxonomy":"product_brand","embeddable":true,"href":"https:\/\/glotomania.com\/pt-pt\/wp-json\/wp\/v2\/product_brand?post=386775"},{"taxonomy":"product_cat","embeddable":true,"href":"https:\/\/glotomania.com\/pt-pt\/wp-json\/wp\/v2\/product_cat?post=386775"},{"taxonomy":"product_tag","embeddable":true,"href":"https:\/\/glotomania.com\/pt-pt\/wp-json\/wp\/v2\/product_tag?post=386775"}],"curies":[{"name":"wp","href":"https:\/\/api.w.org\/{rel}","templated":true}]}}