{"id":386776,"date":"2025-09-02T10:15:17","date_gmt":"2025-09-02T10:15:17","guid":{"rendered":"https:\/\/glotomania.com\/p\/cmc-chefdelice-30-g-2\/"},"modified":"2026-04-13T22:39:01","modified_gmt":"2026-04-13T22:39:01","slug":"cmc-chefdelice-30-g-2","status":"publish","type":"product","link":"https:\/\/glotomania.com\/pt-pt\/p\/cmc-chefdelice-30-g-2\/","title":{"rendered":"Cmc 30 G"},"content":{"rendered":"<p style=\"margin: 0px;font-size: 14px;line-height: normal;font-family: Helvetica;min-height: 17px\">&nbsp;<\/p>\n<p style=\"margin: 0px;font-size: 14px;line-height: normal;font-family: Helvetica\">&nbsp;<\/p>\n","protected":false},"excerpt":{"rendered":"<p>Carboximetilcelulose especialmente indicada para a prepara\u00e7\u00e3o de pasta de a\u00e7\u00facar.<\/p>\n","protected":false},"featured_media":37387,"comment_status":"open","ping_status":"closed","template":"","meta":{"_acf_changed":false},"pwb-brand":[],"product_brand":[],"product_cat":[3020,3018,1959,1844],"product_tag":[],"class_list":{"0":"post-386776","1":"product","2":"type-product","3":"status-publish","4":"has-post-thumbnail","6":"product_cat-aditivos-e-melhoradores","7":"product_cat-ingredientes-de-pastelaria-2","8":"product_cat-aditivos","9":"product_cat-ingredientes-reposteria","11":"first","12":"instock","13":"taxable","14":"shipping-taxable","15":"purchasable","16":"product-type-simple"},"acf":[],"df_price":3.15,"df_sale_price":"","df_regular_price":3.15,"df_image_link":"https:\/\/glotomania.com\/wp-content\/uploads\/2022\/09\/img_9768_5bd159eccf7b53031de5b58c0edefaf7_1-300x300.png","brands":[],"_links":{"self":[{"href":"https:\/\/glotomania.com\/pt-pt\/wp-json\/wp\/v2\/product\/386776","targetHints":{"allow":["GET"]}}],"collection":[{"href":"https:\/\/glotomania.com\/pt-pt\/wp-json\/wp\/v2\/product"}],"about":[{"href":"https:\/\/glotomania.com\/pt-pt\/wp-json\/wp\/v2\/types\/product"}],"replies":[{"embeddable":true,"href":"https:\/\/glotomania.com\/pt-pt\/wp-json\/wp\/v2\/comments?post=386776"}],"wp:featuredmedia":[{"embeddable":true,"href":"https:\/\/glotomania.com\/pt-pt\/wp-json\/wp\/v2\/media\/37387"}],"wp:attachment":[{"href":"https:\/\/glotomania.com\/pt-pt\/wp-json\/wp\/v2\/media?parent=386776"}],"wp:term":[{"taxonomy":"pwb-brand","embeddable":true,"href":"https:\/\/glotomania.com\/pt-pt\/wp-json\/wp\/v2\/pwb-brand?post=386776"},{"taxonomy":"product_brand","embeddable":true,"href":"https:\/\/glotomania.com\/pt-pt\/wp-json\/wp\/v2\/product_brand?post=386776"},{"taxonomy":"product_cat","embeddable":true,"href":"https:\/\/glotomania.com\/pt-pt\/wp-json\/wp\/v2\/product_cat?post=386776"},{"taxonomy":"product_tag","embeddable":true,"href":"https:\/\/glotomania.com\/pt-pt\/wp-json\/wp\/v2\/product_tag?post=386776"}],"curies":[{"name":"wp","href":"https:\/\/api.w.org\/{rel}","templated":true}]}}