{"id":386778,"date":"2025-09-02T10:15:18","date_gmt":"2025-09-02T10:15:18","guid":{"rendered":"https:\/\/glotomania.com\/p\/pegamento-liquido-chefdelice-50-g-2\/"},"modified":"2026-04-24T12:42:56","modified_gmt":"2026-04-24T12:42:56","slug":"pegamento-liquido-chefdelice-50-g-2","status":"publish","type":"product","link":"https:\/\/glotomania.com\/pt-pt\/p\/pegamento-liquido-chefdelice-50-g-2\/","title":{"rendered":"Cola Liquida 50 G"},"content":{"rendered":"<p>&nbsp;<\/p>\n<p><span style=\"font-size:14px\">S&oacute; &eacute; necess&aacute;rio verter algumas gotas em uma tigela, escovar com uma escova as pe&ccedil;as a serem coladas, segurar levemente pressionado entre 10 e 30 segundos, dependendo do peso das pe&ccedil;as e depois deixar secar.<\/span><\/p>\n<p>&nbsp;<\/p>\n","protected":false},"excerpt":{"rendered":"<p>Ideal para colar figuras de fondant, papel comest\u00edvel, ma\u00e7ap\u00e3o, etc.<\/p>\n","protected":false},"featured_media":37414,"comment_status":"open","ping_status":"closed","template":"","meta":{"_acf_changed":false},"pwb-brand":[],"product_brand":[],"product_cat":[3038,1853],"product_tag":[],"class_list":{"0":"post-386778","1":"product","2":"type-product","3":"status-publish","4":"has-post-thumbnail","6":"product_cat-cola-comestivel-2","7":"product_cat-pegamento-comestible","9":"first","10":"instock","11":"taxable","12":"shipping-taxable","13":"purchasable","14":"product-type-simple"},"acf":[],"df_price":2.8,"df_sale_price":"","df_regular_price":2.8,"df_image_link":"https:\/\/glotomania.com\/wp-content\/uploads\/2022\/09\/img_9771_e6d7e73c488bb59e52d172189ec4d16b_1-300x300.png","brands":[],"_links":{"self":[{"href":"https:\/\/glotomania.com\/pt-pt\/wp-json\/wp\/v2\/product\/386778","targetHints":{"allow":["GET"]}}],"collection":[{"href":"https:\/\/glotomania.com\/pt-pt\/wp-json\/wp\/v2\/product"}],"about":[{"href":"https:\/\/glotomania.com\/pt-pt\/wp-json\/wp\/v2\/types\/product"}],"replies":[{"embeddable":true,"href":"https:\/\/glotomania.com\/pt-pt\/wp-json\/wp\/v2\/comments?post=386778"}],"wp:featuredmedia":[{"embeddable":true,"href":"https:\/\/glotomania.com\/pt-pt\/wp-json\/wp\/v2\/media\/37414"}],"wp:attachment":[{"href":"https:\/\/glotomania.com\/pt-pt\/wp-json\/wp\/v2\/media?parent=386778"}],"wp:term":[{"taxonomy":"pwb-brand","embeddable":true,"href":"https:\/\/glotomania.com\/pt-pt\/wp-json\/wp\/v2\/pwb-brand?post=386778"},{"taxonomy":"product_brand","embeddable":true,"href":"https:\/\/glotomania.com\/pt-pt\/wp-json\/wp\/v2\/product_brand?post=386778"},{"taxonomy":"product_cat","embeddable":true,"href":"https:\/\/glotomania.com\/pt-pt\/wp-json\/wp\/v2\/product_cat?post=386778"},{"taxonomy":"product_tag","embeddable":true,"href":"https:\/\/glotomania.com\/pt-pt\/wp-json\/wp\/v2\/product_tag?post=386778"}],"curies":[{"name":"wp","href":"https:\/\/api.w.org\/{rel}","templated":true}]}}