{"id":386782,"date":"2025-09-02T10:15:19","date_gmt":"2025-09-02T10:15:19","guid":{"rendered":"https:\/\/glotomania.com\/p\/vainillina-en-polvo-chefdelice-25-g-2\/"},"modified":"2026-03-10T12:02:41","modified_gmt":"2026-03-10T12:02:41","slug":"vainillina-en-polvo-chefdelice-25-g-2","status":"publish","type":"product","link":"https:\/\/glotomania.com\/pt-pt\/p\/vainillina-en-polvo-chefdelice-25-g-2\/","title":{"rendered":"Vainilina Em P\u00d3 25 G"},"content":{"rendered":"<p>&nbsp;<\/p>\n<p><span style=\"font-size:14px\">A vanilina &eacute; o <strong>principal&nbsp;ativo da baunilha<\/strong>, que, juntamente com outras 200 mol&eacute;culas arom&aacute;ticas, fornece o sabor caracter&iacute;stico da baunilha.<\/span><\/p>\n<p><span style=\"font-size:14px\">&Eacute; um dos aromas mais usados &#8203;&#8203;no mundo, pois apesar de ser um aroma de s&iacute;ntese, &eacute; um aroma id&ecirc;ntico &agrave; mol&eacute;cula natural presente na baunilha, proporcionando um aroma nas prepara&ccedil;&otilde;es id&ecirc;ntico ao da baunilha natural, por&eacute;m mais acess&iacute;vel.<\/span><\/p>\n<p><strong style=\"font-size: 14px\">Dose recomendada:<\/strong><span style=\"font-size:14px\">&nbsp;entre 0,5 e 1 grama por kg de massa.<\/span><\/p>\n<p>&nbsp;<\/p>\n","protected":false},"excerpt":{"rendered":"<p>Princ\u00edpio activo da baunilha, proporcionando um aroma id\u00eantico ao da baunilha natural nas nossas cria\u00e7\u00f5es, mas mais acess\u00edvel.<\/p>\n","protected":false},"featured_media":37389,"comment_status":"open","ping_status":"closed","template":"","meta":{"_acf_changed":false},"pwb-brand":[],"product_brand":[],"product_cat":[3018,1844],"product_tag":[],"class_list":{"0":"post-386782","1":"product","2":"type-product","3":"status-publish","4":"has-post-thumbnail","6":"product_cat-ingredientes-de-pastelaria-2","7":"product_cat-ingredientes-reposteria","9":"first","10":"instock","11":"taxable","12":"shipping-taxable","13":"purchasable","14":"product-type-simple"},"acf":[],"df_price":3.95,"df_sale_price":"","df_regular_price":3.95,"df_image_link":"https:\/\/glotomania.com\/wp-content\/uploads\/2023\/07\/img_9774_7d43890603d9f9fe930895427ae62a90_1-300x300.png","brands":[],"_links":{"self":[{"href":"https:\/\/glotomania.com\/pt-pt\/wp-json\/wp\/v2\/product\/386782","targetHints":{"allow":["GET"]}}],"collection":[{"href":"https:\/\/glotomania.com\/pt-pt\/wp-json\/wp\/v2\/product"}],"about":[{"href":"https:\/\/glotomania.com\/pt-pt\/wp-json\/wp\/v2\/types\/product"}],"replies":[{"embeddable":true,"href":"https:\/\/glotomania.com\/pt-pt\/wp-json\/wp\/v2\/comments?post=386782"}],"wp:featuredmedia":[{"embeddable":true,"href":"https:\/\/glotomania.com\/pt-pt\/wp-json\/wp\/v2\/media\/37389"}],"wp:attachment":[{"href":"https:\/\/glotomania.com\/pt-pt\/wp-json\/wp\/v2\/media?parent=386782"}],"wp:term":[{"taxonomy":"pwb-brand","embeddable":true,"href":"https:\/\/glotomania.com\/pt-pt\/wp-json\/wp\/v2\/pwb-brand?post=386782"},{"taxonomy":"product_brand","embeddable":true,"href":"https:\/\/glotomania.com\/pt-pt\/wp-json\/wp\/v2\/product_brand?post=386782"},{"taxonomy":"product_cat","embeddable":true,"href":"https:\/\/glotomania.com\/pt-pt\/wp-json\/wp\/v2\/product_cat?post=386782"},{"taxonomy":"product_tag","embeddable":true,"href":"https:\/\/glotomania.com\/pt-pt\/wp-json\/wp\/v2\/product_tag?post=386782"}],"curies":[{"name":"wp","href":"https:\/\/api.w.org\/{rel}","templated":true}]}}