{"id":386801,"date":"2025-09-02T10:15:31","date_gmt":"2025-09-02T10:15:31","guid":{"rendered":"https:\/\/glotomania.com\/p\/set-velas-cumpleanos-culpitt-numero-5-2\/"},"modified":"2026-03-10T12:03:22","modified_gmt":"2026-03-10T12:03:22","slug":"set-velas-cumpleanos-culpitt-numero-5-2","status":"publish","type":"product","link":"https:\/\/glotomania.com\/pt-pt\/p\/set-velas-cumpleanos-culpitt-numero-5-2\/","title":{"rendered":"Conjunto De Velas De Anivers\u00c1rio Culpitt &#8211; N\u00damero 5"},"content":{"rendered":"<p>\n<span style=\"font-size: 14px\">Com uma base espessa para que possa ser pregado nas nossas elabora&ccedil;&otilde;es.<\/span><\/p>\n<p><span style=\"font-size: 14px\"><strong>Material:&nbsp;<\/strong>Parafina.<\/span><\/p>\n<p><span style=\"font-size: 14px\"><strong>Tamanho:<\/strong>&nbsp;7,5&nbsp;cm.&nbsp;<\/span><\/p>\n","protected":false},"excerpt":{"rendered":"<p>Conjunto de velas Culpitt em vermelho, ideal para dar um toque original \u00e0s nossas elabora\u00e7\u00f5es.<\/p>\n","protected":false},"featured_media":12635,"comment_status":"open","ping_status":"closed","template":"","meta":{"_acf_changed":false},"pwb-brand":[],"product_brand":[],"product_cat":[3200,3087,3210,3209,1792,1869,1767,1797,1795],"product_tag":[],"class_list":{"0":"post-386801","1":"product","2":"type-product","3":"status-publish","4":"has-post-thumbnail","6":"product_cat-decoracoes-nao-comestiveis","7":"product_cat-ordem-e-armazenamento","8":"product_cat-velas-de-numeros","9":"product_cat-velas-para-bolos","10":"product_cat-decoracion-no-comestible","11":"product_cat-ultimas-unidades","12":"product_cat-utensilios","13":"product_cat-velas-numeros","14":"product_cat-velas","16":"first","17":"instock","18":"taxable","19":"shipping-taxable","20":"purchasable","21":"product-type-simple"},"acf":[],"df_price":0.7,"df_sale_price":"","df_regular_price":0.7,"df_image_link":"https:\/\/glotomania.com\/wp-content\/uploads\/2022\/09\/img_13360_67200fa503cde49bff20aca9e5a73a4c_1-300x300.png","brands":[],"_links":{"self":[{"href":"https:\/\/glotomania.com\/pt-pt\/wp-json\/wp\/v2\/product\/386801","targetHints":{"allow":["GET"]}}],"collection":[{"href":"https:\/\/glotomania.com\/pt-pt\/wp-json\/wp\/v2\/product"}],"about":[{"href":"https:\/\/glotomania.com\/pt-pt\/wp-json\/wp\/v2\/types\/product"}],"replies":[{"embeddable":true,"href":"https:\/\/glotomania.com\/pt-pt\/wp-json\/wp\/v2\/comments?post=386801"}],"wp:featuredmedia":[{"embeddable":true,"href":"https:\/\/glotomania.com\/pt-pt\/wp-json\/wp\/v2\/media\/12635"}],"wp:attachment":[{"href":"https:\/\/glotomania.com\/pt-pt\/wp-json\/wp\/v2\/media?parent=386801"}],"wp:term":[{"taxonomy":"pwb-brand","embeddable":true,"href":"https:\/\/glotomania.com\/pt-pt\/wp-json\/wp\/v2\/pwb-brand?post=386801"},{"taxonomy":"product_brand","embeddable":true,"href":"https:\/\/glotomania.com\/pt-pt\/wp-json\/wp\/v2\/product_brand?post=386801"},{"taxonomy":"product_cat","embeddable":true,"href":"https:\/\/glotomania.com\/pt-pt\/wp-json\/wp\/v2\/product_cat?post=386801"},{"taxonomy":"product_tag","embeddable":true,"href":"https:\/\/glotomania.com\/pt-pt\/wp-json\/wp\/v2\/product_tag?post=386801"}],"curies":[{"name":"wp","href":"https:\/\/api.w.org\/{rel}","templated":true}]}}