{"id":386803,"date":"2025-09-02T10:15:31","date_gmt":"2025-09-02T10:15:31","guid":{"rendered":"https:\/\/glotomania.com\/p\/set-velas-cumpleanos-culpitt-numero-9-2\/"},"modified":"2026-04-25T00:24:34","modified_gmt":"2026-04-25T00:24:34","slug":"set-velas-cumpleanos-culpitt-numero-9-2","status":"publish","type":"product","link":"https:\/\/glotomania.com\/pt-pt\/p\/set-velas-cumpleanos-culpitt-numero-9-2\/","title":{"rendered":"Conjunto De Velas De Anivers\u00c1rio Culpitt &#8211; N\u00damero 9"},"content":{"rendered":"<p>\n<span style=\"font-size: 14px\">Com uma base espessa para que possa ser pregado nas nossas elabora&ccedil;&otilde;es.<\/span><\/p>\n<p><span style=\"font-size: 14px\"><strong>Material:&nbsp;<\/strong>Parafina.<\/span><\/p>\n<p><span style=\"font-size: 14px\"><strong>Tamanho:<\/strong>&nbsp;7,5&nbsp;cm.&nbsp;<\/span><\/p>\n","protected":false},"excerpt":{"rendered":"<p>Conjunto de velas Culpitt em amarelo, ideal para dar um toque original \u00e0s nossas elabora\u00e7\u00f5es.<\/p>\n","protected":false},"featured_media":12637,"comment_status":"open","ping_status":"closed","template":"","meta":{"_acf_changed":false},"pwb-brand":[],"product_brand":[],"product_cat":[3200,3087,3210,3209,1792,1869,1767,1797,1795],"product_tag":[],"class_list":{"0":"post-386803","1":"product","2":"type-product","3":"status-publish","4":"has-post-thumbnail","6":"product_cat-decoracoes-nao-comestiveis","7":"product_cat-ordem-e-armazenamento","8":"product_cat-velas-de-numeros","9":"product_cat-velas-para-bolos","10":"product_cat-decoracion-no-comestible","11":"product_cat-ultimas-unidades","12":"product_cat-utensilios","13":"product_cat-velas-numeros","14":"product_cat-velas","16":"first","17":"instock","18":"taxable","19":"shipping-taxable","20":"purchasable","21":"product-type-simple"},"acf":[],"df_price":0.7,"df_sale_price":0.35,"df_regular_price":0.7,"df_image_link":"https:\/\/glotomania.com\/wp-content\/uploads\/2022\/09\/img_13358_96793e09abed3df0e6f71a70cb7e98e1_1-300x300.png","brands":[],"_links":{"self":[{"href":"https:\/\/glotomania.com\/pt-pt\/wp-json\/wp\/v2\/product\/386803","targetHints":{"allow":["GET"]}}],"collection":[{"href":"https:\/\/glotomania.com\/pt-pt\/wp-json\/wp\/v2\/product"}],"about":[{"href":"https:\/\/glotomania.com\/pt-pt\/wp-json\/wp\/v2\/types\/product"}],"replies":[{"embeddable":true,"href":"https:\/\/glotomania.com\/pt-pt\/wp-json\/wp\/v2\/comments?post=386803"}],"wp:featuredmedia":[{"embeddable":true,"href":"https:\/\/glotomania.com\/pt-pt\/wp-json\/wp\/v2\/media\/12637"}],"wp:attachment":[{"href":"https:\/\/glotomania.com\/pt-pt\/wp-json\/wp\/v2\/media?parent=386803"}],"wp:term":[{"taxonomy":"pwb-brand","embeddable":true,"href":"https:\/\/glotomania.com\/pt-pt\/wp-json\/wp\/v2\/pwb-brand?post=386803"},{"taxonomy":"product_brand","embeddable":true,"href":"https:\/\/glotomania.com\/pt-pt\/wp-json\/wp\/v2\/product_brand?post=386803"},{"taxonomy":"product_cat","embeddable":true,"href":"https:\/\/glotomania.com\/pt-pt\/wp-json\/wp\/v2\/product_cat?post=386803"},{"taxonomy":"product_tag","embeddable":true,"href":"https:\/\/glotomania.com\/pt-pt\/wp-json\/wp\/v2\/product_tag?post=386803"}],"curies":[{"name":"wp","href":"https:\/\/api.w.org\/{rel}","templated":true}]}}