{"id":386816,"date":"2025-09-02T10:15:38","date_gmt":"2025-09-02T10:15:38","guid":{"rendered":"https:\/\/glotomania.com\/p\/vela-cumpleanos-fluorescente-2-2\/"},"modified":"2026-03-10T12:03:47","modified_gmt":"2026-03-10T12:03:47","slug":"vela-cumpleanos-fluorescente-2-2","status":"publish","type":"product","link":"https:\/\/glotomania.com\/pt-pt\/p\/vela-cumpleanos-fluorescente-2-2\/","title":{"rendered":"Vela De Anivers\u00c1rio Fluorescente 2"},"content":{"rendered":"<p>\n<span style=\"font-size: 14px\"><u><strong>Composi&ccedil;&atilde;o:<\/strong><\/u><br \/>\nPl&aacute;stico, cera de parafina n&atilde;o perfumada, tinta de revestimento, pavio sem chumbo.<br \/>\nRegulamento (UE)&nbsp;<strong>10\/2011<\/strong>: materiais pl&aacute;sticos destinados a entrar em contacto com os alimentos.&nbsp;<\/span><\/p>\n<p><span style=\"font-size: 14px\"><strong>Tamanho:&nbsp;<\/strong>20 x 150 x 80 mm.<\/span><\/p>\n<p><span style=\"font-size: 14px\"><strong>Peso:&nbsp;<\/strong>16,5 g.<\/span><\/p>\n<p><span style=\"font-size: 14px\"><u><strong>Conserva&ccedil;&atilde;o:<\/strong><\/u>&nbsp;&eacute; essencial mant&ecirc;-la na sua embalagem original e caixa durante o armazenamento.<\/span><\/p>\n<p><span style=\"font-size: 14px\">Manter abaixo do ponto de fus&atilde;o: 56-58 &ordm;C.<\/span><\/p>\n","protected":false},"excerpt":{"rendered":"<p>Vela fluorescente de 6 cm, para dar um toque muito original \u00e0s suas cria\u00e7\u00f5es com a luz apagada.<\/p>\n","protected":false},"featured_media":35752,"comment_status":"open","ping_status":"closed","template":"","meta":{"_acf_changed":false},"pwb-brand":[],"product_brand":[],"product_cat":[3200,3200,3087,3087,3210,3210,3209,3209],"product_tag":[],"class_list":{"0":"post-386816","1":"product","2":"type-product","3":"status-publish","4":"has-post-thumbnail","6":"product_cat-decoracoes-nao-comestiveis","8":"product_cat-ordem-e-armazenamento","10":"product_cat-velas-de-numeros","12":"product_cat-velas-para-bolos","15":"first","16":"instock","17":"taxable","18":"shipping-taxable","19":"purchasable","20":"product-type-simple"},"acf":[],"df_price":1.8,"df_sale_price":"","df_regular_price":1.8,"df_image_link":"https:\/\/glotomania.com\/wp-content\/uploads\/2022\/09\/img_11350_27f4a96d37ad934ca3351b21f981f0b9_1-300x300.png","brands":[],"_links":{"self":[{"href":"https:\/\/glotomania.com\/pt-pt\/wp-json\/wp\/v2\/product\/386816","targetHints":{"allow":["GET"]}}],"collection":[{"href":"https:\/\/glotomania.com\/pt-pt\/wp-json\/wp\/v2\/product"}],"about":[{"href":"https:\/\/glotomania.com\/pt-pt\/wp-json\/wp\/v2\/types\/product"}],"replies":[{"embeddable":true,"href":"https:\/\/glotomania.com\/pt-pt\/wp-json\/wp\/v2\/comments?post=386816"}],"wp:featuredmedia":[{"embeddable":true,"href":"https:\/\/glotomania.com\/pt-pt\/wp-json\/wp\/v2\/media\/35752"}],"wp:attachment":[{"href":"https:\/\/glotomania.com\/pt-pt\/wp-json\/wp\/v2\/media?parent=386816"}],"wp:term":[{"taxonomy":"pwb-brand","embeddable":true,"href":"https:\/\/glotomania.com\/pt-pt\/wp-json\/wp\/v2\/pwb-brand?post=386816"},{"taxonomy":"product_brand","embeddable":true,"href":"https:\/\/glotomania.com\/pt-pt\/wp-json\/wp\/v2\/product_brand?post=386816"},{"taxonomy":"product_cat","embeddable":true,"href":"https:\/\/glotomania.com\/pt-pt\/wp-json\/wp\/v2\/product_cat?post=386816"},{"taxonomy":"product_tag","embeddable":true,"href":"https:\/\/glotomania.com\/pt-pt\/wp-json\/wp\/v2\/product_tag?post=386816"}],"curies":[{"name":"wp","href":"https:\/\/api.w.org\/{rel}","templated":true}]}}