{"id":386827,"date":"2025-09-02T10:15:42","date_gmt":"2025-09-02T10:15:42","guid":{"rendered":"https:\/\/glotomania.com\/p\/figura-para-tarta-caliz-comunion-2\/"},"modified":"2026-04-13T13:17:24","modified_gmt":"2026-04-13T13:17:24","slug":"figura-para-tarta-caliz-comunion-2","status":"publish","type":"product","link":"https:\/\/glotomania.com\/pt-pt\/p\/figura-para-tarta-caliz-comunion-2\/","title":{"rendered":"Figura Para Bolo C\u00c1lice Primeira Comunh\u00c3o Com H\u00d3stia (jhs)"},"content":{"rendered":"<p>\n<span style=\"font-size:14px\"><span style=\"color:#000000\">Figura n&atilde;o comest&iacute;vel, deve ser removida antes de se consumir o bolo.&nbsp;<br \/>\nFeito de base PET, polyresin.<\/span><\/span><\/p>\n<p><span style=\"font-size:14px\"><span style=\"color:#000000\">Regulamento (UE)<strong>&nbsp;10\/2011<\/strong>: materiais e objectos de pl&aacute;stico destinados a entrar em contacto com os alimentos.&nbsp;<\/span><\/span><\/p>\n<p><span style=\"font-size:14px\"><span style=\"color:#000000\"><strong>Medidas:&nbsp;<\/strong><span>Altura 11&nbsp;cm.<\/span><\/span><\/span><\/p>\n<p><span style=\"font-size:14px\"><span style=\"color:#000000\"><u><strong>Conserva&ccedil;&atilde;o:<\/strong><\/u>&nbsp;&eacute; essencial mant&ecirc;-la na sua embalagem original e caixa durante o armazenamento.<\/span><\/span><\/p>\n","protected":false},"excerpt":{"rendered":"<p>Figura de c\u00e1lice com h\u00f3stia JHS para bolo de primeira comunh\u00e3o, ideal para decorar bolos de comunh\u00e3o.<\/p>\n","protected":false},"featured_media":151084,"comment_status":"open","ping_status":"closed","template":"","meta":{"_acf_changed":false},"pwb-brand":[],"product_brand":[],"product_cat":[2911,2907,3202,3207,1792,1861,1860,1862,1849,1767],"product_tag":[],"class_list":{"0":"post-386827","1":"product","2":"type-product","3":"status-publish","4":"has-post-thumbnail","6":"product_cat-comunhoes","7":"product_cat-festas","8":"product_cat-figuras-para-bolos","9":"product_cat-figuras-para-comunhoes","10":"product_cat-decoracion-no-comestible","11":"product_cat-figuras-comuniones","12":"product_cat-figuras-tartas","13":"product_cat-comuniones","14":"product_cat-fiestas","15":"product_cat-utensilios","17":"first","18":"outofstock","19":"taxable","20":"shipping-taxable","21":"purchasable","22":"product-type-simple"},"acf":[],"df_price":4.8,"df_sale_price":"","df_regular_price":4.8,"df_image_link":"https:\/\/glotomania.com\/wp-content\/uploads\/2025\/09\/img_2439_2b9472e7e98751b8b0f7434eab1ae404_1-300x300.jpg","brands":[],"_links":{"self":[{"href":"https:\/\/glotomania.com\/pt-pt\/wp-json\/wp\/v2\/product\/386827","targetHints":{"allow":["GET"]}}],"collection":[{"href":"https:\/\/glotomania.com\/pt-pt\/wp-json\/wp\/v2\/product"}],"about":[{"href":"https:\/\/glotomania.com\/pt-pt\/wp-json\/wp\/v2\/types\/product"}],"replies":[{"embeddable":true,"href":"https:\/\/glotomania.com\/pt-pt\/wp-json\/wp\/v2\/comments?post=386827"}],"wp:featuredmedia":[{"embeddable":true,"href":"https:\/\/glotomania.com\/pt-pt\/wp-json\/wp\/v2\/media\/151084"}],"wp:attachment":[{"href":"https:\/\/glotomania.com\/pt-pt\/wp-json\/wp\/v2\/media?parent=386827"}],"wp:term":[{"taxonomy":"pwb-brand","embeddable":true,"href":"https:\/\/glotomania.com\/pt-pt\/wp-json\/wp\/v2\/pwb-brand?post=386827"},{"taxonomy":"product_brand","embeddable":true,"href":"https:\/\/glotomania.com\/pt-pt\/wp-json\/wp\/v2\/product_brand?post=386827"},{"taxonomy":"product_cat","embeddable":true,"href":"https:\/\/glotomania.com\/pt-pt\/wp-json\/wp\/v2\/product_cat?post=386827"},{"taxonomy":"product_tag","embeddable":true,"href":"https:\/\/glotomania.com\/pt-pt\/wp-json\/wp\/v2\/product_tag?post=386827"}],"curies":[{"name":"wp","href":"https:\/\/api.w.org\/{rel}","templated":true}]}}