{"id":386843,"date":"2025-09-02T10:15:50","date_gmt":"2025-09-02T10:15:50","guid":{"rendered":"https:\/\/glotomania.com\/p\/marcador-press-ice-fmm-diamond-diamante-2\/"},"modified":"2026-04-24T00:13:49","modified_gmt":"2026-04-24T00:13:49","slug":"marcador-press-ice-fmm-diamond-diamante-2","status":"publish","type":"product","link":"https:\/\/glotomania.com\/pt-pt\/p\/marcador-press-ice-fmm-diamond-diamante-2\/","title":{"rendered":"Marcador De Press-ice Fmm &#8211; Diamante"},"content":{"rendered":"<p>\n<span style=\"font-size:14px\">Basta pressionar o marcador no bolo, perfurando levemente a superf&iacute;cie da massa, criando a silhueta do padr&atilde;o desejado.<\/span><\/p>\n<p><span style=\"font-size:14px\"><strong>Medidas<\/strong>: 12,5 x 7,5 cm.<\/span><\/p>\n","protected":false},"excerpt":{"rendered":"<p>Excelente ferramenta FMM, perfeita para fazer um padr\u00e3o decorativo de forma r\u00e1pida e f\u00e1cil.<\/p>\n","protected":false},"featured_media":151112,"comment_status":"open","ping_status":"closed","template":"","meta":{"_acf_changed":false},"pwb-brand":[],"product_brand":[],"product_cat":[3215,3214,3087,1801,1809,1869,1767],"product_tag":[],"class_list":{"0":"post-386843","1":"product","2":"type-product","3":"status-publish","4":"has-post-thumbnail","6":"product_cat-marcadores","7":"product_cat-moldes-de-pastelaria","8":"product_cat-ordem-e-armazenamento","9":"product_cat-moldes","10":"product_cat-moldes-marcadores","11":"product_cat-ultimas-unidades","12":"product_cat-utensilios","14":"first","15":"instock","16":"taxable","17":"shipping-taxable","18":"purchasable","19":"product-type-simple"},"acf":[],"df_price":3.9,"df_sale_price":3.9,"df_regular_price":6.5,"df_image_link":"https:\/\/glotomania.com\/wp-content\/uploads\/2025\/09\/img_13463_ea1fa4a97e15d4fda369a9945eea0ef8_1-300x300.png","brands":[],"_links":{"self":[{"href":"https:\/\/glotomania.com\/pt-pt\/wp-json\/wp\/v2\/product\/386843","targetHints":{"allow":["GET"]}}],"collection":[{"href":"https:\/\/glotomania.com\/pt-pt\/wp-json\/wp\/v2\/product"}],"about":[{"href":"https:\/\/glotomania.com\/pt-pt\/wp-json\/wp\/v2\/types\/product"}],"replies":[{"embeddable":true,"href":"https:\/\/glotomania.com\/pt-pt\/wp-json\/wp\/v2\/comments?post=386843"}],"wp:featuredmedia":[{"embeddable":true,"href":"https:\/\/glotomania.com\/pt-pt\/wp-json\/wp\/v2\/media\/151112"}],"wp:attachment":[{"href":"https:\/\/glotomania.com\/pt-pt\/wp-json\/wp\/v2\/media?parent=386843"}],"wp:term":[{"taxonomy":"pwb-brand","embeddable":true,"href":"https:\/\/glotomania.com\/pt-pt\/wp-json\/wp\/v2\/pwb-brand?post=386843"},{"taxonomy":"product_brand","embeddable":true,"href":"https:\/\/glotomania.com\/pt-pt\/wp-json\/wp\/v2\/product_brand?post=386843"},{"taxonomy":"product_cat","embeddable":true,"href":"https:\/\/glotomania.com\/pt-pt\/wp-json\/wp\/v2\/product_cat?post=386843"},{"taxonomy":"product_tag","embeddable":true,"href":"https:\/\/glotomania.com\/pt-pt\/wp-json\/wp\/v2\/product_tag?post=386843"}],"curies":[{"name":"wp","href":"https:\/\/api.w.org\/{rel}","templated":true}]}}