{"id":386846,"date":"2025-09-02T10:15:51","date_gmt":"2025-09-02T10:15:51","guid":{"rendered":"https:\/\/glotomania.com\/p\/laminas-papel-de-azucar-pastkolor-sin-e-171-extra-2\/"},"modified":"2026-04-21T17:05:08","modified_gmt":"2026-04-21T17:05:08","slug":"laminas-papel-de-azucar-pastkolor-sin-e-171-extra-2","status":"publish","type":"product","link":"https:\/\/glotomania.com\/pt-pt\/p\/laminas-papel-de-azucar-pastkolor-sin-e-171-extra-2\/","title":{"rendered":"Laminas Papel De Azucar Pastkolor (sem E-171) &#8211; Extra"},"content":{"rendered":"<p>\u00a0<\/p>\n<p><span style=\"font-size:14px\">Alta resolu\u00e7\u00e3o, leve sabor a baunilha. Adequado para impressoras a jacto de tinta.<\/span><\/p>\n<p><span style=\"font-size:14px\">Com grande flexibilidade, o que nos permite manipular as folhas com grande facilidade sem as partir, e mesmo poder coloc\u00e1-las em locais como a borda do bolo.\u00a0<\/span><\/p>\n<p><span style=\"font-size:14px\">Vem numa folha de pl\u00e1stico de base (tamanho A4), o que nos facilita a alimenta\u00e7\u00e3o do papel na impressora.\u00a0<\/span><\/p>\n<p><strong><span style=\"font-size:14px\">M\u00e9todo de utiliza\u00e7\u00e3o:<\/span><\/strong><\/p>\n<ul>\n<li><span style=\"font-size:14px\">Uma vez terminada a impress\u00e3o (temos de esperar alguns minutos para que seque, no m\u00e1ximo 5 minutos<\/span>)<span style=\"font-size:14px\">, a folha \u00e9 separada do pl\u00e1stico, e colocada em cima da nossa elabora\u00e7\u00e3o.<\/span><\/li>\n<li><span style=\"font-size:14px\">Para facilitar o descasque, especialmente nos casos em que a folha possa ter adquirido alguma da humidade do ar, <strong>recomenda-se colocar o papel no frigor\u00edfico durante 1 minuto<\/strong> (j\u00e1 n\u00e3o), <strong>o que ajudar\u00e1 a separar facilmente a folha do pl\u00e1stico.<\/strong><\/span><\/li>\n<\/ul>\n<p><span style=\"font-size:14px\"><strong>Tamanho<\/strong>: A4 &#8211; <strong>Espessura<\/strong>: 0,6 mm.<\/span><\/p>\n","protected":false},"excerpt":{"rendered":"<p>Inclui 25 folhas de papel de a\u00e7\u00facar comest\u00edvel tamanho A4, perfeito para fazer impress\u00f5es.<\/p>\n","protected":false},"featured_media":151116,"comment_status":"open","ping_status":"closed","template":"","meta":{"_acf_changed":false},"pwb-brand":[],"product_brand":[],"product_cat":[1832,1841,2925,1845,1833,2929,1877,2927,1903,3001],"product_tag":[],"class_list":{"0":"post-386846","1":"product","2":"type-product","3":"status-publish","4":"has-post-thumbnail","6":"product_cat-diestas-especiales","7":"product_cat-impresiones","8":"product_cat-impressoes-comestiveis","9":"product_cat-dieta-sin-e-171","10":"product_cat-dieta-sin-gluten","11":"product_cat-papel-com-acucar-comestivel","12":"product_cat-papel-comestible","13":"product_cat-papel-comestivel","14":"product_cat-papel-azucar","15":"product_cat-sem-e-171-2","17":"first","18":"instock","19":"taxable","20":"shipping-taxable","21":"purchasable","22":"product-type-simple"},"acf":[],"df_price":30.31,"df_sale_price":"","df_regular_price":32.95,"df_image_link":"https:\/\/glotomania.com\/wp-content\/uploads\/2025\/09\/img_21773_4967a307cc14615a41a5d6f16b56cc45_1-300x300.png","brands":[],"_links":{"self":[{"href":"https:\/\/glotomania.com\/pt-pt\/wp-json\/wp\/v2\/product\/386846","targetHints":{"allow":["GET"]}}],"collection":[{"href":"https:\/\/glotomania.com\/pt-pt\/wp-json\/wp\/v2\/product"}],"about":[{"href":"https:\/\/glotomania.com\/pt-pt\/wp-json\/wp\/v2\/types\/product"}],"replies":[{"embeddable":true,"href":"https:\/\/glotomania.com\/pt-pt\/wp-json\/wp\/v2\/comments?post=386846"}],"wp:featuredmedia":[{"embeddable":true,"href":"https:\/\/glotomania.com\/pt-pt\/wp-json\/wp\/v2\/media\/151116"}],"wp:attachment":[{"href":"https:\/\/glotomania.com\/pt-pt\/wp-json\/wp\/v2\/media?parent=386846"}],"wp:term":[{"taxonomy":"pwb-brand","embeddable":true,"href":"https:\/\/glotomania.com\/pt-pt\/wp-json\/wp\/v2\/pwb-brand?post=386846"},{"taxonomy":"product_brand","embeddable":true,"href":"https:\/\/glotomania.com\/pt-pt\/wp-json\/wp\/v2\/product_brand?post=386846"},{"taxonomy":"product_cat","embeddable":true,"href":"https:\/\/glotomania.com\/pt-pt\/wp-json\/wp\/v2\/product_cat?post=386846"},{"taxonomy":"product_tag","embeddable":true,"href":"https:\/\/glotomania.com\/pt-pt\/wp-json\/wp\/v2\/product_tag?post=386846"}],"curies":[{"name":"wp","href":"https:\/\/api.w.org\/{rel}","templated":true}]}}