{"id":386847,"date":"2025-09-02T10:15:52","date_gmt":"2025-09-02T10:15:52","guid":{"rendered":"https:\/\/glotomania.com\/p\/cartucho-de-tinta-comestible-negro-xl-pgi-570-2\/"},"modified":"2026-03-16T21:07:37","modified_gmt":"2026-03-16T21:07:37","slug":"cartucho-de-tinta-comestible-negro-xl-pgi-570-2","status":"publish","type":"product","link":"https:\/\/glotomania.com\/pt-pt\/p\/cartucho-de-tinta-comestible-negro-xl-pgi-570-2\/","title":{"rendered":"Cartucho De Tinta Comest\u00cdvel Preto Xl [pgi 570]"},"content":{"rendered":"<p>\n<span style=\"color:#000000\"><span style=\"font-size:14px\">Mais de 400 p&aacute;ginas de papel comest&iacute;vel podem ser impressas, com as configura&ccedil;&otilde;es de impress&atilde;o de alta qualidade necess&aacute;rias para este tipo de papel.<\/span><\/span><\/p>\n<p><span style=\"color:#000000\"><span style=\"font-size:14px\"><strong>Tinteiro comest&iacute;vel&nbsp;<\/strong>compat&iacute;vel com impressoras Canon :&nbsp;<\/span><span style=\"font-size: 14px\">PIXMA TS5000 &#8211;&nbsp;<\/span><span style=\"font-size: 14px\">TS5040 &#8211;&nbsp;<\/span><span style=\"font-size: 14px\">TS5050 &#8211; TS5051 &#8211; TS5053 &#8211; TS5055 &#8211; TS6000 &#8211;&nbsp;<\/span><span style=\"font-size: 14px\">TS6040 &#8211;&nbsp;<\/span><span style=\"font-size: 14px\">TS6050 &#8211; TS6051 &#8211; TS6052 &#8211; TS8000 &#8211;&nbsp;<\/span><span style=\"font-size: 14px\">TS8040 &#8211;&nbsp;<\/span><span style=\"font-size: 14px\">TS8050 &#8211; TS8051 &#8211; TS8052 &#8211; TS8053 &#8211;&nbsp;<\/span><span style=\"font-size: 14px\">TS9040 &#8211;<\/span><span style=\"font-size: 14px\">&nbsp;TS9050 &#8211; TS9055. Tambi&eacute;n: MG5700 &#8211; MG5740 &#8211; MG5750 &#8211;&nbsp;<\/span><span style=\"font-size: 14px\">MG5751 &#8211;&nbsp;MG5752 &#8211;&nbsp;MG5753 &#8211; MG6800 &#8211;&nbsp;MG6840 &#8211;&nbsp;MG6850 &#8211;&nbsp;MG6851 &#8211;&nbsp;MG6852 &#8211;&nbsp;MG6853 &#8211; MG7700 &#8211; MG7750 &#8211;&nbsp;MG7751 &#8211;&nbsp;MG7752 &#8211;&nbsp;MG7753.<\/span><\/span><\/p>\n<div><span style=\"color:#000000\"><span style=\"font-size:14px\"><strong>M&eacute;todo de utiliza&ccedil;&atilde;o<\/strong><br \/>\nRetirar o protector laranja e retirar o selo de seguran&ccedil;a antes de inserir o cartucho no carrinho de impress&atilde;o.<br \/>\nN&atilde;o exceder 7 g por 1 kg de massa.<\/span><\/span><\/div>\n<div>\n<span style=\"color:#000000\"><span style=\"font-size:14px\"><strong>Estes tinteiros comest&iacute;veis devem ser utilizados em impressoras Canon novinhas em folha. Em circunst&acirc;ncia alguma devem ser utilizadas em impressoras que tenham trabalhado com tintas cl&aacute;ssicas normalmente utilizadas para imprimir documentos ou fotografias, uma vez que a tinta residual pode ser prejudicial para a sa&uacute;de.<\/strong><\/span><\/span><\/div>\n<p><span style=\"color:#000000\"><em><span style=\"font-size:14px\">Cont&eacute;m 22&nbsp;ml.<\/span><\/em><\/span><\/p>\n","protected":false},"excerpt":{"rendered":"<p>Cartucho de tinta preto xl comestivel, com ela conseguimos impress\u00f5es com cores intensas, alto brilho e resolu\u00e7\u00e3o.<\/p>\n","protected":false},"featured_media":151117,"comment_status":"open","ping_status":"closed","template":"","meta":{"_acf_changed":false,"_joinchat":[]},"pwb-brand":[],"product_brand":[],"product_cat":[2940,2925,3004,2936,2003,1832,1841,1833,2001],"product_tag":[],"class_list":{"0":"post-386847","1":"product","2":"type-product","3":"status-publish","4":"has-post-thumbnail","6":"product_cat-cartuchos-de-tinta-comestiveis-2","7":"product_cat-impressoes-comestiveis","8":"product_cat-sem-gluten-2","9":"product_cat-tintas-comestiveis-2","10":"product_cat-cartuchos-tinta-comestible","11":"product_cat-diestas-especiales","12":"product_cat-impresiones","13":"product_cat-dieta-sin-gluten","14":"product_cat-tinta-comestible","16":"first","17":"instock","18":"taxable","19":"shipping-taxable","20":"purchasable","21":"product-type-simple"},"acf":[],"df_price":10.95,"df_sale_price":"","df_regular_price":10.95,"df_image_link":"https:\/\/e622tfk5wxd.exactdn.com\/wp-content\/uploads\/2025\/09\/img_18225_86636600a349def51e62aeed6974c0ec_1-300x300.png?strip=all","brands":[],"_links":{"self":[{"href":"https:\/\/glotomania.com\/pt-pt\/wp-json\/wp\/v2\/product\/386847","targetHints":{"allow":["GET"]}}],"collection":[{"href":"https:\/\/glotomania.com\/pt-pt\/wp-json\/wp\/v2\/product"}],"about":[{"href":"https:\/\/glotomania.com\/pt-pt\/wp-json\/wp\/v2\/types\/product"}],"replies":[{"embeddable":true,"href":"https:\/\/glotomania.com\/pt-pt\/wp-json\/wp\/v2\/comments?post=386847"}],"wp:featuredmedia":[{"embeddable":true,"href":"https:\/\/glotomania.com\/pt-pt\/wp-json\/wp\/v2\/media\/151117"}],"wp:attachment":[{"href":"https:\/\/glotomania.com\/pt-pt\/wp-json\/wp\/v2\/media?parent=386847"}],"wp:term":[{"taxonomy":"pwb-brand","embeddable":true,"href":"https:\/\/glotomania.com\/pt-pt\/wp-json\/wp\/v2\/pwb-brand?post=386847"},{"taxonomy":"product_brand","embeddable":true,"href":"https:\/\/glotomania.com\/pt-pt\/wp-json\/wp\/v2\/product_brand?post=386847"},{"taxonomy":"product_cat","embeddable":true,"href":"https:\/\/glotomania.com\/pt-pt\/wp-json\/wp\/v2\/product_cat?post=386847"},{"taxonomy":"product_tag","embeddable":true,"href":"https:\/\/glotomania.com\/pt-pt\/wp-json\/wp\/v2\/product_tag?post=386847"}],"curies":[{"name":"wp","href":"https:\/\/api.w.org\/{rel}","templated":true}]}}