{"id":386851,"date":"2025-09-02T10:15:53","date_gmt":"2025-09-02T10:15:53","guid":{"rendered":"https:\/\/glotomania.com\/p\/cartucho-de-tinta-comestible-amarillo-cli-571-2\/"},"modified":"2026-03-23T10:59:32","modified_gmt":"2026-03-23T10:59:32","slug":"cartucho-de-tinta-comestible-amarillo-cli-571-2","status":"publish","type":"product","link":"https:\/\/glotomania.com\/pt-pt\/p\/cartucho-de-tinta-comestible-amarillo-cli-571-2\/","title":{"rendered":"Cartucho De Tinta Comest\u00cdvel Amarelo [cli 571]"},"content":{"rendered":"<p>\n<span style=\"font-size: 14px\">Mais de 400 p&aacute;ginas de papel comest&iacute;vel podem ser impressas, com as configura&ccedil;&otilde;es de impress&atilde;o de alta qualidade necess&aacute;rias para este tipo de papel.<\/span><\/p>\n<p><span style=\"font-size: 14px\"><strong>Tinteiro comest&iacute;vel&nbsp;<\/strong>compat&iacute;vel com impressoras Canon : PIXMA TS5000 &#8211; TS505050 &#8211; TS5051 &#8211; TS5053 &#8211; TS5055 &#8211; TS6000 &#8211; TS6050 &#8211; TS6051 &#8211; TS6052 &#8211; TS8000 &#8211; TS8050 &#8211; TS8051 &#8211; TS8052 &#8211; TS8053 &#8211; TS9050 &#8211; TS9055.<\/span><\/p>\n<div><span style=\"font-size: 14px\"><strong>M&eacute;todo de utiliza&ccedil;&atilde;o<\/strong><br \/>\nRetirar o protector laranja e retirar o selo de seguran&ccedil;a antes de inserir o cartucho no carrinho de impress&atilde;o.<br \/>\nN&atilde;o exceder 7 g por 1 kg de massa.<\/span><\/div>\n<div>\n<span style=\"font-size: 14px\"><strong>Estes tinteiros comest&iacute;veis devem ser utilizados em impressoras Canon novinhas em folha. Em circunst&acirc;ncia alguma devem ser utilizadas em impressoras que tenham trabalhado com tintas cl&aacute;ssicas normalmente utilizadas para imprimir documentos ou fotografias, uma vez que a tinta residual pode ser prejudicial para a sa&uacute;de.<\/strong><\/span><\/div>\n<p><em><span style=\"font-size: 14px\">Cont&eacute;m 16 ml.<\/span><\/em><\/p>\n","protected":false},"excerpt":{"rendered":"<p>Cartucho de tinta comestivel, com ela conseguimos impress\u00f5es com cores intensas, alto brilho e resolu\u00e7\u00e3o.<\/p>\n","protected":false},"featured_media":151121,"comment_status":"open","ping_status":"closed","template":"","meta":{"_acf_changed":false,"_joinchat":[]},"pwb-brand":[],"product_brand":[],"product_cat":[2003,2940,1832,1841,2925,1833,3004,2001,2936],"product_tag":[],"class_list":{"0":"post-386851","1":"product","2":"type-product","3":"status-publish","4":"has-post-thumbnail","6":"product_cat-cartuchos-tinta-comestible","7":"product_cat-cartuchos-de-tinta-comestiveis-2","8":"product_cat-diestas-especiales","9":"product_cat-impresiones","10":"product_cat-impressoes-comestiveis","11":"product_cat-dieta-sin-gluten","12":"product_cat-sem-gluten-2","13":"product_cat-tinta-comestible","14":"product_cat-tintas-comestiveis-2","16":"first","17":"instock","18":"taxable","19":"shipping-taxable","20":"purchasable","21":"product-type-simple"},"acf":[],"df_price":10.95,"df_sale_price":"","df_regular_price":10.95,"df_image_link":"https:\/\/e622tfk5wxd.exactdn.com\/wp-content\/uploads\/2025\/09\/img_18237_52e0ada4b774b5338dcda6c85b5f8e4b_1-300x300.png?strip=all","brands":[],"_links":{"self":[{"href":"https:\/\/glotomania.com\/pt-pt\/wp-json\/wp\/v2\/product\/386851","targetHints":{"allow":["GET"]}}],"collection":[{"href":"https:\/\/glotomania.com\/pt-pt\/wp-json\/wp\/v2\/product"}],"about":[{"href":"https:\/\/glotomania.com\/pt-pt\/wp-json\/wp\/v2\/types\/product"}],"replies":[{"embeddable":true,"href":"https:\/\/glotomania.com\/pt-pt\/wp-json\/wp\/v2\/comments?post=386851"}],"wp:featuredmedia":[{"embeddable":true,"href":"https:\/\/glotomania.com\/pt-pt\/wp-json\/wp\/v2\/media\/151121"}],"wp:attachment":[{"href":"https:\/\/glotomania.com\/pt-pt\/wp-json\/wp\/v2\/media?parent=386851"}],"wp:term":[{"taxonomy":"pwb-brand","embeddable":true,"href":"https:\/\/glotomania.com\/pt-pt\/wp-json\/wp\/v2\/pwb-brand?post=386851"},{"taxonomy":"product_brand","embeddable":true,"href":"https:\/\/glotomania.com\/pt-pt\/wp-json\/wp\/v2\/product_brand?post=386851"},{"taxonomy":"product_cat","embeddable":true,"href":"https:\/\/glotomania.com\/pt-pt\/wp-json\/wp\/v2\/product_cat?post=386851"},{"taxonomy":"product_tag","embeddable":true,"href":"https:\/\/glotomania.com\/pt-pt\/wp-json\/wp\/v2\/product_tag?post=386851"}],"curies":[{"name":"wp","href":"https:\/\/api.w.org\/{rel}","templated":true}]}}