{"id":386859,"date":"2025-09-02T10:15:58","date_gmt":"2025-09-02T10:15:58","guid":{"rendered":"https:\/\/glotomania.com\/p\/papel-de-oblea-pastkolor-50-unidades-2\/"},"modified":"2026-04-21T21:22:41","modified_gmt":"2026-04-21T21:22:41","slug":"papel-de-oblea-pastkolor-50-unidades-2","status":"publish","type":"product","link":"https:\/\/glotomania.com\/pt-pt\/p\/papel-de-oblea-pastkolor-50-unidades-2\/","title":{"rendered":"Pap\u00c9is De Obreia Grossas &#8211; 50 Unidades"},"content":{"rendered":"<p>&nbsp;<\/p>\n<p>\n<span style=\"color:#000000\"><span style=\"font-size:14px\">Ao contr&aacute;rio do papel de a&ccedil;&uacute;car comest&iacute;vel, o papel wafer &eacute; sem sabor e tem menos flexibilidade e maior transpar&ecirc;ncia.&nbsp;<\/span><\/span><\/p>\n<p><span style=\"color:#000000\"><span style=\"font-size:14px\">&Eacute; de cor branca.<\/span><\/span><\/p>\n<p><span style=\"color:#000000\"><span style=\"font-size:14px\"><strong>Medidas: <\/strong>formato DIN A4 &#8211; Comprimento 29 cm &#8211; Largura 21 cm &#8211; Espessura 0,6 cm.<\/span><\/span><\/p>\n<p>&nbsp;<\/p>\n","protected":false},"excerpt":{"rendered":"<p>Folhas de papel comest\u00edvel de 0,6 cm de espessura, ideal para imprimir ou decorar \u00e0 m\u00e3o.<\/p>\n","protected":false},"featured_media":151135,"comment_status":"open","ping_status":"closed","template":"","meta":{"_acf_changed":false},"pwb-brand":[],"product_brand":[],"product_cat":[2925,2927,2996,3004,2933,1832,1841,1833,1877,1922],"product_tag":[],"class_list":{"0":"post-386859","1":"product","2":"type-product","3":"status-publish","4":"has-post-thumbnail","6":"product_cat-impressoes-comestiveis","7":"product_cat-papel-comestivel","8":"product_cat-produtos-vegetarianos","9":"product_cat-sem-gluten-2","10":"product_cat-wafer-paper","11":"product_cat-diestas-especiales","12":"product_cat-impresiones","13":"product_cat-dieta-sin-gluten","14":"product_cat-papel-comestible","15":"product_cat-wafer-transfer","17":"first","18":"instock","19":"taxable","20":"shipping-taxable","21":"purchasable","22":"product-type-simple"},"acf":[],"df_price":23.95,"df_sale_price":"","df_regular_price":23.95,"df_image_link":"https:\/\/glotomania.com\/wp-content\/uploads\/2025\/09\/img_20192_32ce2cc6250ff6e3b0bf47d72b78d5a1_1-300x300.png","brands":[],"_links":{"self":[{"href":"https:\/\/glotomania.com\/pt-pt\/wp-json\/wp\/v2\/product\/386859","targetHints":{"allow":["GET"]}}],"collection":[{"href":"https:\/\/glotomania.com\/pt-pt\/wp-json\/wp\/v2\/product"}],"about":[{"href":"https:\/\/glotomania.com\/pt-pt\/wp-json\/wp\/v2\/types\/product"}],"replies":[{"embeddable":true,"href":"https:\/\/glotomania.com\/pt-pt\/wp-json\/wp\/v2\/comments?post=386859"}],"wp:featuredmedia":[{"embeddable":true,"href":"https:\/\/glotomania.com\/pt-pt\/wp-json\/wp\/v2\/media\/151135"}],"wp:attachment":[{"href":"https:\/\/glotomania.com\/pt-pt\/wp-json\/wp\/v2\/media?parent=386859"}],"wp:term":[{"taxonomy":"pwb-brand","embeddable":true,"href":"https:\/\/glotomania.com\/pt-pt\/wp-json\/wp\/v2\/pwb-brand?post=386859"},{"taxonomy":"product_brand","embeddable":true,"href":"https:\/\/glotomania.com\/pt-pt\/wp-json\/wp\/v2\/product_brand?post=386859"},{"taxonomy":"product_cat","embeddable":true,"href":"https:\/\/glotomania.com\/pt-pt\/wp-json\/wp\/v2\/product_cat?post=386859"},{"taxonomy":"product_tag","embeddable":true,"href":"https:\/\/glotomania.com\/pt-pt\/wp-json\/wp\/v2\/product_tag?post=386859"}],"curies":[{"name":"wp","href":"https:\/\/api.w.org\/{rel}","templated":true}]}}