{"id":386861,"date":"2025-09-02T10:16:00","date_gmt":"2025-09-02T10:16:00","guid":{"rendered":"https:\/\/glotomania.com\/p\/soporte-transparente-con-tapa-para-4-macarons-2\/"},"modified":"2026-03-17T14:27:59","modified_gmt":"2026-03-17T14:27:59","slug":"soporte-transparente-con-tapa-para-4-macarons-2","status":"publish","type":"product","link":"https:\/\/glotomania.com\/pt-pt\/p\/soporte-transparente-con-tapa-para-4-macarons-2\/","title":{"rendered":"Caixa Pl\u00c1stica Para 4 Macarons"},"content":{"rendered":"<p>\n<span style=\"font-size:14px\">Fabricado em pl&aacute;stico de alta qualidade, adequado para uso alimentar.&nbsp;<\/span><\/p>\n<p><span style=\"font-size:14px\"><strong>Medidas<\/strong>: Caixa 11,9 x 13,6 x 3,3 cm &#8211; Cavidade Macaroni: 2,8 x 5 cm.<\/span><\/p>\n","protected":false},"excerpt":{"rendered":"<p>Inclui base e tampa de pl\u00e1stico transparente, ideal para apresentar e transportar os nossos macarr\u00f5es em perfeitas condi\u00e7\u00f5es.<\/p>\n","protected":false},"featured_media":151137,"comment_status":"open","ping_status":"closed","template":"","meta":{"_acf_changed":false},"pwb-brand":[],"product_brand":[],"product_cat":[3158,3174,3087,1786,1782,1767],"product_tag":[],"class_list":{"0":"post-386861","1":"product","2":"type-product","3":"status-publish","4":"has-post-thumbnail","6":"product_cat-caixas-de-pastelaria","7":"product_cat-caixas-para-macarons-2","8":"product_cat-ordem-e-armazenamento","9":"product_cat-cajas-macarons","10":"product_cat-cajas","11":"product_cat-utensilios","13":"first","14":"instock","15":"taxable","16":"shipping-taxable","17":"purchasable","18":"product-type-simple"},"acf":[],"df_price":1.03,"df_sale_price":"","df_regular_price":1.03,"df_image_link":"https:\/\/glotomania.com\/wp-content\/uploads\/2025\/09\/img_13566_5cc3d9fd72db8e15984f1b2f0e37f35b_1-300x300.png","brands":[],"_links":{"self":[{"href":"https:\/\/glotomania.com\/pt-pt\/wp-json\/wp\/v2\/product\/386861","targetHints":{"allow":["GET"]}}],"collection":[{"href":"https:\/\/glotomania.com\/pt-pt\/wp-json\/wp\/v2\/product"}],"about":[{"href":"https:\/\/glotomania.com\/pt-pt\/wp-json\/wp\/v2\/types\/product"}],"replies":[{"embeddable":true,"href":"https:\/\/glotomania.com\/pt-pt\/wp-json\/wp\/v2\/comments?post=386861"}],"wp:featuredmedia":[{"embeddable":true,"href":"https:\/\/glotomania.com\/pt-pt\/wp-json\/wp\/v2\/media\/151137"}],"wp:attachment":[{"href":"https:\/\/glotomania.com\/pt-pt\/wp-json\/wp\/v2\/media?parent=386861"}],"wp:term":[{"taxonomy":"pwb-brand","embeddable":true,"href":"https:\/\/glotomania.com\/pt-pt\/wp-json\/wp\/v2\/pwb-brand?post=386861"},{"taxonomy":"product_brand","embeddable":true,"href":"https:\/\/glotomania.com\/pt-pt\/wp-json\/wp\/v2\/product_brand?post=386861"},{"taxonomy":"product_cat","embeddable":true,"href":"https:\/\/glotomania.com\/pt-pt\/wp-json\/wp\/v2\/product_cat?post=386861"},{"taxonomy":"product_tag","embeddable":true,"href":"https:\/\/glotomania.com\/pt-pt\/wp-json\/wp\/v2\/product_tag?post=386861"}],"curies":[{"name":"wp","href":"https:\/\/api.w.org\/{rel}","templated":true}]}}