{"id":386862,"date":"2025-09-02T10:16:01","date_gmt":"2025-09-02T10:16:01","guid":{"rendered":"https:\/\/glotomania.com\/p\/soporte-transparente-con-tapa-para-8-macarons-2\/"},"modified":"2026-04-13T05:12:45","modified_gmt":"2026-04-13T05:12:45","slug":"soporte-transparente-con-tapa-para-8-macarons-2","status":"publish","type":"product","link":"https:\/\/glotomania.com\/pt-pt\/p\/soporte-transparente-con-tapa-para-8-macarons-2\/","title":{"rendered":"Caixa Pl\u00c1stica Para 8 Macarons"},"content":{"rendered":"<p>\n<span style=\"font-size: 14px\">Fabricado em pl&aacute;stico de alta qualidade, adequado para uso alimentar.&nbsp;<\/span><\/p>\n<p><span style=\"font-size: 14px\"><strong>Medidas<\/strong>: Caixa 18,7&nbsp;x 13,8&nbsp;x 5&nbsp;cm &#8211; Cavidade Macaroni: 2,8 x 5 cm.<\/span><\/p>\n","protected":false},"excerpt":{"rendered":"<p>Inclui base e tampa de pl\u00e1stico transparente, ideal para apresentar e transportar os nossos macarr\u00f5es em perfeitas condi\u00e7\u00f5es.<\/p>\n","protected":false},"featured_media":151138,"comment_status":"open","ping_status":"closed","template":"","meta":{"_acf_changed":false},"pwb-brand":[],"product_brand":[],"product_cat":[3158,3174,3087,1786,1782,1767],"product_tag":[],"class_list":{"0":"post-386862","1":"product","2":"type-product","3":"status-publish","4":"has-post-thumbnail","6":"product_cat-caixas-de-pastelaria","7":"product_cat-caixas-para-macarons-2","8":"product_cat-ordem-e-armazenamento","9":"product_cat-cajas-macarons","10":"product_cat-cajas","11":"product_cat-utensilios","13":"first","14":"outofstock","15":"taxable","16":"shipping-taxable","17":"purchasable","18":"product-type-simple"},"acf":[],"df_price":1.25,"df_sale_price":"","df_regular_price":1.25,"df_image_link":"https:\/\/glotomania.com\/wp-content\/uploads\/2025\/09\/img_13567_f65be2879eb0d2da38316c889e8074b0_1-300x300.png","brands":[],"_links":{"self":[{"href":"https:\/\/glotomania.com\/pt-pt\/wp-json\/wp\/v2\/product\/386862","targetHints":{"allow":["GET"]}}],"collection":[{"href":"https:\/\/glotomania.com\/pt-pt\/wp-json\/wp\/v2\/product"}],"about":[{"href":"https:\/\/glotomania.com\/pt-pt\/wp-json\/wp\/v2\/types\/product"}],"replies":[{"embeddable":true,"href":"https:\/\/glotomania.com\/pt-pt\/wp-json\/wp\/v2\/comments?post=386862"}],"wp:featuredmedia":[{"embeddable":true,"href":"https:\/\/glotomania.com\/pt-pt\/wp-json\/wp\/v2\/media\/151138"}],"wp:attachment":[{"href":"https:\/\/glotomania.com\/pt-pt\/wp-json\/wp\/v2\/media?parent=386862"}],"wp:term":[{"taxonomy":"pwb-brand","embeddable":true,"href":"https:\/\/glotomania.com\/pt-pt\/wp-json\/wp\/v2\/pwb-brand?post=386862"},{"taxonomy":"product_brand","embeddable":true,"href":"https:\/\/glotomania.com\/pt-pt\/wp-json\/wp\/v2\/product_brand?post=386862"},{"taxonomy":"product_cat","embeddable":true,"href":"https:\/\/glotomania.com\/pt-pt\/wp-json\/wp\/v2\/product_cat?post=386862"},{"taxonomy":"product_tag","embeddable":true,"href":"https:\/\/glotomania.com\/pt-pt\/wp-json\/wp\/v2\/product_tag?post=386862"}],"curies":[{"name":"wp","href":"https:\/\/api.w.org\/{rel}","templated":true}]}}