{"id":386863,"date":"2025-09-02T10:16:02","date_gmt":"2025-09-02T10:16:02","guid":{"rendered":"https:\/\/glotomania.com\/p\/soporte-transparente-con-tapa-para-12-macarons-2\/"},"modified":"2026-03-10T12:05:11","modified_gmt":"2026-03-10T12:05:11","slug":"soporte-transparente-con-tapa-para-12-macarons-2","status":"publish","type":"product","link":"https:\/\/glotomania.com\/pt-pt\/p\/soporte-transparente-con-tapa-para-12-macarons-2\/","title":{"rendered":"Caixa Pl\u00c1stica Para 12 Macarons"},"content":{"rendered":"<p>\n<span style=\"font-size: 14px\">Fabricado em pl&aacute;stico de alta qualidade, adequado para uso alimentar.&nbsp;<\/span><\/p>\n<p><span style=\"font-size: 14px\"><strong>Medidas<\/strong>: Caixa 26,2 x 13,8&nbsp;x 5 cm &#8211; Cavidade Macaron: 2,8 x 5 cm.<\/span><\/p>\n<p>&nbsp;<\/p>\n","protected":false},"excerpt":{"rendered":"<p>Inclui base e tampa de pl\u00e1stico transparente, ideal para apresentar e transportar os nossos macarr\u00f5es em perfeitas condi\u00e7\u00f5es.<\/p>\n","protected":false},"featured_media":151139,"comment_status":"open","ping_status":"closed","template":"","meta":{"_acf_changed":false},"pwb-brand":[],"product_brand":[],"product_cat":[3158,3174,3174,3158,3087,3087],"product_tag":[],"class_list":{"0":"post-386863","1":"product","2":"type-product","3":"status-publish","4":"has-post-thumbnail","6":"product_cat-caixas-de-pastelaria","7":"product_cat-caixas-para-macarons-2","10":"product_cat-ordem-e-armazenamento","13":"first","14":"outofstock","15":"taxable","16":"shipping-taxable","17":"purchasable","18":"product-type-simple"},"acf":[],"df_price":1.57,"df_sale_price":"","df_regular_price":1.57,"df_image_link":"https:\/\/glotomania.com\/wp-content\/uploads\/2025\/09\/img_13568_64a8a1611b954e1a223fba43741b8c75_1-300x300.png","brands":[],"_links":{"self":[{"href":"https:\/\/glotomania.com\/pt-pt\/wp-json\/wp\/v2\/product\/386863","targetHints":{"allow":["GET"]}}],"collection":[{"href":"https:\/\/glotomania.com\/pt-pt\/wp-json\/wp\/v2\/product"}],"about":[{"href":"https:\/\/glotomania.com\/pt-pt\/wp-json\/wp\/v2\/types\/product"}],"replies":[{"embeddable":true,"href":"https:\/\/glotomania.com\/pt-pt\/wp-json\/wp\/v2\/comments?post=386863"}],"wp:featuredmedia":[{"embeddable":true,"href":"https:\/\/glotomania.com\/pt-pt\/wp-json\/wp\/v2\/media\/151139"}],"wp:attachment":[{"href":"https:\/\/glotomania.com\/pt-pt\/wp-json\/wp\/v2\/media?parent=386863"}],"wp:term":[{"taxonomy":"pwb-brand","embeddable":true,"href":"https:\/\/glotomania.com\/pt-pt\/wp-json\/wp\/v2\/pwb-brand?post=386863"},{"taxonomy":"product_brand","embeddable":true,"href":"https:\/\/glotomania.com\/pt-pt\/wp-json\/wp\/v2\/product_brand?post=386863"},{"taxonomy":"product_cat","embeddable":true,"href":"https:\/\/glotomania.com\/pt-pt\/wp-json\/wp\/v2\/product_cat?post=386863"},{"taxonomy":"product_tag","embeddable":true,"href":"https:\/\/glotomania.com\/pt-pt\/wp-json\/wp\/v2\/product_tag?post=386863"}],"curies":[{"name":"wp","href":"https:\/\/api.w.org\/{rel}","templated":true}]}}