{"id":386864,"date":"2025-09-02T10:16:02","date_gmt":"2025-09-02T10:16:02","guid":{"rendered":"https:\/\/glotomania.com\/p\/nata-vegetal-ambiante-1-l-2\/"},"modified":"2026-04-28T10:20:15","modified_gmt":"2026-04-28T10:20:15","slug":"nata-vegetal-ambiante-1-l-2","status":"publish","type":"product","link":"https:\/\/glotomania.com\/pt-pt\/p\/nata-vegetal-ambiante-1-l-2\/","title":{"rendered":"Nata Vegetal Ambiante 1 L"},"content":{"rendered":"<p>&nbsp;<\/p>\n<p><span style=\"color:#000000\"><span style=\"font-size:14px\">Ideal para as nossas decora&ccedil;&otilde;es, mousses, recheios e coberturas. Ligeiramente leitoso no paladar, sem ser gorduroso ou deixar um sabor residual na boca. Gra&ccedil;as &agrave; sua <strong>cor branca<\/strong>, &eacute; ideal para adicionar corantes, obtendo excelentes resultados.&nbsp;<br \/>\nA sua textura cremosa e uniforme permite um perfeito alisamento e <strong>estabilidade<\/strong>. Mant&eacute;m a sua estabilidade mesmo a<em> temperaturas extremas.<\/em><\/span><\/span><\/p>\n<p><span style=\"color:#000000\"><span style=\"font-size:14px\">Ideal para obter recheios deliciosos, misturar com cacau, creme de pastelaria, aromas, corantes, chocolate, caf&eacute;, pastas, licores, sumos de fruta,&#8230; Al&eacute;m disso, pode ser misturado com chantilly comum para obter o nosso<strong> creme de&nbsp;caseiro<\/strong> com maior estabilidade.&nbsp;<\/span><\/span><\/p>\n<p><span style=\"color:#000000\"><span style=\"font-size:14px\"><strong>M&eacute;todo de utiliza&ccedil;&atilde;o:<\/strong><br \/>\nBata em poucos minutos e, uma vez batido, aumenta o seu volume em quatro.&nbsp;<\/span><\/span><\/p>\n<p><span style=\"color:#000000\"><span style=\"font-size:14px\">Deve ser deixado a arrefecer no frigor&iacute;fico durante um m&iacute;nimo de 12 horas, para atingir 5 \/ 7 &ordm;C antes da batida, conseguindo assim uma maior estabilidade. Bater &agrave; velocidade m&eacute;dia num recipiente frio e seco at&eacute; atingir o ponto desejado.<\/span><\/span><\/p>\n<p><span style=\"color:#000000\"><span style=\"font-size:14px\">O creme j&aacute; batido que n&atilde;o vamos utilizar deve ser mantido no frigor&iacute;fico, podendo ser montado de novo mais tarde sem alterar a elabora&ccedil;&atilde;o.<em>Uma vez batido, o produto &eacute; est&aacute;vel ao congelamento e descongelamento.&nbsp;<\/em><\/span><\/span><\/p>\n","protected":false},"excerpt":{"rendered":"<p>Nata vegetal Ambiante, ideal para decora\u00e7\u00f5es e recheios, com linhas perfeitas e est\u00e1veis.<\/p>\n","protected":false},"featured_media":39547,"comment_status":"open","ping_status":"closed","template":"","meta":{"_acf_changed":false},"pwb-brand":[],"product_brand":[],"product_cat":[1832,1833,1893,3036,2996,3004],"product_tag":[],"class_list":{"0":"post-386864","1":"product","2":"type-product","3":"status-publish","4":"has-post-thumbnail","6":"product_cat-diestas-especiales","7":"product_cat-dieta-sin-gluten","8":"product_cat-nata-vegetal","9":"product_cat-natas-vegetais-2","10":"product_cat-produtos-vegetarianos","11":"product_cat-sem-gluten-2","13":"first","14":"instock","15":"taxable","16":"shipping-taxable","17":"purchasable","18":"product-type-simple"},"acf":[],"df_price":4.35,"df_sale_price":"","df_regular_price":4.35,"df_image_link":"https:\/\/glotomania.com\/wp-content\/uploads\/2022\/09\/img_19264_490a37dece36db422cb85ffcb3c14064_1-300x300.png","brands":[],"_links":{"self":[{"href":"https:\/\/glotomania.com\/pt-pt\/wp-json\/wp\/v2\/product\/386864","targetHints":{"allow":["GET"]}}],"collection":[{"href":"https:\/\/glotomania.com\/pt-pt\/wp-json\/wp\/v2\/product"}],"about":[{"href":"https:\/\/glotomania.com\/pt-pt\/wp-json\/wp\/v2\/types\/product"}],"replies":[{"embeddable":true,"href":"https:\/\/glotomania.com\/pt-pt\/wp-json\/wp\/v2\/comments?post=386864"}],"wp:featuredmedia":[{"embeddable":true,"href":"https:\/\/glotomania.com\/pt-pt\/wp-json\/wp\/v2\/media\/39547"}],"wp:attachment":[{"href":"https:\/\/glotomania.com\/pt-pt\/wp-json\/wp\/v2\/media?parent=386864"}],"wp:term":[{"taxonomy":"pwb-brand","embeddable":true,"href":"https:\/\/glotomania.com\/pt-pt\/wp-json\/wp\/v2\/pwb-brand?post=386864"},{"taxonomy":"product_brand","embeddable":true,"href":"https:\/\/glotomania.com\/pt-pt\/wp-json\/wp\/v2\/product_brand?post=386864"},{"taxonomy":"product_cat","embeddable":true,"href":"https:\/\/glotomania.com\/pt-pt\/wp-json\/wp\/v2\/product_cat?post=386864"},{"taxonomy":"product_tag","embeddable":true,"href":"https:\/\/glotomania.com\/pt-pt\/wp-json\/wp\/v2\/product_tag?post=386864"}],"curies":[{"name":"wp","href":"https:\/\/api.w.org\/{rel}","templated":true}]}}