{"id":386866,"date":"2025-09-02T10:16:04","date_gmt":"2025-09-02T10:16:04","guid":{"rendered":"https:\/\/glotomania.com\/p\/colorante-en-gel-progel-rainbow-dust-baby-blue-azul-bebe-25-g-2\/"},"modified":"2026-04-23T22:09:44","modified_gmt":"2026-04-23T22:09:44","slug":"colorante-en-gel-progel-rainbow-dust-baby-blue-azul-bebe-25-g-2","status":"publish","type":"product","link":"https:\/\/glotomania.com\/pt-pt\/p\/colorante-en-gel-progel-rainbow-dust-baby-blue-azul-bebe-25-g-2\/","title":{"rendered":"Corante Em Gel &#8220;progel&#8221; Rainbow Dust &#8211; Baby Blue 25 G"},"content":{"rendered":"<p>&nbsp;<\/p>\n<p><span style=\"color:#000000\"><span style=\"font-size:14px\">Basta misturar em sua pasta de a&ccedil;&uacute;car, ma&ccedil;ap&atilde;o, buttercream ou massa e v&ecirc;-lo se transformar em sua cor desejada.<\/span><\/span><\/p>\n<p><span style=\"color:#000000\"><span style=\"font-size:14px\"><strong>Instru&ccedil;&otilde;es<\/strong><\/span><\/span><\/p>\n<p><span style=\"color:#000000\"><span style=\"font-size:14px\">Para cada kg de bolo ou&nbsp;decora&ccedil;&atilde;o, n&atilde;o deve usar mais de 3g de ProGel. Pode ser usado em uma &aacute;rea espec&iacute;fica, contanto que seja usado menos em outro lugar e a m&eacute;dia n&atilde;o seja excedida.<\/span><\/span><\/p>\n<p><span style=\"color:#000000\"><span style=\"font-size:14px\"><strong style=\"font-size: 14px\">Dose m&aacute;xima recomendada:&nbsp;<\/strong>3 g de Progel para cada 1 kg de massa.<\/span><\/span><\/p>\n","protected":false},"excerpt":{"rendered":"<p>Corante em gel Progel Azul beb\u00ea, altamente concentrado que s\u00f3 precisa de pouca quantidade para dar cores profundas e ricas \u00e0s cria\u00e7\u00f5es.<\/p>\n","protected":false},"featured_media":151142,"comment_status":"open","ping_status":"closed","template":"","meta":{"_acf_changed":false},"pwb-brand":[],"product_brand":[],"product_cat":[1835,1897,2953,2957,1832,1902,2999,2921,1858],"product_tag":[],"class_list":{"0":"post-386866","1":"product","2":"type-product","3":"status-publish","4":"has-post-thumbnail","6":"product_cat-colorantes","7":"product_cat-colorantes-gel","8":"product_cat-corantes-e-pinturas","9":"product_cat-corantes-em-gel-2","10":"product_cat-diestas-especiales","11":"product_cat-dieta-kosher","12":"product_cat-kosher-2","13":"product_cat-pascoa","14":"product_cat-pascua","16":"first","17":"instock","18":"taxable","19":"shipping-taxable","20":"purchasable","21":"product-type-simple"},"acf":[],"df_price":3.73,"df_sale_price":"","df_regular_price":3.73,"df_image_link":"https:\/\/glotomania.com\/wp-content\/uploads\/2025\/09\/img_16085_9b87d5a7477e26d50c9a26f2c5bf8913_1-300x300.png","brands":[],"_links":{"self":[{"href":"https:\/\/glotomania.com\/pt-pt\/wp-json\/wp\/v2\/product\/386866","targetHints":{"allow":["GET"]}}],"collection":[{"href":"https:\/\/glotomania.com\/pt-pt\/wp-json\/wp\/v2\/product"}],"about":[{"href":"https:\/\/glotomania.com\/pt-pt\/wp-json\/wp\/v2\/types\/product"}],"replies":[{"embeddable":true,"href":"https:\/\/glotomania.com\/pt-pt\/wp-json\/wp\/v2\/comments?post=386866"}],"wp:featuredmedia":[{"embeddable":true,"href":"https:\/\/glotomania.com\/pt-pt\/wp-json\/wp\/v2\/media\/151142"}],"wp:attachment":[{"href":"https:\/\/glotomania.com\/pt-pt\/wp-json\/wp\/v2\/media?parent=386866"}],"wp:term":[{"taxonomy":"pwb-brand","embeddable":true,"href":"https:\/\/glotomania.com\/pt-pt\/wp-json\/wp\/v2\/pwb-brand?post=386866"},{"taxonomy":"product_brand","embeddable":true,"href":"https:\/\/glotomania.com\/pt-pt\/wp-json\/wp\/v2\/product_brand?post=386866"},{"taxonomy":"product_cat","embeddable":true,"href":"https:\/\/glotomania.com\/pt-pt\/wp-json\/wp\/v2\/product_cat?post=386866"},{"taxonomy":"product_tag","embeddable":true,"href":"https:\/\/glotomania.com\/pt-pt\/wp-json\/wp\/v2\/product_tag?post=386866"}],"curies":[{"name":"wp","href":"https:\/\/api.w.org\/{rel}","templated":true}]}}