{"id":386885,"date":"2025-09-02T10:16:14","date_gmt":"2025-09-02T10:16:14","guid":{"rendered":"https:\/\/glotomania.com\/p\/colorante-en-gel-progel-rainbow-dust-olive-green-verde-oliva-25-g-2\/"},"modified":"2026-03-11T10:17:18","modified_gmt":"2026-03-11T10:17:18","slug":"colorante-en-gel-progel-rainbow-dust-olive-green-verde-oliva-25-g-2","status":"publish","type":"product","link":"https:\/\/glotomania.com\/pt-pt\/p\/colorante-en-gel-progel-rainbow-dust-olive-green-verde-oliva-25-g-2\/","title":{"rendered":"Corante Em Gel &#8220;progel&#8221; Rainbow Dust &#8211; Olive Green 25 G"},"content":{"rendered":"<p>&nbsp;<\/p>\n<p><span style=\"font-size:14px\"><strong>Rainbow Dust ProGel<\/strong>&nbsp;s&atilde;o corantes de alimentos profissionais em gel que s&atilde;o t&atilde;o altamente concentrados que s&oacute; precisam de pouca&nbsp;quantidade para dar cores profundas e ricas &agrave;s cria&ccedil;&otilde;es.<\/span><\/p>\n<p><span style=\"font-size:14px\">Basta misturar em sua pasta de a&ccedil;&uacute;car, ma&ccedil;ap&atilde;o, buttercream ou massa e v&ecirc;-lo se transformar em sua cor desejada.<\/span><\/p>\n<p><strong style=\"font-size: 14px\">Dose m&aacute;xima recomendada:&nbsp;<\/strong><span style=\"font-size:14px\">3 g de Progel para cada 1 kg de massa.&nbsp;(dose m&aacute;xima 5 g).<\/span><\/p>\n","protected":false},"excerpt":{"rendered":"<p>Corante em gel concentrado Progel Verde oliva, altamente concentrado que s\u00f3 precisa de pouca quantidade para dar cores profundas e ricas \u00e0s cria\u00e7\u00f5es.<\/p>\n","protected":false},"featured_media":151181,"comment_status":"open","ping_status":"closed","template":"","meta":{"_acf_changed":false},"pwb-brand":[],"product_brand":[],"product_cat":[1835,1897,2953,2957,1832,1902,2999,2996],"product_tag":[],"class_list":{"0":"post-386885","1":"product","2":"type-product","3":"status-publish","4":"has-post-thumbnail","6":"product_cat-colorantes","7":"product_cat-colorantes-gel","8":"product_cat-corantes-e-pinturas","9":"product_cat-corantes-em-gel-2","10":"product_cat-diestas-especiales","11":"product_cat-dieta-kosher","12":"product_cat-kosher-2","13":"product_cat-produtos-vegetarianos","15":"first","16":"outofstock","17":"taxable","18":"shipping-taxable","19":"purchasable","20":"product-type-simple"},"acf":[],"df_price":3.73,"df_sale_price":"","df_regular_price":3.73,"df_image_link":"https:\/\/glotomania.com\/wp-content\/uploads\/2025\/09\/img_16126_6b6941efbfaeecc3e4217293c0af0b6c_1-300x300.png","brands":[],"_links":{"self":[{"href":"https:\/\/glotomania.com\/pt-pt\/wp-json\/wp\/v2\/product\/386885","targetHints":{"allow":["GET"]}}],"collection":[{"href":"https:\/\/glotomania.com\/pt-pt\/wp-json\/wp\/v2\/product"}],"about":[{"href":"https:\/\/glotomania.com\/pt-pt\/wp-json\/wp\/v2\/types\/product"}],"replies":[{"embeddable":true,"href":"https:\/\/glotomania.com\/pt-pt\/wp-json\/wp\/v2\/comments?post=386885"}],"wp:featuredmedia":[{"embeddable":true,"href":"https:\/\/glotomania.com\/pt-pt\/wp-json\/wp\/v2\/media\/151181"}],"wp:attachment":[{"href":"https:\/\/glotomania.com\/pt-pt\/wp-json\/wp\/v2\/media?parent=386885"}],"wp:term":[{"taxonomy":"pwb-brand","embeddable":true,"href":"https:\/\/glotomania.com\/pt-pt\/wp-json\/wp\/v2\/pwb-brand?post=386885"},{"taxonomy":"product_brand","embeddable":true,"href":"https:\/\/glotomania.com\/pt-pt\/wp-json\/wp\/v2\/product_brand?post=386885"},{"taxonomy":"product_cat","embeddable":true,"href":"https:\/\/glotomania.com\/pt-pt\/wp-json\/wp\/v2\/product_cat?post=386885"},{"taxonomy":"product_tag","embeddable":true,"href":"https:\/\/glotomania.com\/pt-pt\/wp-json\/wp\/v2\/product_tag?post=386885"}],"curies":[{"name":"wp","href":"https:\/\/api.w.org\/{rel}","templated":true}]}}