{"id":386894,"date":"2025-09-02T10:16:23","date_gmt":"2025-09-02T10:16:23","guid":{"rendered":"https:\/\/glotomania.com\/p\/colorante-en-gel-progel-rainbow-dust-sky-blue-azul-cielo-25-g-2\/"},"modified":"2026-04-22T16:34:35","modified_gmt":"2026-04-22T16:34:35","slug":"colorante-en-gel-progel-rainbow-dust-sky-blue-azul-cielo-25-g-2","status":"publish","type":"product","link":"https:\/\/glotomania.com\/pt-pt\/p\/colorante-en-gel-progel-rainbow-dust-sky-blue-azul-cielo-25-g-2\/","title":{"rendered":"Corante Em Gel &#8220;progel&#8221; Rainbow Dust &#8211; Sky Blue 25 G"},"content":{"rendered":"<p>&nbsp;<\/p>\n<p><span style=\"font-size: 14px\">Basta misturar em sua pasta de a&ccedil;&uacute;car, ma&ccedil;ap&atilde;o, buttercream ou massa e v&ecirc;-lo se transformar em sua cor desejada.<\/span><\/p>\n<p><span style=\"font-size: 14px\"><strong>Instru&ccedil;&otilde;es<\/strong><\/span><\/p>\n<p><span style=\"font-size: 14px\">Para cada kg de bolo ou&nbsp;decora&ccedil;&atilde;o, n&atilde;o deve usar mais de 3g de ProGel. Pode ser usado em uma &aacute;rea espec&iacute;fica, contanto que seja usado menos em outro lugar e a m&eacute;dia n&atilde;o seja excedida.<\/span><\/p>\n<p><strong style=\"font-size: 14px\">Dose m&aacute;xima recomendada:&nbsp;<\/strong><span style=\"font-size: 14px\">3 g de Progel para cada 1 kg de massa.&nbsp;(dose m&aacute;xima 9&nbsp;g).<\/span><\/p>\n","protected":false},"excerpt":{"rendered":"<p>Corante em gel concentrado Progel Azul c\u00e9u, altamente concentrado que s\u00f3 precisa de pouca quantidade para dar cores profundas e ricas \u00e0s cria\u00e7\u00f5es.<\/p>\n","protected":false},"featured_media":151201,"comment_status":"open","ping_status":"closed","template":"","meta":{"_acf_changed":false},"pwb-brand":[],"product_brand":[],"product_cat":[2953,2957,2999,2921,1835,1897,1832,1902,1858],"product_tag":[],"class_list":{"0":"post-386894","1":"product","2":"type-product","3":"status-publish","4":"has-post-thumbnail","6":"product_cat-corantes-e-pinturas","7":"product_cat-corantes-em-gel-2","8":"product_cat-kosher-2","9":"product_cat-pascoa","10":"product_cat-colorantes","11":"product_cat-colorantes-gel","12":"product_cat-diestas-especiales","13":"product_cat-dieta-kosher","14":"product_cat-pascua","16":"first","17":"instock","18":"taxable","19":"shipping-taxable","20":"purchasable","21":"product-type-simple"},"acf":[],"df_price":3.73,"df_sale_price":"","df_regular_price":3.73,"df_image_link":"https:\/\/glotomania.com\/wp-content\/uploads\/2025\/09\/img_16143_abd3312c77a24707a652b712b4695076_1-300x300.png","brands":[],"_links":{"self":[{"href":"https:\/\/glotomania.com\/pt-pt\/wp-json\/wp\/v2\/product\/386894","targetHints":{"allow":["GET"]}}],"collection":[{"href":"https:\/\/glotomania.com\/pt-pt\/wp-json\/wp\/v2\/product"}],"about":[{"href":"https:\/\/glotomania.com\/pt-pt\/wp-json\/wp\/v2\/types\/product"}],"replies":[{"embeddable":true,"href":"https:\/\/glotomania.com\/pt-pt\/wp-json\/wp\/v2\/comments?post=386894"}],"wp:featuredmedia":[{"embeddable":true,"href":"https:\/\/glotomania.com\/pt-pt\/wp-json\/wp\/v2\/media\/151201"}],"wp:attachment":[{"href":"https:\/\/glotomania.com\/pt-pt\/wp-json\/wp\/v2\/media?parent=386894"}],"wp:term":[{"taxonomy":"pwb-brand","embeddable":true,"href":"https:\/\/glotomania.com\/pt-pt\/wp-json\/wp\/v2\/pwb-brand?post=386894"},{"taxonomy":"product_brand","embeddable":true,"href":"https:\/\/glotomania.com\/pt-pt\/wp-json\/wp\/v2\/product_brand?post=386894"},{"taxonomy":"product_cat","embeddable":true,"href":"https:\/\/glotomania.com\/pt-pt\/wp-json\/wp\/v2\/product_cat?post=386894"},{"taxonomy":"product_tag","embeddable":true,"href":"https:\/\/glotomania.com\/pt-pt\/wp-json\/wp\/v2\/product_tag?post=386894"}],"curies":[{"name":"wp","href":"https:\/\/api.w.org\/{rel}","templated":true}]}}