{"id":386895,"date":"2025-09-02T10:16:23","date_gmt":"2025-09-02T10:16:23","guid":{"rendered":"https:\/\/glotomania.com\/p\/colorante-en-gel-progel-rainbow-dust-strawberry-fresa-25-g-2\/"},"modified":"2026-04-22T17:27:36","modified_gmt":"2026-04-22T17:27:36","slug":"colorante-en-gel-progel-rainbow-dust-strawberry-fresa-25-g-2","status":"publish","type":"product","link":"https:\/\/glotomania.com\/pt-pt\/p\/colorante-en-gel-progel-rainbow-dust-strawberry-fresa-25-g-2\/","title":{"rendered":"Corante Em Gel &#8220;progel&#8221; Rainbow Dust &#8211; Strawberry 25 G"},"content":{"rendered":"<p>&nbsp;<\/p>\n<p><span style=\"font-size: 14px\">Basta misturar em sua pasta de a&ccedil;&uacute;car, ma&ccedil;ap&atilde;o, buttercream ou massa e v&ecirc;-lo se transformar em sua cor desejada.<\/span><\/p>\n<p><span style=\"font-size: 14px\"><strong>Instru&ccedil;&otilde;es<\/strong><\/span><\/p>\n<p><span style=\"font-size: 14px\">Para cada kg de bolo ou&nbsp;decora&ccedil;&atilde;o, n&atilde;o deve usar mais de 3g de ProGel. Pode ser usado em uma &aacute;rea espec&iacute;fica, contanto que seja usado menos em outro lugar e a m&eacute;dia n&atilde;o seja excedida.<\/span><\/p>\n<p><strong style=\"font-size: 14px\">Dose m&aacute;xima recomendada:&nbsp;<\/strong><span style=\"font-size: 14px\">3 g de Progel para cada 1 kg de massa.&nbsp;<\/span><\/p>\n","protected":false},"excerpt":{"rendered":"<p>Corante em gel concentrado Progel Morango, altamente concentrado que s\u00f3 precisa de pouca quantidade para dar cores profundas e ricas \u00e0s cria\u00e7\u00f5es.<\/p>\n","protected":false},"featured_media":151204,"comment_status":"open","ping_status":"closed","template":"","meta":{"_acf_changed":false},"pwb-brand":[],"product_brand":[],"product_cat":[1852,1835,1897,2957,1832,1902,2999,2921,1858,2924],"product_tag":[],"class_list":{"0":"post-386895","1":"product","2":"type-product","3":"status-publish","4":"has-post-thumbnail","6":"product_cat-san-valentin","7":"product_cat-colorantes","8":"product_cat-colorantes-gel","9":"product_cat-corantes-em-gel-2","10":"product_cat-diestas-especiales","11":"product_cat-dieta-kosher","12":"product_cat-kosher-2","13":"product_cat-pascoa","14":"product_cat-pascua","15":"product_cat-sao-valentim-2","17":"first","18":"outofstock","19":"taxable","20":"shipping-taxable","21":"purchasable","22":"product-type-simple"},"acf":[],"df_price":3.73,"df_sale_price":"","df_regular_price":3.73,"df_image_link":"https:\/\/glotomania.com\/wp-content\/uploads\/2025\/09\/img_16145_67f0223085561c7738ee400daca6546b_1-300x300.png","brands":[],"_links":{"self":[{"href":"https:\/\/glotomania.com\/pt-pt\/wp-json\/wp\/v2\/product\/386895","targetHints":{"allow":["GET"]}}],"collection":[{"href":"https:\/\/glotomania.com\/pt-pt\/wp-json\/wp\/v2\/product"}],"about":[{"href":"https:\/\/glotomania.com\/pt-pt\/wp-json\/wp\/v2\/types\/product"}],"replies":[{"embeddable":true,"href":"https:\/\/glotomania.com\/pt-pt\/wp-json\/wp\/v2\/comments?post=386895"}],"wp:featuredmedia":[{"embeddable":true,"href":"https:\/\/glotomania.com\/pt-pt\/wp-json\/wp\/v2\/media\/151204"}],"wp:attachment":[{"href":"https:\/\/glotomania.com\/pt-pt\/wp-json\/wp\/v2\/media?parent=386895"}],"wp:term":[{"taxonomy":"pwb-brand","embeddable":true,"href":"https:\/\/glotomania.com\/pt-pt\/wp-json\/wp\/v2\/pwb-brand?post=386895"},{"taxonomy":"product_brand","embeddable":true,"href":"https:\/\/glotomania.com\/pt-pt\/wp-json\/wp\/v2\/product_brand?post=386895"},{"taxonomy":"product_cat","embeddable":true,"href":"https:\/\/glotomania.com\/pt-pt\/wp-json\/wp\/v2\/product_cat?post=386895"},{"taxonomy":"product_tag","embeddable":true,"href":"https:\/\/glotomania.com\/pt-pt\/wp-json\/wp\/v2\/product_tag?post=386895"}],"curies":[{"name":"wp","href":"https:\/\/api.w.org\/{rel}","templated":true}]}}