{"id":386907,"date":"2025-09-02T10:16:30","date_gmt":"2025-09-02T10:16:30","guid":{"rendered":"https:\/\/glotomania.com\/p\/colorante-en-polvo-mate-rainbow-dust-lemon-tart-amarillo-limon-2\/"},"modified":"2026-04-14T01:49:06","modified_gmt":"2026-04-14T01:49:06","slug":"colorante-en-polvo-mate-rainbow-dust-lemon-tart-amarillo-limon-2","status":"publish","type":"product","link":"https:\/\/glotomania.com\/pt-pt\/p\/colorante-en-polvo-mate-rainbow-dust-lemon-tart-amarillo-limon-2\/","title":{"rendered":"Corante Em P\u00d3 Mate Rainbow Dust &#8211; Lemon Tart"},"content":{"rendered":"<p>&nbsp;<\/p>\n<p><span style=\"font-size: 14px\">Corante em p&oacute; 100% comest&iacute;vel Rainbow Dust, perfeito para adicionar detalhes de cor&nbsp;<strong>mate<\/strong>&nbsp;aos seus bolos e decora&ccedil;&otilde;es. Pode utilizar uma escova, ou salpic&aacute;-la directamente sobre a prepara&ccedil;&atilde;o.<\/span><\/p>\n<p><span style=\"font-size: 14px\">Tamb&eacute;m pode ser usada para preparar a sua pr&oacute;pria&nbsp;<strong>tinta<\/strong>&nbsp;<strong>comest&iacute;vel<\/strong>, basta mistur&aacute;-la com &aacute;lcool alimentar branco.<\/span><\/p>\n<p><span style=\"font-size: 14px\">Dependendo do tamanho das part&iacute;culas da mat&eacute;ria-prima, o conte&uacute;do pode variar de 2 a 5 g.<\/span><\/p>\n","protected":false},"excerpt":{"rendered":"<p>Lindo corante em p\u00f3 fosco intenso Rainbow Dust, para adicionar cor e textura \u00e0s nossas cria\u00e7\u00f5es comest\u00edveis.<\/p>\n","protected":false},"featured_media":151224,"comment_status":"open","ping_status":"closed","template":"","meta":{"_acf_changed":false},"pwb-brand":[],"product_brand":[],"product_cat":[1835,1894,2953,2961,1832,1902,2999,2921,1858],"product_tag":[],"class_list":{"0":"post-386907","1":"product","2":"type-product","3":"status-publish","4":"has-post-thumbnail","6":"product_cat-colorantes","7":"product_cat-colorantes-polvo","8":"product_cat-corantes-e-pinturas","9":"product_cat-corantes-em-po-2","10":"product_cat-diestas-especiales","11":"product_cat-dieta-kosher","12":"product_cat-kosher-2","13":"product_cat-pascoa","14":"product_cat-pascua","16":"first","17":"instock","18":"taxable","19":"shipping-taxable","20":"purchasable","21":"product-type-simple"},"acf":[],"df_price":2.86,"df_sale_price":"","df_regular_price":2.86,"df_image_link":"https:\/\/glotomania.com\/wp-content\/uploads\/2025\/09\/img_14569_88d0d36741a04d633b5ade636daa2cc3_1-300x300.png","brands":[],"_links":{"self":[{"href":"https:\/\/glotomania.com\/pt-pt\/wp-json\/wp\/v2\/product\/386907","targetHints":{"allow":["GET"]}}],"collection":[{"href":"https:\/\/glotomania.com\/pt-pt\/wp-json\/wp\/v2\/product"}],"about":[{"href":"https:\/\/glotomania.com\/pt-pt\/wp-json\/wp\/v2\/types\/product"}],"replies":[{"embeddable":true,"href":"https:\/\/glotomania.com\/pt-pt\/wp-json\/wp\/v2\/comments?post=386907"}],"wp:featuredmedia":[{"embeddable":true,"href":"https:\/\/glotomania.com\/pt-pt\/wp-json\/wp\/v2\/media\/151224"}],"wp:attachment":[{"href":"https:\/\/glotomania.com\/pt-pt\/wp-json\/wp\/v2\/media?parent=386907"}],"wp:term":[{"taxonomy":"pwb-brand","embeddable":true,"href":"https:\/\/glotomania.com\/pt-pt\/wp-json\/wp\/v2\/pwb-brand?post=386907"},{"taxonomy":"product_brand","embeddable":true,"href":"https:\/\/glotomania.com\/pt-pt\/wp-json\/wp\/v2\/product_brand?post=386907"},{"taxonomy":"product_cat","embeddable":true,"href":"https:\/\/glotomania.com\/pt-pt\/wp-json\/wp\/v2\/product_cat?post=386907"},{"taxonomy":"product_tag","embeddable":true,"href":"https:\/\/glotomania.com\/pt-pt\/wp-json\/wp\/v2\/product_tag?post=386907"}],"curies":[{"name":"wp","href":"https:\/\/api.w.org\/{rel}","templated":true}]}}