{"id":386929,"date":"2025-09-02T10:16:42","date_gmt":"2025-09-02T10:16:42","guid":{"rendered":"https:\/\/glotomania.com\/p\/set-rotuladores-no-toxicos-colores-metalizados-2\/"},"modified":"2026-04-28T00:10:58","modified_gmt":"2026-04-28T00:10:58","slug":"set-rotuladores-no-toxicos-colores-metalizados-2","status":"publish","type":"product","link":"https:\/\/glotomania.com\/pt-pt\/p\/set-rotuladores-no-toxicos-colores-metalizados-2\/","title":{"rendered":"Set De Marcadores (n\u00c3o T\u00d3xicos) &#8211; Cores Met\u00c1licas"},"content":{"rendered":"<p>&nbsp;<\/p>\n<p><span style=\"font-size:14px\">Um conjunto &uacute;nico com as cores met&aacute;licas mais populares: ouro e prata, combinados com o branco.<\/span><\/p>\n<p><span style=\"font-size:14px\">Tem um efeito m&aacute;gico e brilhante. A tecnologia &uacute;nica da tinta em gel assegura uma escrita suave e resultados de colora&ccedil;&atilde;o e &eacute; muito f&aacute;cil de utilizar (n&atilde;o &eacute; necess&aacute;ria press&atilde;o).<\/span><\/p>\n","protected":false},"excerpt":{"rendered":"<p>Conjunto de 3 canetas de feltro n\u00e3o t\u00f3xicas, inclui as cores brilhantes: ouro, prata e branco.<\/p>\n","protected":false},"featured_media":151263,"comment_status":"open","ping_status":"closed","template":"","meta":{"_acf_changed":false},"pwb-brand":[],"product_brand":[],"product_cat":[2975,1837],"product_tag":[],"class_list":{"0":"post-386929","1":"product","2":"type-product","3":"status-publish","4":"has-post-thumbnail","6":"product_cat-canetas-alimentares-2","7":"product_cat-rotuladores-comestibles","9":"first","10":"instock","11":"taxable","12":"shipping-taxable","13":"purchasable","14":"product-type-simple"},"acf":[],"df_price":2.42,"df_sale_price":2.42,"df_regular_price":6.04,"df_image_link":"https:\/\/glotomania.com\/wp-content\/uploads\/2025\/09\/img_14261_40a9af68eedb820540fa76b19575e120_1-300x300.png","brands":[],"_links":{"self":[{"href":"https:\/\/glotomania.com\/pt-pt\/wp-json\/wp\/v2\/product\/386929","targetHints":{"allow":["GET"]}}],"collection":[{"href":"https:\/\/glotomania.com\/pt-pt\/wp-json\/wp\/v2\/product"}],"about":[{"href":"https:\/\/glotomania.com\/pt-pt\/wp-json\/wp\/v2\/types\/product"}],"replies":[{"embeddable":true,"href":"https:\/\/glotomania.com\/pt-pt\/wp-json\/wp\/v2\/comments?post=386929"}],"wp:featuredmedia":[{"embeddable":true,"href":"https:\/\/glotomania.com\/pt-pt\/wp-json\/wp\/v2\/media\/151263"}],"wp:attachment":[{"href":"https:\/\/glotomania.com\/pt-pt\/wp-json\/wp\/v2\/media?parent=386929"}],"wp:term":[{"taxonomy":"pwb-brand","embeddable":true,"href":"https:\/\/glotomania.com\/pt-pt\/wp-json\/wp\/v2\/pwb-brand?post=386929"},{"taxonomy":"product_brand","embeddable":true,"href":"https:\/\/glotomania.com\/pt-pt\/wp-json\/wp\/v2\/product_brand?post=386929"},{"taxonomy":"product_cat","embeddable":true,"href":"https:\/\/glotomania.com\/pt-pt\/wp-json\/wp\/v2\/product_cat?post=386929"},{"taxonomy":"product_tag","embeddable":true,"href":"https:\/\/glotomania.com\/pt-pt\/wp-json\/wp\/v2\/product_tag?post=386929"}],"curies":[{"name":"wp","href":"https:\/\/api.w.org\/{rel}","templated":true}]}}