{"id":386945,"date":"2025-09-02T10:16:48","date_gmt":"2025-09-02T10:16:48","guid":{"rendered":"https:\/\/glotomania.com\/p\/colorante-en-pasta-espectral-sugarflair-spruce-green-verde-abeto-25-g-2\/"},"modified":"2026-03-10T12:07:43","modified_gmt":"2026-03-10T12:07:43","slug":"colorante-en-pasta-espectral-sugarflair-spruce-green-verde-abeto-25-g-2","status":"publish","type":"product","link":"https:\/\/glotomania.com\/pt-pt\/p\/colorante-en-pasta-espectral-sugarflair-spruce-green-verde-abeto-25-g-2\/","title":{"rendered":"Corante Em Pasta Espectral Sugarflair &#8211; Spruce Green \/ Verde Abeto 25 G"},"content":{"rendered":"<p>\n<span style=\"font-size: 14px\"><strong>M&eacute;todo de utiliza&ccedil;&atilde;o:<\/strong><br \/>\nAplicar a cor em pequenas quantidades na massa com um pau limpo ou similar, e depois amassar bem at&eacute; que a massa esteja completamente colorida.<\/span><\/p>\n<p><u><em><span style=\"font-size: 14px\">N&atilde;o utilizar mais de 3 g de corante por 1 kg de massa.<\/span><\/em><\/u><\/p>\n","protected":false},"excerpt":{"rendered":"<p>Com os corantes em pasta Sugarflair conseguir\u00e1 tons muito concentrados e vibrantes nas suas prepara\u00e7\u00f5es.<\/p>\n","protected":false},"featured_media":151278,"comment_status":"open","ping_status":"closed","template":"","meta":{"_acf_changed":false},"pwb-brand":[],"product_brand":[],"product_cat":[2953,2959,2999,2920,1835,1836,1832,1902,1833,1866],"product_tag":[],"class_list":{"0":"post-386945","1":"product","2":"type-product","3":"status-publish","4":"has-post-thumbnail","6":"product_cat-corantes-e-pinturas","7":"product_cat-corantes-em-pasta-2","8":"product_cat-kosher-2","9":"product_cat-natal-2","10":"product_cat-colorantes","11":"product_cat-colorantes-pasta","12":"product_cat-diestas-especiales","13":"product_cat-dieta-kosher","14":"product_cat-dieta-sin-gluten","15":"product_cat-navidad","17":"first","18":"instock","19":"taxable","20":"shipping-taxable","21":"purchasable","22":"product-type-simple"},"acf":[],"df_price":4.15,"df_sale_price":"","df_regular_price":4.15,"df_image_link":"https:\/\/glotomania.com\/wp-content\/uploads\/2025\/09\/img_12035_4a967dba95f8a28d23f9da02ffc2c254_1-300x300.png","brands":[],"_links":{"self":[{"href":"https:\/\/glotomania.com\/pt-pt\/wp-json\/wp\/v2\/product\/386945","targetHints":{"allow":["GET"]}}],"collection":[{"href":"https:\/\/glotomania.com\/pt-pt\/wp-json\/wp\/v2\/product"}],"about":[{"href":"https:\/\/glotomania.com\/pt-pt\/wp-json\/wp\/v2\/types\/product"}],"replies":[{"embeddable":true,"href":"https:\/\/glotomania.com\/pt-pt\/wp-json\/wp\/v2\/comments?post=386945"}],"wp:featuredmedia":[{"embeddable":true,"href":"https:\/\/glotomania.com\/pt-pt\/wp-json\/wp\/v2\/media\/151278"}],"wp:attachment":[{"href":"https:\/\/glotomania.com\/pt-pt\/wp-json\/wp\/v2\/media?parent=386945"}],"wp:term":[{"taxonomy":"pwb-brand","embeddable":true,"href":"https:\/\/glotomania.com\/pt-pt\/wp-json\/wp\/v2\/pwb-brand?post=386945"},{"taxonomy":"product_brand","embeddable":true,"href":"https:\/\/glotomania.com\/pt-pt\/wp-json\/wp\/v2\/product_brand?post=386945"},{"taxonomy":"product_cat","embeddable":true,"href":"https:\/\/glotomania.com\/pt-pt\/wp-json\/wp\/v2\/product_cat?post=386945"},{"taxonomy":"product_tag","embeddable":true,"href":"https:\/\/glotomania.com\/pt-pt\/wp-json\/wp\/v2\/product_tag?post=386945"}],"curies":[{"name":"wp","href":"https:\/\/api.w.org\/{rel}","templated":true}]}}