{"id":386954,"date":"2025-09-02T10:16:53","date_gmt":"2025-09-02T10:16:53","guid":{"rendered":"https:\/\/glotomania.com\/p\/colorante-en-pasta-espectral-sugarflair-grape-violet-violeta-uva-25-g-2\/"},"modified":"2026-03-10T12:07:59","modified_gmt":"2026-03-10T12:07:59","slug":"colorante-en-pasta-espectral-sugarflair-grape-violet-violeta-uva-25-g-2","status":"publish","type":"product","link":"https:\/\/glotomania.com\/pt-pt\/p\/colorante-en-pasta-espectral-sugarflair-grape-violet-violeta-uva-25-g-2\/","title":{"rendered":"Corante Em Pasta Espectral Sugarflair &#8211; Grape Violet \/ Violeta Uva 25 G"},"content":{"rendered":"<p>\n<span style=\"font-size: 14px\"><strong>M&eacute;todo de utiliza&ccedil;&atilde;o:<\/strong><br \/>\nAplicar a cor em pequenas quantidades na massa com um pau limpo ou similar, e depois amassar bem at&eacute; que a massa esteja completamente colorida.<\/span><\/p>\n<p><u><em><span style=\"font-size: 14px\">N&atilde;o utilizar mais de 3 g de corante por 1 kg de massa.<\/span><\/em><\/u><\/p>\n","protected":false},"excerpt":{"rendered":"<p>Com os corantes em pasta Sugarflair conseguir\u00e1 tons muito concentrados e vibrantes nas suas prepara\u00e7\u00f5es.<\/p>\n","protected":false},"featured_media":151288,"comment_status":"open","ping_status":"closed","template":"","meta":{"_acf_changed":false},"pwb-brand":[],"product_brand":[],"product_cat":[1835,1836,2953,2959,1832,2917,1902,1833,2999,1863],"product_tag":[],"class_list":{"0":"post-386954","1":"product","2":"type-product","3":"status-publish","4":"has-post-thumbnail","6":"product_cat-colorantes","7":"product_cat-colorantes-pasta","8":"product_cat-corantes-e-pinturas","9":"product_cat-corantes-em-pasta-2","10":"product_cat-diestas-especiales","11":"product_cat-halloween","12":"product_cat-dieta-kosher","13":"product_cat-dieta-sin-gluten","14":"product_cat-kosher-2","17":"first","18":"instock","19":"taxable","20":"shipping-taxable","21":"purchasable","22":"product-type-simple"},"acf":[],"df_price":3.99,"df_sale_price":"","df_regular_price":3.99,"df_image_link":"https:\/\/glotomania.com\/wp-content\/uploads\/2025\/09\/img_12050_08124b43d85223f54446d8024ed93bd2_1-300x300.png","brands":[],"_links":{"self":[{"href":"https:\/\/glotomania.com\/pt-pt\/wp-json\/wp\/v2\/product\/386954","targetHints":{"allow":["GET"]}}],"collection":[{"href":"https:\/\/glotomania.com\/pt-pt\/wp-json\/wp\/v2\/product"}],"about":[{"href":"https:\/\/glotomania.com\/pt-pt\/wp-json\/wp\/v2\/types\/product"}],"replies":[{"embeddable":true,"href":"https:\/\/glotomania.com\/pt-pt\/wp-json\/wp\/v2\/comments?post=386954"}],"wp:featuredmedia":[{"embeddable":true,"href":"https:\/\/glotomania.com\/pt-pt\/wp-json\/wp\/v2\/media\/151288"}],"wp:attachment":[{"href":"https:\/\/glotomania.com\/pt-pt\/wp-json\/wp\/v2\/media?parent=386954"}],"wp:term":[{"taxonomy":"pwb-brand","embeddable":true,"href":"https:\/\/glotomania.com\/pt-pt\/wp-json\/wp\/v2\/pwb-brand?post=386954"},{"taxonomy":"product_brand","embeddable":true,"href":"https:\/\/glotomania.com\/pt-pt\/wp-json\/wp\/v2\/product_brand?post=386954"},{"taxonomy":"product_cat","embeddable":true,"href":"https:\/\/glotomania.com\/pt-pt\/wp-json\/wp\/v2\/product_cat?post=386954"},{"taxonomy":"product_tag","embeddable":true,"href":"https:\/\/glotomania.com\/pt-pt\/wp-json\/wp\/v2\/product_tag?post=386954"}],"curies":[{"name":"wp","href":"https:\/\/api.w.org\/{rel}","templated":true}]}}