{"id":386960,"date":"2025-09-18T14:32:36","date_gmt":"2025-09-18T14:32:36","guid":{"rendered":"https:\/\/glotomania.com\/p\/colorante-en-pasta-pastel-sugarflair-sky-blue-azul-cielo-25-g-2\/"},"modified":"2026-03-10T12:08:09","modified_gmt":"2026-03-10T12:08:09","slug":"colorante-en-pasta-pastel-sugarflair-sky-blue-azul-cielo-25-g-2","status":"publish","type":"product","link":"https:\/\/glotomania.com\/pt-pt\/p\/colorante-en-pasta-pastel-sugarflair-sky-blue-azul-cielo-25-g-2\/","title":{"rendered":"Corante Em Pasta Pastel Sugarflair &#8211; Sky Blue \/ Azul Ceu 25 G"},"content":{"rendered":"<p>\n<span style=\"font-size: 14px\"><strong>M&eacute;todo de utiliza&ccedil;&atilde;o:<\/strong><br \/>\nAplicar a cor em pequenas quantidades na massa com um pau limpo ou similar, e depois amassar bem at&eacute; que a massa esteja completamente colorida.<\/span><\/p>\n<p><u><em><span style=\"font-size: 14px\">N&atilde;o utilizar mais de 6&nbsp;g de corante por 1 kg de massa.<\/span><\/em><\/u><\/p>\n","protected":false},"excerpt":{"rendered":"<p>Com os corantes em pasta Sugarflair conseguir\u00e1 tons muito concentrados e vibrantes nas suas prepara\u00e7\u00f5es.<\/p>\n","protected":false},"featured_media":157195,"comment_status":"open","ping_status":"closed","template":"","meta":{"_acf_changed":false},"pwb-brand":[],"product_brand":[],"product_cat":[2959,2999,2921,3001,1835,1836,1832,1902,1845,1833,1858],"product_tag":[],"class_list":{"0":"post-386960","1":"product","2":"type-product","3":"status-publish","4":"has-post-thumbnail","6":"product_cat-corantes-em-pasta-2","7":"product_cat-kosher-2","8":"product_cat-pascoa","9":"product_cat-sem-e-171-2","10":"product_cat-colorantes","11":"product_cat-colorantes-pasta","12":"product_cat-diestas-especiales","13":"product_cat-dieta-kosher","14":"product_cat-dieta-sin-e-171","15":"product_cat-dieta-sin-gluten","16":"product_cat-pascua","18":"first","19":"instock","20":"taxable","21":"shipping-taxable","22":"purchasable","23":"product-type-simple"},"acf":[],"df_price":3.75,"df_sale_price":"","df_regular_price":3.75,"df_image_link":"https:\/\/glotomania.com\/wp-content\/uploads\/2025\/09\/img_25652_ac70746369997b6788080fea57be3ab3_1-300x300.jpg","brands":[],"_links":{"self":[{"href":"https:\/\/glotomania.com\/pt-pt\/wp-json\/wp\/v2\/product\/386960","targetHints":{"allow":["GET"]}}],"collection":[{"href":"https:\/\/glotomania.com\/pt-pt\/wp-json\/wp\/v2\/product"}],"about":[{"href":"https:\/\/glotomania.com\/pt-pt\/wp-json\/wp\/v2\/types\/product"}],"replies":[{"embeddable":true,"href":"https:\/\/glotomania.com\/pt-pt\/wp-json\/wp\/v2\/comments?post=386960"}],"wp:featuredmedia":[{"embeddable":true,"href":"https:\/\/glotomania.com\/pt-pt\/wp-json\/wp\/v2\/media\/157195"}],"wp:attachment":[{"href":"https:\/\/glotomania.com\/pt-pt\/wp-json\/wp\/v2\/media?parent=386960"}],"wp:term":[{"taxonomy":"pwb-brand","embeddable":true,"href":"https:\/\/glotomania.com\/pt-pt\/wp-json\/wp\/v2\/pwb-brand?post=386960"},{"taxonomy":"product_brand","embeddable":true,"href":"https:\/\/glotomania.com\/pt-pt\/wp-json\/wp\/v2\/product_brand?post=386960"},{"taxonomy":"product_cat","embeddable":true,"href":"https:\/\/glotomania.com\/pt-pt\/wp-json\/wp\/v2\/product_cat?post=386960"},{"taxonomy":"product_tag","embeddable":true,"href":"https:\/\/glotomania.com\/pt-pt\/wp-json\/wp\/v2\/product_tag?post=386960"}],"curies":[{"name":"wp","href":"https:\/\/api.w.org\/{rel}","templated":true}]}}