{"id":386964,"date":"2025-09-02T10:16:57","date_gmt":"2025-09-02T10:16:57","guid":{"rendered":"https:\/\/glotomania.com\/p\/colorante-en-pasta-tartranil-sugarflair-poppy-red-rojo-amapola-25-g-2\/"},"modified":"2026-03-23T12:15:00","modified_gmt":"2026-03-23T12:15:00","slug":"colorante-en-pasta-tartranil-sugarflair-poppy-red-rojo-amapola-25-g-2","status":"publish","type":"product","link":"https:\/\/glotomania.com\/pt-pt\/p\/colorante-en-pasta-tartranil-sugarflair-poppy-red-rojo-amapola-25-g-2\/","title":{"rendered":"Corante Em Pasta Tartranil Sugarflair &#8211; Poppy Red \/ Vermelho Poppy 25 G"},"content":{"rendered":"<p>\n<span style=\"color:#000000\"><span style=\"font-size: 14px\"><strong>M&eacute;todo de utiliza&ccedil;&atilde;o:<\/strong><br \/>\nAplicar a cor em pequenas quantidades na massa com um pau limpo ou similar, e depois amassar bem at&eacute; que a massa esteja completamente colorida.<\/span><\/span><\/p>\n<p><span style=\"color:#000000\"><u><em><span style=\"font-size: 14px\">N&atilde;o utilizar mais de 3 g de corante por 1 kg de massa.<\/span><\/em><\/u><\/span><\/p>\n","protected":false},"excerpt":{"rendered":"<p>Com os corantes em pasta Tartranil Sugarflair conseguir\u00e1 os tons mais vivos para as suas prepara\u00e7\u00f5es.<\/p>\n","protected":false},"featured_media":151297,"comment_status":"open","ping_status":"closed","template":"","meta":{"_acf_changed":false},"pwb-brand":[],"product_brand":[],"product_cat":[2953,2959,2999,3004,1835,1836,1832,1902,1833],"product_tag":[],"class_list":{"0":"post-386964","1":"product","2":"type-product","3":"status-publish","4":"has-post-thumbnail","6":"product_cat-corantes-e-pinturas","7":"product_cat-corantes-em-pasta-2","8":"product_cat-kosher-2","9":"product_cat-sem-gluten-2","10":"product_cat-colorantes","11":"product_cat-colorantes-pasta","12":"product_cat-diestas-especiales","13":"product_cat-dieta-kosher","14":"product_cat-dieta-sin-gluten","16":"first","17":"instock","18":"taxable","19":"shipping-taxable","20":"purchasable","21":"product-type-simple"},"acf":[],"df_price":4.15,"df_sale_price":"","df_regular_price":4.15,"df_image_link":"https:\/\/glotomania.com\/wp-content\/uploads\/2025\/09\/img_12077_8ea8f7bfd2b6df6d38595bf514b0d624_1-300x300.png","brands":[],"_links":{"self":[{"href":"https:\/\/glotomania.com\/pt-pt\/wp-json\/wp\/v2\/product\/386964","targetHints":{"allow":["GET"]}}],"collection":[{"href":"https:\/\/glotomania.com\/pt-pt\/wp-json\/wp\/v2\/product"}],"about":[{"href":"https:\/\/glotomania.com\/pt-pt\/wp-json\/wp\/v2\/types\/product"}],"replies":[{"embeddable":true,"href":"https:\/\/glotomania.com\/pt-pt\/wp-json\/wp\/v2\/comments?post=386964"}],"wp:featuredmedia":[{"embeddable":true,"href":"https:\/\/glotomania.com\/pt-pt\/wp-json\/wp\/v2\/media\/151297"}],"wp:attachment":[{"href":"https:\/\/glotomania.com\/pt-pt\/wp-json\/wp\/v2\/media?parent=386964"}],"wp:term":[{"taxonomy":"pwb-brand","embeddable":true,"href":"https:\/\/glotomania.com\/pt-pt\/wp-json\/wp\/v2\/pwb-brand?post=386964"},{"taxonomy":"product_brand","embeddable":true,"href":"https:\/\/glotomania.com\/pt-pt\/wp-json\/wp\/v2\/product_brand?post=386964"},{"taxonomy":"product_cat","embeddable":true,"href":"https:\/\/glotomania.com\/pt-pt\/wp-json\/wp\/v2\/product_cat?post=386964"},{"taxonomy":"product_tag","embeddable":true,"href":"https:\/\/glotomania.com\/pt-pt\/wp-json\/wp\/v2\/product_tag?post=386964"}],"curies":[{"name":"wp","href":"https:\/\/api.w.org\/{rel}","templated":true}]}}