{"id":386982,"date":"2025-09-02T10:17:04","date_gmt":"2025-09-02T10:17:04","guid":{"rendered":"https:\/\/glotomania.com\/p\/colorante-en-polvo-craft-sugarflair-coral-7-ml-2\/"},"modified":"2026-04-27T00:12:35","modified_gmt":"2026-04-27T00:12:35","slug":"colorante-en-polvo-craft-sugarflair-coral-7-ml-2","status":"publish","type":"product","link":"https:\/\/glotomania.com\/pt-pt\/p\/colorante-en-polvo-craft-sugarflair-coral-7-ml-2\/","title":{"rendered":"Corante Em P\u00d3 Craft Sugarflair &#8211; Coral 7 Ml"},"content":{"rendered":"<p>\n<span style=\"color:#000000\"><span style=\"font-size: 14px\">Corante em&nbsp;p&oacute;&nbsp;<strong>n&atilde;o&nbsp;comest&iacute;vel&nbsp;<\/strong>\/&nbsp;<strong>n&atilde;o t&oacute;xico<\/strong>, perfeito para criar cores&nbsp;<strong>vibrantes&nbsp;<\/strong>e&nbsp;<strong>marcantes&nbsp;<\/strong>em, por exemplo, folhas, p&eacute;talas, figuras de ma&ccedil;ap&atilde;o ou fondant.&nbsp;<\/span><\/span><\/p>\n<p><span style=\"color:#000000\"><em><span style=\"font-size: 14px\">&Eacute; adequado para todos os alimentos &agrave; base de &aacute;gua.<\/span><\/em><\/span><\/p>\n<p><span style=\"color:#000000\"><strong><span style=\"font-size: 14px\">M&eacute;todo de utiliza&ccedil;&atilde;o:<\/span><\/strong><\/span><\/p>\n<div><span style=\"color:#000000\"><span style=\"font-size: 14px\">Recomenda-se a aplica&ccedil;&atilde;o de uma pequena quantidade de corante em p&oacute; com um pincel macio.&nbsp;<\/span><\/span><\/div>\n<div><span style=\"color:#000000\"><span style=\"font-size: 14px\">Tamb&eacute;m pode ser usado como tinta misturando parte do p&oacute; com uma gota de &aacute;lcool, por exemplo etanol, como o Sugarflair&#039;s Rejuvenator Spirit (<strong>SF00124&nbsp;<\/strong>e&nbsp;<strong>SF00258<\/strong>).<\/span><\/span><\/div>\n","protected":false},"excerpt":{"rendered":"<p>Corante n\u00e3o t\u00f3xico Sugarflair, ideal para alcan\u00e7ar cores vibrantes e marcantes nas nossas cria\u00e7\u00f5es.<\/p>\n","protected":false},"featured_media":151420,"comment_status":"open","ping_status":"closed","template":"","meta":{"_acf_changed":false},"pwb-brand":[],"product_brand":[],"product_cat":[1852,1835,1894,2953,2961,1832,1833,2920,2996,1866,2924,3004],"product_tag":[],"class_list":{"0":"post-386982","1":"product","2":"type-product","3":"status-publish","4":"has-post-thumbnail","6":"product_cat-san-valentin","7":"product_cat-colorantes","8":"product_cat-colorantes-polvo","9":"product_cat-corantes-e-pinturas","10":"product_cat-corantes-em-po-2","11":"product_cat-diestas-especiales","12":"product_cat-dieta-sin-gluten","13":"product_cat-natal-2","14":"product_cat-produtos-vegetarianos","15":"product_cat-navidad","16":"product_cat-sao-valentim-2","17":"product_cat-sem-gluten-2","19":"first","20":"instock","21":"taxable","22":"shipping-taxable","23":"purchasable","24":"product-type-simple"},"acf":[],"df_price":3.4,"df_sale_price":2.38,"df_regular_price":3.4,"df_image_link":"https:\/\/glotomania.com\/wp-content\/uploads\/2025\/09\/img_12460_9f61ff97715716122785aa7535a1a117_1-300x300.png","brands":[],"_links":{"self":[{"href":"https:\/\/glotomania.com\/pt-pt\/wp-json\/wp\/v2\/product\/386982","targetHints":{"allow":["GET"]}}],"collection":[{"href":"https:\/\/glotomania.com\/pt-pt\/wp-json\/wp\/v2\/product"}],"about":[{"href":"https:\/\/glotomania.com\/pt-pt\/wp-json\/wp\/v2\/types\/product"}],"replies":[{"embeddable":true,"href":"https:\/\/glotomania.com\/pt-pt\/wp-json\/wp\/v2\/comments?post=386982"}],"wp:featuredmedia":[{"embeddable":true,"href":"https:\/\/glotomania.com\/pt-pt\/wp-json\/wp\/v2\/media\/151420"}],"wp:attachment":[{"href":"https:\/\/glotomania.com\/pt-pt\/wp-json\/wp\/v2\/media?parent=386982"}],"wp:term":[{"taxonomy":"pwb-brand","embeddable":true,"href":"https:\/\/glotomania.com\/pt-pt\/wp-json\/wp\/v2\/pwb-brand?post=386982"},{"taxonomy":"product_brand","embeddable":true,"href":"https:\/\/glotomania.com\/pt-pt\/wp-json\/wp\/v2\/product_brand?post=386982"},{"taxonomy":"product_cat","embeddable":true,"href":"https:\/\/glotomania.com\/pt-pt\/wp-json\/wp\/v2\/product_cat?post=386982"},{"taxonomy":"product_tag","embeddable":true,"href":"https:\/\/glotomania.com\/pt-pt\/wp-json\/wp\/v2\/product_tag?post=386982"}],"curies":[{"name":"wp","href":"https:\/\/api.w.org\/{rel}","templated":true}]}}