{"id":386985,"date":"2025-09-02T10:17:05","date_gmt":"2025-09-02T10:17:05","guid":{"rendered":"https:\/\/glotomania.com\/p\/alcohol-alimenticio-sugarflair-rejuvenator-spirit-14-ml-2\/"},"modified":"2026-04-27T18:16:04","modified_gmt":"2026-04-27T18:16:04","slug":"alcohol-alimenticio-sugarflair-rejuvenator-spirit-14-ml-2","status":"publish","type":"product","link":"https:\/\/glotomania.com\/pt-pt\/p\/alcohol-alimenticio-sugarflair-rejuvenator-spirit-14-ml-2\/","title":{"rendered":"\u00c1lcool Alimentar Sugarflair &#8211; Rejuvenator Spirit 14 Ml"},"content":{"rendered":"<div>\n<span style=\"color:#000000\"><span style=\"font-size:14px\">Ideal para converter corantes em p&oacute; ou glitter em glitter l&iacute;quido comest&iacute;vel. Al&eacute;m disso, tamb&eacute;m pode ser utilizado como adesivo para pequenas decora&ccedil;&otilde;es.<\/span><\/span><\/div>\n<div>\n<span style=\"color:#000000\"><span style=\"font-size:14px\"><strong>Composi&ccedil;&atilde;o:<\/strong><br \/>\n&Aacute;lcool isoprop&iacute;lico de qualidade alimentar.<\/span><\/span><\/div>\n","protected":false},"excerpt":{"rendered":"<p>\u00c1lcool alimentar Sugarflair, especialmente para a transforma\u00e7\u00e3o de corantes em p\u00f3 ou brilho em tintas l\u00edquidas.<\/p>\n","protected":false},"featured_media":151424,"comment_status":"open","ping_status":"closed","template":"","meta":{"_acf_changed":false},"pwb-brand":[],"product_brand":[],"product_cat":[3018,2996,3004,1832,1844,1833],"product_tag":[],"class_list":{"0":"post-386985","1":"product","2":"type-product","3":"status-publish","4":"has-post-thumbnail","6":"product_cat-ingredientes-de-pastelaria-2","7":"product_cat-produtos-vegetarianos","8":"product_cat-sem-gluten-2","9":"product_cat-diestas-especiales","10":"product_cat-ingredientes-reposteria","11":"product_cat-dieta-sin-gluten","13":"first","14":"instock","15":"taxable","16":"shipping-taxable","17":"purchasable","18":"product-type-simple"},"acf":[],"df_price":3.94,"df_sale_price":"","df_regular_price":3.94,"df_image_link":"https:\/\/glotomania.com\/wp-content\/uploads\/2025\/09\/img_12473_bcc7786ce4eb544a4f9bb0ffa1d134f1_1-300x300.png","brands":[],"_links":{"self":[{"href":"https:\/\/glotomania.com\/pt-pt\/wp-json\/wp\/v2\/product\/386985","targetHints":{"allow":["GET"]}}],"collection":[{"href":"https:\/\/glotomania.com\/pt-pt\/wp-json\/wp\/v2\/product"}],"about":[{"href":"https:\/\/glotomania.com\/pt-pt\/wp-json\/wp\/v2\/types\/product"}],"replies":[{"embeddable":true,"href":"https:\/\/glotomania.com\/pt-pt\/wp-json\/wp\/v2\/comments?post=386985"}],"wp:featuredmedia":[{"embeddable":true,"href":"https:\/\/glotomania.com\/pt-pt\/wp-json\/wp\/v2\/media\/151424"}],"wp:attachment":[{"href":"https:\/\/glotomania.com\/pt-pt\/wp-json\/wp\/v2\/media?parent=386985"}],"wp:term":[{"taxonomy":"pwb-brand","embeddable":true,"href":"https:\/\/glotomania.com\/pt-pt\/wp-json\/wp\/v2\/pwb-brand?post=386985"},{"taxonomy":"product_brand","embeddable":true,"href":"https:\/\/glotomania.com\/pt-pt\/wp-json\/wp\/v2\/product_brand?post=386985"},{"taxonomy":"product_cat","embeddable":true,"href":"https:\/\/glotomania.com\/pt-pt\/wp-json\/wp\/v2\/product_cat?post=386985"},{"taxonomy":"product_tag","embeddable":true,"href":"https:\/\/glotomania.com\/pt-pt\/wp-json\/wp\/v2\/product_tag?post=386985"}],"curies":[{"name":"wp","href":"https:\/\/api.w.org\/{rel}","templated":true}]}}