{"id":386986,"date":"2025-09-02T10:17:09","date_gmt":"2025-09-02T10:17:09","guid":{"rendered":"https:\/\/glotomania.com\/p\/colorante-en-pasta-sugarflair-red-extra-rojo-extra-400-g-2\/"},"modified":"2026-04-21T08:22:15","modified_gmt":"2026-04-21T08:22:15","slug":"colorante-en-pasta-sugarflair-red-extra-rojo-extra-400-g-2","status":"publish","type":"product","link":"https:\/\/glotomania.com\/pt-pt\/p\/colorante-en-pasta-sugarflair-red-extra-rojo-extra-400-g-2\/","title":{"rendered":"Corante Em Pasta Sugarflair &#8211; Red Extra \/ Extra Vermelho 400 G"},"content":{"rendered":"<p>\n<span style=\"color:#000000\"><span style=\"font-size: 14px\"><strong>M&eacute;todo de utiliza&ccedil;&atilde;o:<\/strong><br \/>\nAplicar a cor em pequenas quantidades na massa com um pau limpo ou similar, e depois amassar bem at&eacute; que a massa esteja completamente colorida.<\/span><\/span><\/p>\n<p><span style=\"color:#000000\"><u><em><span style=\"font-size: 14px\">N&atilde;o utilizar mais de 3 g de corante por 1 kg de massa.<\/span><\/em><\/u><\/span><\/p>\n","protected":false},"excerpt":{"rendered":"<p>Com os corantes em pasta Extra Sugarflair voc\u00ea obter\u00e1 tons muito intensos para suas elabora\u00e7\u00f5es.<\/p>\n","protected":false},"featured_media":151425,"comment_status":"open","ping_status":"closed","template":"","meta":{"_acf_changed":false},"pwb-brand":[],"product_brand":[],"product_cat":[2953,2959,2907,2999,2920,2924,1852,1835,1836,1832,1902,1833,1849,1866],"product_tag":[],"class_list":{"0":"post-386986","1":"product","2":"type-product","3":"status-publish","4":"has-post-thumbnail","6":"product_cat-corantes-e-pinturas","7":"product_cat-corantes-em-pasta-2","8":"product_cat-festas","9":"product_cat-kosher-2","10":"product_cat-natal-2","11":"product_cat-sao-valentim-2","12":"product_cat-san-valentin","13":"product_cat-colorantes","14":"product_cat-colorantes-pasta","15":"product_cat-diestas-especiales","16":"product_cat-dieta-kosher","17":"product_cat-dieta-sin-gluten","18":"product_cat-fiestas","19":"product_cat-navidad","21":"first","22":"instock","23":"taxable","24":"shipping-taxable","25":"purchasable","26":"product-type-simple"},"acf":[],"df_price":45.75,"df_sale_price":"","df_regular_price":45.75,"df_image_link":"https:\/\/glotomania.com\/wp-content\/uploads\/2025\/09\/img_9302_43623ab8840b1281091ca347b2c7c6a3_1-300x273.png","brands":[],"_links":{"self":[{"href":"https:\/\/glotomania.com\/pt-pt\/wp-json\/wp\/v2\/product\/386986","targetHints":{"allow":["GET"]}}],"collection":[{"href":"https:\/\/glotomania.com\/pt-pt\/wp-json\/wp\/v2\/product"}],"about":[{"href":"https:\/\/glotomania.com\/pt-pt\/wp-json\/wp\/v2\/types\/product"}],"replies":[{"embeddable":true,"href":"https:\/\/glotomania.com\/pt-pt\/wp-json\/wp\/v2\/comments?post=386986"}],"wp:featuredmedia":[{"embeddable":true,"href":"https:\/\/glotomania.com\/pt-pt\/wp-json\/wp\/v2\/media\/151425"}],"wp:attachment":[{"href":"https:\/\/glotomania.com\/pt-pt\/wp-json\/wp\/v2\/media?parent=386986"}],"wp:term":[{"taxonomy":"pwb-brand","embeddable":true,"href":"https:\/\/glotomania.com\/pt-pt\/wp-json\/wp\/v2\/pwb-brand?post=386986"},{"taxonomy":"product_brand","embeddable":true,"href":"https:\/\/glotomania.com\/pt-pt\/wp-json\/wp\/v2\/product_brand?post=386986"},{"taxonomy":"product_cat","embeddable":true,"href":"https:\/\/glotomania.com\/pt-pt\/wp-json\/wp\/v2\/product_cat?post=386986"},{"taxonomy":"product_tag","embeddable":true,"href":"https:\/\/glotomania.com\/pt-pt\/wp-json\/wp\/v2\/product_tag?post=386986"}],"curies":[{"name":"wp","href":"https:\/\/api.w.org\/{rel}","templated":true}]}}