{"id":386988,"date":"2025-09-02T10:17:09","date_gmt":"2025-09-02T10:17:09","guid":{"rendered":"https:\/\/glotomania.com\/p\/hoja-de-oro-comestible-sugarflair-24-k-2\/"},"modified":"2026-03-12T13:25:28","modified_gmt":"2026-03-12T13:25:28","slug":"hoja-de-oro-comestible-sugarflair-24-k-2","status":"publish","type":"product","link":"https:\/\/glotomania.com\/pt-pt\/p\/hoja-de-oro-comestible-sugarflair-24-k-2\/","title":{"rendered":"Folha De Ouro Comestivel Sugarflair 24 K"},"content":{"rendered":"<p>\n<span style=\"color:#000000\"><span style=\"font-size:14px\"><strong>Medidas: <\/strong>8,3 x 8,3 cm<\/span><\/span><\/p>\n<p><span style=\"color:#000000\"><span style=\"font-size:14px\"><strong>M&eacute;todo de utiliza&ccedil;&atilde;o:<\/strong><br \/>\nRecomenda-se dar-lhe a forma desejada no papel protector. Aplicar com um pincel macio sobre uma superf&iacute;cie ligeiramente h&uacute;mida, utilizando cola comest&iacute;vel. Coloc&aacute;-lo com precis&atilde;o e suavemente, deixando-o secar durante 24 horas.<\/span><\/span><\/p>\n","protected":false},"excerpt":{"rendered":"<p>Folha de ouro comest\u00edvel Sugarflair de 24 quilates, ideal para dar um toque de brilho e eleg\u00e2ncia \u00e0s nossas elabora\u00e7\u00f5es.<\/p>\n","protected":false},"featured_media":151427,"comment_status":"open","ping_status":"closed","template":"","meta":{"_acf_changed":false,"_joinchat":[]},"pwb-brand":[],"product_brand":[],"product_cat":[2910,1832,1841,1902,1833,2999,1877,2927,2931,1891,1888,1866],"product_tag":[],"class_list":{"0":"post-386988","1":"product","2":"type-product","3":"status-publish","4":"has-post-thumbnail","6":"product_cat-casamentos-2","7":"product_cat-diestas-especiales","8":"product_cat-impresiones","9":"product_cat-dieta-kosher","10":"product_cat-dieta-sin-gluten","11":"product_cat-kosher-2","12":"product_cat-papel-comestible","13":"product_cat-papel-comestivel","14":"product_cat-papel-sem-acucar-comestivel-2","15":"product_cat-papel-sin-azucar","16":"product_cat-bodas","17":"product_cat-navidad","19":"first","20":"instock","21":"taxable","22":"shipping-taxable","23":"purchasable","24":"product-type-simple"},"acf":[],"df_price":8.95,"df_sale_price":"","df_regular_price":8.95,"df_image_link":"https:\/\/glotomania.com\/wp-content\/uploads\/2025\/09\/img_12613_7143f5e1fabafeeb0adb20dbdfda3bb8_1-300x300.png","brands":[],"_links":{"self":[{"href":"https:\/\/glotomania.com\/pt-pt\/wp-json\/wp\/v2\/product\/386988","targetHints":{"allow":["GET"]}}],"collection":[{"href":"https:\/\/glotomania.com\/pt-pt\/wp-json\/wp\/v2\/product"}],"about":[{"href":"https:\/\/glotomania.com\/pt-pt\/wp-json\/wp\/v2\/types\/product"}],"replies":[{"embeddable":true,"href":"https:\/\/glotomania.com\/pt-pt\/wp-json\/wp\/v2\/comments?post=386988"}],"wp:featuredmedia":[{"embeddable":true,"href":"https:\/\/glotomania.com\/pt-pt\/wp-json\/wp\/v2\/media\/151427"}],"wp:attachment":[{"href":"https:\/\/glotomania.com\/pt-pt\/wp-json\/wp\/v2\/media?parent=386988"}],"wp:term":[{"taxonomy":"pwb-brand","embeddable":true,"href":"https:\/\/glotomania.com\/pt-pt\/wp-json\/wp\/v2\/pwb-brand?post=386988"},{"taxonomy":"product_brand","embeddable":true,"href":"https:\/\/glotomania.com\/pt-pt\/wp-json\/wp\/v2\/product_brand?post=386988"},{"taxonomy":"product_cat","embeddable":true,"href":"https:\/\/glotomania.com\/pt-pt\/wp-json\/wp\/v2\/product_cat?post=386988"},{"taxonomy":"product_tag","embeddable":true,"href":"https:\/\/glotomania.com\/pt-pt\/wp-json\/wp\/v2\/product_tag?post=386988"}],"curies":[{"name":"wp","href":"https:\/\/api.w.org\/{rel}","templated":true}]}}