{"id":386989,"date":"2025-09-02T10:17:10","date_gmt":"2025-09-02T10:17:10","guid":{"rendered":"https:\/\/glotomania.com\/p\/hoja-de-plata-comestible-sugarflair-2\/"},"modified":"2026-03-10T12:09:21","modified_gmt":"2026-03-10T12:09:21","slug":"hoja-de-plata-comestible-sugarflair-2","status":"publish","type":"product","link":"https:\/\/glotomania.com\/pt-pt\/p\/hoja-de-plata-comestible-sugarflair-2\/","title":{"rendered":"Folha De Prata Comestivel Sugarflair"},"content":{"rendered":"<p>\n<span style=\"color:#000000\"><span style=\"font-size: 14px\"><strong>Medidas:&nbsp;<\/strong>8,3 x 8,3 cm<\/span><\/span><\/p>\n<p><span style=\"color:#000000\"><span style=\"font-size: 14px\"><strong>M&eacute;todo de utiliza&ccedil;&atilde;o:<\/strong><br \/>\nRecomenda-se dar-lhe a forma desejada no papel protector. Aplicar com um pincel macio sobre uma superf&iacute;cie ligeiramente h&uacute;mida, utilizando cola comest&iacute;vel. Coloc&aacute;-lo com precis&atilde;o e suavemente, deixando-o secar durante 24 horas.<\/span><\/span><\/p>\n","protected":false},"excerpt":{"rendered":"<p>Folha de prata comest\u00edvel Sugarflair, ideal para dar um toque de brilho e eleg\u00e2ncia \u00e0s nossas elabora\u00e7\u00f5es.<\/p>\n","protected":false},"featured_media":151428,"comment_status":"open","ping_status":"closed","template":"","meta":{"_acf_changed":false,"_joinchat":[]},"pwb-brand":[],"product_brand":[],"product_cat":[2910,1832,1841,1902,1833,2999,2929,1877,2927,1903,1888,1863,1866],"product_tag":[],"class_list":{"0":"post-386989","1":"product","2":"type-product","3":"status-publish","4":"has-post-thumbnail","6":"product_cat-casamentos-2","7":"product_cat-diestas-especiales","8":"product_cat-impresiones","9":"product_cat-dieta-kosher","10":"product_cat-dieta-sin-gluten","11":"product_cat-kosher-2","12":"product_cat-papel-com-acucar-comestivel","13":"product_cat-papel-comestible","14":"product_cat-papel-comestivel","15":"product_cat-papel-azucar","16":"product_cat-bodas","17":"product_cat-halloween","18":"product_cat-navidad","20":"first","21":"instock","22":"taxable","23":"shipping-taxable","24":"purchasable","25":"product-type-simple"},"acf":[],"df_price":3.95,"df_sale_price":"","df_regular_price":3.95,"df_image_link":"https:\/\/glotomania.com\/wp-content\/uploads\/2025\/09\/img_12614_c2d0c570a215fd150e560e8582a979ec_1-300x300.png","brands":[],"_links":{"self":[{"href":"https:\/\/glotomania.com\/pt-pt\/wp-json\/wp\/v2\/product\/386989","targetHints":{"allow":["GET"]}}],"collection":[{"href":"https:\/\/glotomania.com\/pt-pt\/wp-json\/wp\/v2\/product"}],"about":[{"href":"https:\/\/glotomania.com\/pt-pt\/wp-json\/wp\/v2\/types\/product"}],"replies":[{"embeddable":true,"href":"https:\/\/glotomania.com\/pt-pt\/wp-json\/wp\/v2\/comments?post=386989"}],"wp:featuredmedia":[{"embeddable":true,"href":"https:\/\/glotomania.com\/pt-pt\/wp-json\/wp\/v2\/media\/151428"}],"wp:attachment":[{"href":"https:\/\/glotomania.com\/pt-pt\/wp-json\/wp\/v2\/media?parent=386989"}],"wp:term":[{"taxonomy":"pwb-brand","embeddable":true,"href":"https:\/\/glotomania.com\/pt-pt\/wp-json\/wp\/v2\/pwb-brand?post=386989"},{"taxonomy":"product_brand","embeddable":true,"href":"https:\/\/glotomania.com\/pt-pt\/wp-json\/wp\/v2\/product_brand?post=386989"},{"taxonomy":"product_cat","embeddable":true,"href":"https:\/\/glotomania.com\/pt-pt\/wp-json\/wp\/v2\/product_cat?post=386989"},{"taxonomy":"product_tag","embeddable":true,"href":"https:\/\/glotomania.com\/pt-pt\/wp-json\/wp\/v2\/product_tag?post=386989"}],"curies":[{"name":"wp","href":"https:\/\/api.w.org\/{rel}","templated":true}]}}