{"id":386990,"date":"2025-09-02T10:17:11","date_gmt":"2025-09-02T10:17:11","guid":{"rendered":"https:\/\/glotomania.com\/p\/azucar-glas-icing-sugar-extra-fino-2\/"},"modified":"2026-03-10T12:09:23","modified_gmt":"2026-03-10T12:09:23","slug":"azucar-glas-icing-sugar-extra-fino-2","status":"publish","type":"product","link":"https:\/\/glotomania.com\/pt-pt\/p\/azucar-glas-icing-sugar-extra-fino-2\/","title":{"rendered":"Icing Sugar &#8211; 5 Kg"},"content":{"rendered":"<p>&nbsp;<\/p>\n<p><span style=\"color:#000000\"><span style=\"font-size: 14px\">O a&ccedil;&uacute;car de confeiteiro &eacute; um a&ccedil;&uacute;car mais fino que o Glas, &eacute; pulverizado at&eacute;&nbsp;<strong>10 vezes mais<\/strong>. &Eacute; mo&iacute;do com uma pequena porcentagem de amido de milho, permitindo<strong>&nbsp;r&aacute;pida absor&ccedil;&atilde;o<\/strong>, mesmo no frio. &Eacute; amplamente utilizado em confeitaria para a prepara&ccedil;&atilde;o de fondant, creme de manteiga, geada, glac&ecirc;, merengue, creme, &#8230; sem que possamos apreciar sua presen&ccedil;a,<strong>&nbsp;evitando a textura crocante de a&ccedil;&uacute;car em nossas cria&ccedil;&otilde;es.<\/strong><\/span><\/span><\/p>\n<p><span style=\"color:#000000\"><span style=\"font-size: 14px\">Como o a&ccedil;&uacute;car glas, ele deve ser peneirado antes da adi&ccedil;&atilde;o.<\/span><\/span><\/p>\n","protected":false},"excerpt":{"rendered":"<p>A\u00e7\u00facar extra fino, evitando a textura crocante do a\u00e7\u00facar em nossas elabora\u00e7\u00f5es.<\/p>\n","protected":false},"featured_media":46887,"comment_status":"open","ping_status":"closed","template":"","meta":{"_acf_changed":false},"pwb-brand":[],"product_brand":[],"product_cat":[3026,3018,2996,3004,1958,1832,1844,1833],"product_tag":[],"class_list":{"0":"post-386990","1":"product","2":"type-product","3":"status-publish","4":"has-post-thumbnail","6":"product_cat-acucar-de-confeiteiro-2","7":"product_cat-ingredientes-de-pastelaria-2","8":"product_cat-produtos-vegetarianos","9":"product_cat-sem-gluten-2","10":"product_cat-azucar-glas","11":"product_cat-diestas-especiales","12":"product_cat-ingredientes-reposteria","13":"product_cat-dieta-sin-gluten","15":"first","16":"instock","17":"taxable","18":"shipping-taxable","19":"purchasable","20":"product-type-simple"},"acf":[],"df_price":3.9,"df_sale_price":"","df_regular_price":3.9,"df_image_link":"https:\/\/glotomania.com\/wp-content\/uploads\/2022\/09\/img_21267_0abf9722070d22475b5c29d6b464ac80_1-300x300.jpg","brands":[],"_links":{"self":[{"href":"https:\/\/glotomania.com\/pt-pt\/wp-json\/wp\/v2\/product\/386990","targetHints":{"allow":["GET"]}}],"collection":[{"href":"https:\/\/glotomania.com\/pt-pt\/wp-json\/wp\/v2\/product"}],"about":[{"href":"https:\/\/glotomania.com\/pt-pt\/wp-json\/wp\/v2\/types\/product"}],"replies":[{"embeddable":true,"href":"https:\/\/glotomania.com\/pt-pt\/wp-json\/wp\/v2\/comments?post=386990"}],"wp:featuredmedia":[{"embeddable":true,"href":"https:\/\/glotomania.com\/pt-pt\/wp-json\/wp\/v2\/media\/46887"}],"wp:attachment":[{"href":"https:\/\/glotomania.com\/pt-pt\/wp-json\/wp\/v2\/media?parent=386990"}],"wp:term":[{"taxonomy":"pwb-brand","embeddable":true,"href":"https:\/\/glotomania.com\/pt-pt\/wp-json\/wp\/v2\/pwb-brand?post=386990"},{"taxonomy":"product_brand","embeddable":true,"href":"https:\/\/glotomania.com\/pt-pt\/wp-json\/wp\/v2\/product_brand?post=386990"},{"taxonomy":"product_cat","embeddable":true,"href":"https:\/\/glotomania.com\/pt-pt\/wp-json\/wp\/v2\/product_cat?post=386990"},{"taxonomy":"product_tag","embeddable":true,"href":"https:\/\/glotomania.com\/pt-pt\/wp-json\/wp\/v2\/product_tag?post=386990"}],"curies":[{"name":"wp","href":"https:\/\/api.w.org\/{rel}","templated":true}]}}