{"id":386991,"date":"2025-09-02T10:17:12","date_gmt":"2025-09-02T10:17:12","guid":{"rendered":"https:\/\/glotomania.com\/p\/rotulador-comestible-punta-fina-2\/"},"modified":"2026-03-10T12:09:25","modified_gmt":"2026-03-10T12:09:25","slug":"rotulador-comestible-punta-fina-2","status":"publish","type":"product","link":"https:\/\/glotomania.com\/pt-pt\/p\/rotulador-comestible-punta-fina-2\/","title":{"rendered":"Marcador Aliment\u00cdcio Ponta Fina &#8211; Preto"},"content":{"rendered":"<p>&nbsp;<\/p>\n<p><span style=\"font-size: 14px\">Marcador&nbsp;comest&iacute;vel<strong>&nbsp;n&atilde;o t&oacute;xico<\/strong>. Ideal para todo tipo&nbsp;de superf&iacute;cie, gra&ccedil;as &agrave; sua ponta<strong>&nbsp;fina e flex&iacute;vel<\/strong>, pode obter decora&ccedil;&otilde;es finas com v&aacute;rios detalhes.<\/span><\/p>\n<p><span style=\"font-size: 14px\">Tem tempo de&nbsp;<strong>secagem r&aacute;pido<\/strong>.<\/span><\/p>\n","protected":false},"excerpt":{"rendered":"<p>Marcadores comest\u00edveis para decora\u00e7\u00e3o, ideais para todos os tipos de superf\u00edcies.<\/p>\n","protected":false},"featured_media":151437,"comment_status":"open","ping_status":"closed","template":"","meta":{"_acf_changed":false},"pwb-brand":[],"product_brand":[],"product_cat":[2975,1835,2953,2917,1863,1837],"product_tag":[],"class_list":{"0":"post-386991","1":"product","2":"type-product","3":"status-publish","4":"has-post-thumbnail","6":"product_cat-canetas-alimentares-2","7":"product_cat-colorantes","8":"product_cat-corantes-e-pinturas","9":"product_cat-halloween","11":"product_cat-rotuladores-comestibles","13":"first","14":"instock","15":"taxable","16":"shipping-taxable","17":"purchasable","18":"product-type-simple"},"acf":[],"df_price":1.99,"df_sale_price":"","df_regular_price":1.99,"df_image_link":"https:\/\/glotomania.com\/wp-content\/uploads\/2025\/09\/img_19787_72f2c0b5629350cab0e8b50d36987f07_1-300x300.png","brands":[],"_links":{"self":[{"href":"https:\/\/glotomania.com\/pt-pt\/wp-json\/wp\/v2\/product\/386991","targetHints":{"allow":["GET"]}}],"collection":[{"href":"https:\/\/glotomania.com\/pt-pt\/wp-json\/wp\/v2\/product"}],"about":[{"href":"https:\/\/glotomania.com\/pt-pt\/wp-json\/wp\/v2\/types\/product"}],"replies":[{"embeddable":true,"href":"https:\/\/glotomania.com\/pt-pt\/wp-json\/wp\/v2\/comments?post=386991"}],"wp:featuredmedia":[{"embeddable":true,"href":"https:\/\/glotomania.com\/pt-pt\/wp-json\/wp\/v2\/media\/151437"}],"wp:attachment":[{"href":"https:\/\/glotomania.com\/pt-pt\/wp-json\/wp\/v2\/media?parent=386991"}],"wp:term":[{"taxonomy":"pwb-brand","embeddable":true,"href":"https:\/\/glotomania.com\/pt-pt\/wp-json\/wp\/v2\/pwb-brand?post=386991"},{"taxonomy":"product_brand","embeddable":true,"href":"https:\/\/glotomania.com\/pt-pt\/wp-json\/wp\/v2\/product_brand?post=386991"},{"taxonomy":"product_cat","embeddable":true,"href":"https:\/\/glotomania.com\/pt-pt\/wp-json\/wp\/v2\/product_cat?post=386991"},{"taxonomy":"product_tag","embeddable":true,"href":"https:\/\/glotomania.com\/pt-pt\/wp-json\/wp\/v2\/product_tag?post=386991"}],"curies":[{"name":"wp","href":"https:\/\/api.w.org\/{rel}","templated":true}]}}