{"id":386992,"date":"2025-09-02T10:17:19","date_gmt":"2025-09-02T10:17:19","guid":{"rendered":"https:\/\/glotomania.com\/p\/spray-comestible-efecto-brillo-150-ml-2\/"},"modified":"2026-04-23T03:42:49","modified_gmt":"2026-04-23T03:42:49","slug":"spray-comestible-efecto-brillo-150-ml-2","status":"publish","type":"product","link":"https:\/\/glotomania.com\/pt-pt\/p\/spray-comestible-efecto-brillo-150-ml-2\/","title":{"rendered":"Spray Comest\u00cdvel De Efeito Brilhante &#8211; 150 Ml"},"content":{"rendered":"<p class=\"MsoNormal\" style=\"line-height:normal\">&nbsp;<\/p>\n<p><span style=\"font-size:14px\">O spray com efeito brilho ajuda a preservar as coberturas de suas prepara&ccedil;&otilde;es doces, al&eacute;m de obter um acabamento perfeito e brilhante.<\/span><\/p>\n<p><span style=\"font-size:14px\">Spray comest&iacute;vel.<\/span><\/p>\n<p class=\"MsoNormal\" style=\"line-height:normal\"><b><span style=\"font-size: 10pt;font-family: Arial, sans-serif\"><\/span><\/b><\/p>\n","protected":false},"excerpt":{"rendered":"<p>Spray comest\u00edvel para obter um acabamento perfeito e brilhante em suas cria\u00e7\u00f5es.<\/p>\n","protected":false},"featured_media":151438,"comment_status":"open","ping_status":"closed","template":"","meta":{"_acf_changed":false},"pwb-brand":[],"product_brand":[],"product_cat":[2952,1880],"product_tag":[],"class_list":{"0":"post-386992","1":"product","2":"type-product","3":"status-publish","4":"has-post-thumbnail","6":"product_cat-coberturas-2","7":"product_cat-cobertura","9":"first","10":"instock","11":"taxable","12":"shipping-taxable","13":"purchasable","14":"product-type-simple"},"acf":[],"df_price":11.75,"df_sale_price":"","df_regular_price":11.75,"df_image_link":"https:\/\/glotomania.com\/wp-content\/uploads\/2025\/09\/img_16718_8e0619b37dc63da97ee43e3e2bb3ac2f_1-300x300.jpg","brands":[],"_links":{"self":[{"href":"https:\/\/glotomania.com\/pt-pt\/wp-json\/wp\/v2\/product\/386992","targetHints":{"allow":["GET"]}}],"collection":[{"href":"https:\/\/glotomania.com\/pt-pt\/wp-json\/wp\/v2\/product"}],"about":[{"href":"https:\/\/glotomania.com\/pt-pt\/wp-json\/wp\/v2\/types\/product"}],"replies":[{"embeddable":true,"href":"https:\/\/glotomania.com\/pt-pt\/wp-json\/wp\/v2\/comments?post=386992"}],"wp:featuredmedia":[{"embeddable":true,"href":"https:\/\/glotomania.com\/pt-pt\/wp-json\/wp\/v2\/media\/151438"}],"wp:attachment":[{"href":"https:\/\/glotomania.com\/pt-pt\/wp-json\/wp\/v2\/media?parent=386992"}],"wp:term":[{"taxonomy":"pwb-brand","embeddable":true,"href":"https:\/\/glotomania.com\/pt-pt\/wp-json\/wp\/v2\/pwb-brand?post=386992"},{"taxonomy":"product_brand","embeddable":true,"href":"https:\/\/glotomania.com\/pt-pt\/wp-json\/wp\/v2\/product_brand?post=386992"},{"taxonomy":"product_cat","embeddable":true,"href":"https:\/\/glotomania.com\/pt-pt\/wp-json\/wp\/v2\/product_cat?post=386992"},{"taxonomy":"product_tag","embeddable":true,"href":"https:\/\/glotomania.com\/pt-pt\/wp-json\/wp\/v2\/product_tag?post=386992"}],"curies":[{"name":"wp","href":"https:\/\/api.w.org\/{rel}","templated":true}]}}