{"id":386994,"date":"2025-09-02T10:17:19","date_gmt":"2025-09-02T10:17:19","guid":{"rendered":"https:\/\/glotomania.com\/p\/cmc-1-kg-2\/"},"modified":"2026-03-10T12:09:35","modified_gmt":"2026-03-10T12:09:35","slug":"cmc-1-kg-2","status":"publish","type":"product","link":"https:\/\/glotomania.com\/pt-pt\/p\/cmc-1-kg-2\/","title":{"rendered":"Cmc &#8211; 1 Kg"},"content":{"rendered":"<p>&nbsp;<\/p>\n<p><span style=\"font-size: 14px\">O CMC fornece&nbsp;<strong>elasticidade<\/strong>&nbsp;&agrave; massa, permitindo que seja esticada sem quebrar. &Eacute; usado para tornar a pasta de a&ccedil;&uacute;car mais el&aacute;stica e<strong>&nbsp;dura<\/strong>. Pode ser usado em fondant, pasta de flores, pasta de modelagem e pastagem, obtendo uma mistura que facilita a modelagem de todos os tipos de flores, figuras,&nbsp;&#8230;<\/span><\/p>\n<p><span style=\"font-size: 14px\">Tamb&eacute;m pode ser usado para criar nossa pr&oacute;pria&nbsp;<strong>cola comestivel<\/strong>, misturando o CMC com um pouco de &aacute;gua.<\/span><\/p>\n<p><span style=\"font-size: 14px\"><strong>Propor&ccedil;&otilde;es:<\/strong>&nbsp;para endurecer a pasta de a&ccedil;&uacute;car, 3g de CMC para cada 250g de macarr&atilde;o.<br \/>\nPara criar cola comest&iacute;vel, recorremos &agrave; propor&ccedil;&atilde;o 1:30, para 1 da CMC devemos adicionar 30 de &aacute;gua. Deixe a mistura repousar.<\/span><\/p>\n","protected":false},"excerpt":{"rendered":"<p>Proporciona elasticidade e dureza \u00e0 pasta de a\u00e7\u00facar, obtendo uma boa mistura final. Al\u00e9m disso, nos permite fazer nossa pr\u00f3pria cola comest\u00edvel.<\/p>\n","protected":false},"featured_media":14258,"comment_status":"open","ping_status":"closed","template":"","meta":{"_acf_changed":false},"pwb-brand":[],"product_brand":[],"product_cat":[3020,3020,2996,3018,3018,3004,2996,3004],"product_tag":[],"class_list":{"0":"post-386994","1":"product","2":"type-product","3":"status-publish","4":"has-post-thumbnail","6":"product_cat-aditivos-e-melhoradores","8":"product_cat-produtos-vegetarianos","9":"product_cat-ingredientes-de-pastelaria-2","11":"product_cat-sem-gluten-2","15":"first","16":"outofstock","17":"taxable","18":"shipping-taxable","19":"purchasable","20":"product-type-simple"},"acf":[],"df_price":34.68,"df_sale_price":"","df_regular_price":37.7,"df_image_link":"https:\/\/glotomania.com\/wp-content\/uploads\/2022\/09\/img_9848_b5d3f6204b8fcf5be572989fbc07d73c_1-300x300.png","brands":[],"_links":{"self":[{"href":"https:\/\/glotomania.com\/pt-pt\/wp-json\/wp\/v2\/product\/386994","targetHints":{"allow":["GET"]}}],"collection":[{"href":"https:\/\/glotomania.com\/pt-pt\/wp-json\/wp\/v2\/product"}],"about":[{"href":"https:\/\/glotomania.com\/pt-pt\/wp-json\/wp\/v2\/types\/product"}],"replies":[{"embeddable":true,"href":"https:\/\/glotomania.com\/pt-pt\/wp-json\/wp\/v2\/comments?post=386994"}],"wp:featuredmedia":[{"embeddable":true,"href":"https:\/\/glotomania.com\/pt-pt\/wp-json\/wp\/v2\/media\/14258"}],"wp:attachment":[{"href":"https:\/\/glotomania.com\/pt-pt\/wp-json\/wp\/v2\/media?parent=386994"}],"wp:term":[{"taxonomy":"pwb-brand","embeddable":true,"href":"https:\/\/glotomania.com\/pt-pt\/wp-json\/wp\/v2\/pwb-brand?post=386994"},{"taxonomy":"product_brand","embeddable":true,"href":"https:\/\/glotomania.com\/pt-pt\/wp-json\/wp\/v2\/product_brand?post=386994"},{"taxonomy":"product_cat","embeddable":true,"href":"https:\/\/glotomania.com\/pt-pt\/wp-json\/wp\/v2\/product_cat?post=386994"},{"taxonomy":"product_tag","embeddable":true,"href":"https:\/\/glotomania.com\/pt-pt\/wp-json\/wp\/v2\/product_tag?post=386994"}],"curies":[{"name":"wp","href":"https:\/\/api.w.org\/{rel}","templated":true}]}}