{"id":386996,"date":"2025-10-01T11:23:17","date_gmt":"2025-10-01T11:23:17","guid":{"rendered":"https:\/\/glotomania.com\/p\/alisador-de-fondant-doble-2\/"},"modified":"2026-03-10T12:09:39","modified_gmt":"2026-03-10T12:09:39","slug":"alisador-de-fondant-doble-2","status":"publish","type":"product","link":"https:\/\/glotomania.com\/pt-pt\/p\/alisador-de-fondant-doble-2\/","title":{"rendered":"Alisador Duplo De Pasta De A\u00c7\u00dacar"},"content":{"rendered":"<p>&nbsp;<\/p>\n<p><span style=\"font-size:14px\">Gra&ccedil;as ao conforto de sua al&ccedil;a e &agrave; curvatura da extremidade, voc&ecirc; pode alis&aacute;r enquanto a desliza na superf&iacute;cie e nas laterais, curvas ou retas, evitando bolhas, rachaduras ou rugas. um resultado perfeito.<\/span><\/p>\n<p><span style=\"font-size:14px\">Alisador duplo em pl&aacute;stico ABS. Com ele, voc&ecirc; pode desfrutar de dois tamanhos, separando a parte lil&aacute;s da al&ccedil;a da base branca.<\/span><\/p>\n","protected":false},"excerpt":{"rendered":"<p>Essencial para suavizar as superf\u00edcies de suas cria\u00e7\u00f5es. Aproveite os dois tamanhos poss\u00edveis.<\/p>\n","protected":false},"featured_media":8336,"comment_status":"open","ping_status":"closed","template":"","meta":{"_acf_changed":false},"pwb-brand":[],"product_brand":[],"product_cat":[3106,3120,3087,1820,1943,2773,1767],"product_tag":[],"class_list":{"0":"post-386996","1":"product","2":"type-product","3":"status-publish","4":"has-post-thumbnail","6":"product_cat-basicos-de-pastelaria","7":"product_cat-espatulas-e-alisadores-2","8":"product_cat-ordem-e-armazenamento","9":"product_cat-basicos","10":"product_cat-espatulas-y-alisadores","11":"product_cat-fondant-sin-gluten","12":"product_cat-utensilios","14":"first","15":"outofstock","16":"taxable","17":"shipping-taxable","18":"purchasable","19":"product-type-simple"},"acf":[],"df_price":3.5,"df_sale_price":"","df_regular_price":3.5,"df_image_link":"https:\/\/glotomania.com\/wp-content\/uploads\/2022\/09\/img_16698_b36130186ba4f464023c3313fe85c100_1-300x300.jpg","brands":[],"_links":{"self":[{"href":"https:\/\/glotomania.com\/pt-pt\/wp-json\/wp\/v2\/product\/386996","targetHints":{"allow":["GET"]}}],"collection":[{"href":"https:\/\/glotomania.com\/pt-pt\/wp-json\/wp\/v2\/product"}],"about":[{"href":"https:\/\/glotomania.com\/pt-pt\/wp-json\/wp\/v2\/types\/product"}],"replies":[{"embeddable":true,"href":"https:\/\/glotomania.com\/pt-pt\/wp-json\/wp\/v2\/comments?post=386996"}],"wp:featuredmedia":[{"embeddable":true,"href":"https:\/\/glotomania.com\/pt-pt\/wp-json\/wp\/v2\/media\/8336"}],"wp:attachment":[{"href":"https:\/\/glotomania.com\/pt-pt\/wp-json\/wp\/v2\/media?parent=386996"}],"wp:term":[{"taxonomy":"pwb-brand","embeddable":true,"href":"https:\/\/glotomania.com\/pt-pt\/wp-json\/wp\/v2\/pwb-brand?post=386996"},{"taxonomy":"product_brand","embeddable":true,"href":"https:\/\/glotomania.com\/pt-pt\/wp-json\/wp\/v2\/product_brand?post=386996"},{"taxonomy":"product_cat","embeddable":true,"href":"https:\/\/glotomania.com\/pt-pt\/wp-json\/wp\/v2\/product_cat?post=386996"},{"taxonomy":"product_tag","embeddable":true,"href":"https:\/\/glotomania.com\/pt-pt\/wp-json\/wp\/v2\/product_tag?post=386996"}],"curies":[{"name":"wp","href":"https:\/\/api.w.org\/{rel}","templated":true}]}}