{"id":386997,"date":"2025-09-02T10:17:21","date_gmt":"2025-09-02T10:17:21","guid":{"rendered":"https:\/\/glotomania.com\/p\/tamizador-profesional-giratorio-de-manivela-2\/"},"modified":"2026-03-10T12:09:41","modified_gmt":"2026-03-10T12:09:41","slug":"tamizador-profesional-giratorio-de-manivela-2","status":"publish","type":"product","link":"https:\/\/glotomania.com\/pt-pt\/p\/tamizador-profesional-giratorio-de-manivela-2\/","title":{"rendered":"Peneira Profissional Giratoria De Manivela"},"content":{"rendered":"<p>&nbsp;<\/p>\n<p><span style=\"font-size:14px\">A peneira profissional projetada na forma de jarro com al&ccedil;a &eacute; fornecida com uma manivela que, quando girada, ativa o agitador de fio duplo, peneirando os ingredientes atrav&eacute;s de uma malha fina sem desperdi&ccedil;ar seu conte&uacute;do. Deste modo, areja os ingredientes e evita impurezas e caro&ccedil;os, dando delicadeza &agrave; massa que produz. Feito de a&ccedil;o inoxid&aacute;vel.<\/span><\/p>\n<p><span style=\"font-size:14px\"><strong>Medidas<\/strong>: 18cm H &#8211; 16cm &Oslash;<\/span><\/p>\n","protected":false},"excerpt":{"rendered":"<p>Feito de a\u00e7o inoxid\u00e1vel para ingredientes secos, todos os tipos de farinha, a\u00e7\u00facar de confeiteiro, fermento em p\u00f3, &#8230;<\/p>\n","protected":false},"featured_media":151440,"comment_status":"open","ping_status":"closed","template":"","meta":{"_acf_changed":false},"pwb-brand":[],"product_brand":[],"product_cat":[3106,1820,3087,3141,1991,1767],"product_tag":[],"class_list":{"0":"post-386997","1":"product","2":"type-product","3":"status-publish","4":"has-post-thumbnail","6":"product_cat-basicos-de-pastelaria","7":"product_cat-basicos","8":"product_cat-ordem-e-armazenamento","9":"product_cat-peneiras-2","10":"product_cat-tamizadores","11":"product_cat-utensilios","13":"first","14":"outofstock","15":"taxable","16":"shipping-taxable","17":"purchasable","18":"product-type-simple"},"acf":[],"df_price":12.25,"df_sale_price":"","df_regular_price":12.25,"df_image_link":"https:\/\/glotomania.com\/wp-content\/uploads\/2025\/09\/img_19791_7c9f2444c4928967aff74ba047cd6688_1-300x300.png","brands":[],"_links":{"self":[{"href":"https:\/\/glotomania.com\/pt-pt\/wp-json\/wp\/v2\/product\/386997","targetHints":{"allow":["GET"]}}],"collection":[{"href":"https:\/\/glotomania.com\/pt-pt\/wp-json\/wp\/v2\/product"}],"about":[{"href":"https:\/\/glotomania.com\/pt-pt\/wp-json\/wp\/v2\/types\/product"}],"replies":[{"embeddable":true,"href":"https:\/\/glotomania.com\/pt-pt\/wp-json\/wp\/v2\/comments?post=386997"}],"wp:featuredmedia":[{"embeddable":true,"href":"https:\/\/glotomania.com\/pt-pt\/wp-json\/wp\/v2\/media\/151440"}],"wp:attachment":[{"href":"https:\/\/glotomania.com\/pt-pt\/wp-json\/wp\/v2\/media?parent=386997"}],"wp:term":[{"taxonomy":"pwb-brand","embeddable":true,"href":"https:\/\/glotomania.com\/pt-pt\/wp-json\/wp\/v2\/pwb-brand?post=386997"},{"taxonomy":"product_brand","embeddable":true,"href":"https:\/\/glotomania.com\/pt-pt\/wp-json\/wp\/v2\/product_brand?post=386997"},{"taxonomy":"product_cat","embeddable":true,"href":"https:\/\/glotomania.com\/pt-pt\/wp-json\/wp\/v2\/product_cat?post=386997"},{"taxonomy":"product_tag","embeddable":true,"href":"https:\/\/glotomania.com\/pt-pt\/wp-json\/wp\/v2\/product_tag?post=386997"}],"curies":[{"name":"wp","href":"https:\/\/api.w.org\/{rel}","templated":true}]}}