{"id":386998,"date":"2025-09-02T10:17:22","date_gmt":"2025-09-02T10:17:22","guid":{"rendered":"https:\/\/glotomania.com\/p\/tamizador-domestico-con-asa-y-gatillo-2\/"},"modified":"2026-03-10T12:09:42","modified_gmt":"2026-03-10T12:09:42","slug":"tamizador-domestico-con-asa-y-gatillo-2","status":"publish","type":"product","link":"https:\/\/glotomania.com\/pt-pt\/p\/tamizador-domestico-con-asa-y-gatillo-2\/","title":{"rendered":"Peneira Dom\u00c9stica Com Al\u00c7a E Gatilho"},"content":{"rendered":"<p>&nbsp;<\/p>\n<p><span style=\"font-size:14px\">A peneira dom&eacute;stica &eacute; projetada na forma de um copo com uma al&ccedil;a e, para maior liberdade de movimento, possui um gatilho embutido que, quando operado, gira as l&acirc;minas para dentro, peneirando os ingredientes atrav&eacute;s de uma malha fina. Evite impurezas e caro&ccedil;os e acrescenta eleg&acirc;ncia &agrave; massa que voc&ecirc; faz.<\/span><\/p>\n<p><span style=\"font-size:14px\">Para ingredientes secos, todos os tipos de farinhas, a&ccedil;&uacute;car de confeiteiro, fermento em p&oacute;, &#8230; Fabricado em a&ccedil;o inoxid&aacute;vel com capacidade para 250 g.<\/span><\/p>\n<p><span style=\"font-size:14px\"><strong>Dimens&otilde;es<\/strong>: 11cm &Oslash; &#8211; 9,5cm H<\/span><\/p>\n","protected":false},"excerpt":{"rendered":"<p>A peneira dom\u00e9stica \u00e9 feita de a\u00e7o inoxid\u00e1vel com capacidade para 250 g.<\/p>\n","protected":false},"featured_media":151442,"comment_status":"open","ping_status":"closed","template":"","meta":{"_acf_changed":false},"pwb-brand":[],"product_brand":[],"product_cat":[3106,3087,3141,1820,1991,1767],"product_tag":[],"class_list":{"0":"post-386998","1":"product","2":"type-product","3":"status-publish","4":"has-post-thumbnail","6":"product_cat-basicos-de-pastelaria","7":"product_cat-ordem-e-armazenamento","8":"product_cat-peneiras-2","9":"product_cat-basicos","10":"product_cat-tamizadores","11":"product_cat-utensilios","13":"first","14":"instock","15":"taxable","16":"shipping-taxable","17":"purchasable","18":"product-type-simple"},"acf":[],"df_price":4.76,"df_sale_price":"","df_regular_price":4.76,"df_image_link":"https:\/\/glotomania.com\/wp-content\/uploads\/2025\/09\/img_19790_ccaf5d67a140e6a7a3fde7719744c8fd_1-300x300.png","brands":[],"_links":{"self":[{"href":"https:\/\/glotomania.com\/pt-pt\/wp-json\/wp\/v2\/product\/386998","targetHints":{"allow":["GET"]}}],"collection":[{"href":"https:\/\/glotomania.com\/pt-pt\/wp-json\/wp\/v2\/product"}],"about":[{"href":"https:\/\/glotomania.com\/pt-pt\/wp-json\/wp\/v2\/types\/product"}],"replies":[{"embeddable":true,"href":"https:\/\/glotomania.com\/pt-pt\/wp-json\/wp\/v2\/comments?post=386998"}],"wp:featuredmedia":[{"embeddable":true,"href":"https:\/\/glotomania.com\/pt-pt\/wp-json\/wp\/v2\/media\/151442"}],"wp:attachment":[{"href":"https:\/\/glotomania.com\/pt-pt\/wp-json\/wp\/v2\/media?parent=386998"}],"wp:term":[{"taxonomy":"pwb-brand","embeddable":true,"href":"https:\/\/glotomania.com\/pt-pt\/wp-json\/wp\/v2\/pwb-brand?post=386998"},{"taxonomy":"product_brand","embeddable":true,"href":"https:\/\/glotomania.com\/pt-pt\/wp-json\/wp\/v2\/product_brand?post=386998"},{"taxonomy":"product_cat","embeddable":true,"href":"https:\/\/glotomania.com\/pt-pt\/wp-json\/wp\/v2\/product_cat?post=386998"},{"taxonomy":"product_tag","embeddable":true,"href":"https:\/\/glotomania.com\/pt-pt\/wp-json\/wp\/v2\/product_tag?post=386998"}],"curies":[{"name":"wp","href":"https:\/\/api.w.org\/{rel}","templated":true}]}}