{"id":386999,"date":"2025-09-02T10:17:22","date_gmt":"2025-09-02T10:17:22","guid":{"rendered":"https:\/\/glotomania.com\/p\/tazas-medidoras-de-silicona-2\/"},"modified":"2026-04-30T00:16:01","modified_gmt":"2026-04-30T00:16:01","slug":"tazas-medidoras-de-silicona-2","status":"publish","type":"product","link":"https:\/\/glotomania.com\/pt-pt\/p\/tazas-medidoras-de-silicona-2\/","title":{"rendered":"Copos De Medi\u00c7\u00c3o De Silicone"},"content":{"rendered":"<p>&nbsp;<\/p>\n<p><span style=\"color:#000000\"><span style=\"font-size:14px\"><span style=\"font-family:\">Incluye: &#8211;&nbsp;1&nbsp;taza de 250&nbsp;ml&nbsp;&#8211; 1\/2&nbsp;taza de 125&nbsp;ml &#8211;&nbsp;1\/3&nbsp;taza de&nbsp;80&nbsp;ml&nbsp;&#8211;&nbsp;1\/4&nbsp;taza de 60&nbsp;ml.<\/span><\/span><\/span><\/p>\n","protected":false},"excerpt":{"rendered":"<p>Conjunto de 4 copos medidores de silicone com al\u00e7as. S\u00e3o dobr\u00e1veis &#8203;&#8203;e empilh\u00e1veis &#8203;&#8203;para maior conforto.<\/p>\n","protected":false},"featured_media":151444,"comment_status":"open","ping_status":"closed","template":"","meta":{"_acf_changed":false},"pwb-brand":[],"product_brand":[],"product_cat":[3087,1824,3229,1767],"product_tag":[],"class_list":{"0":"post-386999","1":"product","2":"type-product","3":"status-publish","4":"has-post-thumbnail","6":"product_cat-ordem-e-armazenamento","7":"product_cat-medida","8":"product_cat-utensilios-de-medida","9":"product_cat-utensilios","11":"first","12":"instock","13":"taxable","14":"shipping-taxable","15":"purchasable","16":"product-type-simple"},"acf":[],"df_price":3.98,"df_sale_price":3.98,"df_regular_price":9.95,"df_image_link":"https:\/\/glotomania.com\/wp-content\/uploads\/2025\/09\/img_7613_9006991bd97cbb9a12211e012e468fc6_1-300x264.jpg","brands":[],"_links":{"self":[{"href":"https:\/\/glotomania.com\/pt-pt\/wp-json\/wp\/v2\/product\/386999","targetHints":{"allow":["GET"]}}],"collection":[{"href":"https:\/\/glotomania.com\/pt-pt\/wp-json\/wp\/v2\/product"}],"about":[{"href":"https:\/\/glotomania.com\/pt-pt\/wp-json\/wp\/v2\/types\/product"}],"replies":[{"embeddable":true,"href":"https:\/\/glotomania.com\/pt-pt\/wp-json\/wp\/v2\/comments?post=386999"}],"wp:featuredmedia":[{"embeddable":true,"href":"https:\/\/glotomania.com\/pt-pt\/wp-json\/wp\/v2\/media\/151444"}],"wp:attachment":[{"href":"https:\/\/glotomania.com\/pt-pt\/wp-json\/wp\/v2\/media?parent=386999"}],"wp:term":[{"taxonomy":"pwb-brand","embeddable":true,"href":"https:\/\/glotomania.com\/pt-pt\/wp-json\/wp\/v2\/pwb-brand?post=386999"},{"taxonomy":"product_brand","embeddable":true,"href":"https:\/\/glotomania.com\/pt-pt\/wp-json\/wp\/v2\/product_brand?post=386999"},{"taxonomy":"product_cat","embeddable":true,"href":"https:\/\/glotomania.com\/pt-pt\/wp-json\/wp\/v2\/product_cat?post=386999"},{"taxonomy":"product_tag","embeddable":true,"href":"https:\/\/glotomania.com\/pt-pt\/wp-json\/wp\/v2\/product_tag?post=386999"}],"curies":[{"name":"wp","href":"https:\/\/api.w.org\/{rel}","templated":true}]}}