{"id":387000,"date":"2025-09-02T10:17:23","date_gmt":"2025-09-02T10:17:23","guid":{"rendered":"https:\/\/glotomania.com\/p\/biberon-dispensador-2\/"},"modified":"2026-03-10T12:09:46","modified_gmt":"2026-03-10T12:09:46","slug":"biberon-dispensador-2","status":"publish","type":"product","link":"https:\/\/glotomania.com\/pt-pt\/p\/biberon-dispensador-2\/","title":{"rendered":"Frasco Dispensador N1"},"content":{"rendered":"<p>\u00a0<\/p>\n<p><span style=\"font-size: 14px\">Utens\u00edlio essencial em todas as cozinhas. \u00c9\u00a0<strong>transl\u00facido\u00a0<\/strong>para controlar o n\u00edvel de conte\u00fado e tem capacidade para<strong>\u00a0350 cc.<\/strong><\/span><\/p>\n<p><span style=\"font-size: 14px\">Feito com material adequado para uso em alimentos, muito flex\u00edvel e resistente ao calor at\u00e9 um m\u00e1ximo de 80\u00ba (v\u00e1lido para m\u00e1quinas de lavar lou\u00e7a). Incorpora uma tampa de rosca de boca larga com uma rolha inclu\u00edda.<\/span><\/p>\n<p><span style=\"font-size: 14px\"><strong>Medidas<\/strong>: Capacidade 380 cc &#8211; A 21\u00a0cm &#8211; Largura 6 cm \u00d8<\/span><\/p>\n","protected":false},"excerpt":{"rendered":"<p>Essencial em qualquer cozinha, tem capacidade para 380 cc.<\/p>\n","protected":false},"featured_media":151445,"comment_status":"open","ping_status":"closed","template":"","meta":{"_acf_changed":false},"pwb-brand":[],"product_brand":[],"product_cat":[3106,1820,1992,3113,3087,1767],"product_tag":[],"class_list":{"0":"post-387000","1":"product","2":"type-product","3":"status-publish","4":"has-post-thumbnail","6":"product_cat-basicos-de-pastelaria","7":"product_cat-basicos","8":"product_cat-biberones-y-pipetas","9":"product_cat-frascos-e-pipetas","10":"product_cat-ordem-e-armazenamento","11":"product_cat-utensilios","13":"first","14":"instock","15":"taxable","16":"shipping-taxable","17":"purchasable","18":"product-type-simple"},"acf":[],"df_price":2.75,"df_sale_price":"","df_regular_price":2.75,"df_image_link":"https:\/\/glotomania.com\/wp-content\/uploads\/2025\/09\/img_21977_c778f428f653d33687cfe96150997d4a_1-300x300.png","brands":[],"_links":{"self":[{"href":"https:\/\/glotomania.com\/pt-pt\/wp-json\/wp\/v2\/product\/387000","targetHints":{"allow":["GET"]}}],"collection":[{"href":"https:\/\/glotomania.com\/pt-pt\/wp-json\/wp\/v2\/product"}],"about":[{"href":"https:\/\/glotomania.com\/pt-pt\/wp-json\/wp\/v2\/types\/product"}],"replies":[{"embeddable":true,"href":"https:\/\/glotomania.com\/pt-pt\/wp-json\/wp\/v2\/comments?post=387000"}],"wp:featuredmedia":[{"embeddable":true,"href":"https:\/\/glotomania.com\/pt-pt\/wp-json\/wp\/v2\/media\/151445"}],"wp:attachment":[{"href":"https:\/\/glotomania.com\/pt-pt\/wp-json\/wp\/v2\/media?parent=387000"}],"wp:term":[{"taxonomy":"pwb-brand","embeddable":true,"href":"https:\/\/glotomania.com\/pt-pt\/wp-json\/wp\/v2\/pwb-brand?post=387000"},{"taxonomy":"product_brand","embeddable":true,"href":"https:\/\/glotomania.com\/pt-pt\/wp-json\/wp\/v2\/product_brand?post=387000"},{"taxonomy":"product_cat","embeddable":true,"href":"https:\/\/glotomania.com\/pt-pt\/wp-json\/wp\/v2\/product_cat?post=387000"},{"taxonomy":"product_tag","embeddable":true,"href":"https:\/\/glotomania.com\/pt-pt\/wp-json\/wp\/v2\/product_tag?post=387000"}],"curies":[{"name":"wp","href":"https:\/\/api.w.org\/{rel}","templated":true}]}}