{"id":387002,"date":"2025-09-02T10:17:24","date_gmt":"2025-09-02T10:17:24","guid":{"rendered":"https:\/\/glotomania.com\/p\/cortapasta-forma-de-sobre-carta-2\/"},"modified":"2026-03-10T12:09:49","modified_gmt":"2026-03-10T12:09:49","slug":"cortapasta-forma-de-sobre-carta-2","status":"publish","type":"product","link":"https:\/\/glotomania.com\/pt-pt\/p\/cortapasta-forma-de-sobre-carta-2\/","title":{"rendered":"Cortador Em Forma De Envelope"},"content":{"rendered":"<p>&nbsp;<\/p>\n<p><span style=\"font-size:14px\">Cortador de envelopes para fazer mensagens muito doces. Ideal para usar com pasta de a&ccedil;&uacute;car, chocolate pl&aacute;stico ou ma&ccedil;ap&atilde;o.<\/span><\/p>\n<p><span style=\"font-size:14px\">Ele incorpora quatro pontos de press&atilde;o para proporcionar maior estabilidade e fixa&ccedil;&atilde;o. Antes de espalhar o produto, &eacute; recomend&aacute;vel aplicar amido de milho na superf&iacute;cie de trabalho para obter um acabamento perfeito.<\/span><\/p>\n<p><span style=\"font-size:14px\">Fabricado com materiais pl&aacute;sticos adequados para uso em alimentos e lav&aacute;veis &#8203;&#8203;na m&aacute;quina de lavar lou&ccedil;a.<\/span><\/p>\n<p><span style=\"font-size:14px\"><strong>Medi&ccedil;&otilde;es<\/strong>: m&aacute;x. como alcan&ccedil;ado: 12 x 12 cm &#8211; m&aacute;x. tamanho do produto: 14 x 12 cm<\/span><\/p>\n","protected":false},"excerpt":{"rendered":"<p>Ideal para fazer mensagens muito doces. Incorpora 4 pontos de press\u00e3o para maior estabilidade e fixa\u00e7\u00e3o.<\/p>\n","protected":false},"featured_media":151446,"comment_status":"open","ping_status":"closed","template":"","meta":{"_acf_changed":false},"pwb-brand":[],"product_brand":[],"product_cat":[3106,1820,1788,3199,3124,1823,3087,1869,1767],"product_tag":[],"class_list":{"0":"post-387002","1":"product","2":"type-product","3":"status-publish","4":"has-post-thumbnail","6":"product_cat-basicos-de-pastelaria","7":"product_cat-basicos","8":"product_cat-cortadores-de-cobre","9":"product_cat-cortadores-de-metal","10":"product_cat-ferramentas-de-corte-e-modelacao-2","11":"product_cat-herramientas-corte-y-modelado","12":"product_cat-ordem-e-armazenamento","13":"product_cat-ultimas-unidades","14":"product_cat-utensilios","16":"first","17":"instock","18":"taxable","19":"shipping-taxable","20":"purchasable","21":"product-type-simple"},"acf":[],"df_price":2.5,"df_sale_price":"","df_regular_price":2.5,"df_image_link":"https:\/\/glotomania.com\/wp-content\/uploads\/2025\/09\/img_21981_3406df534dd99a807fdfc933a1767102_1-300x300.png","brands":[],"_links":{"self":[{"href":"https:\/\/glotomania.com\/pt-pt\/wp-json\/wp\/v2\/product\/387002","targetHints":{"allow":["GET"]}}],"collection":[{"href":"https:\/\/glotomania.com\/pt-pt\/wp-json\/wp\/v2\/product"}],"about":[{"href":"https:\/\/glotomania.com\/pt-pt\/wp-json\/wp\/v2\/types\/product"}],"replies":[{"embeddable":true,"href":"https:\/\/glotomania.com\/pt-pt\/wp-json\/wp\/v2\/comments?post=387002"}],"wp:featuredmedia":[{"embeddable":true,"href":"https:\/\/glotomania.com\/pt-pt\/wp-json\/wp\/v2\/media\/151446"}],"wp:attachment":[{"href":"https:\/\/glotomania.com\/pt-pt\/wp-json\/wp\/v2\/media?parent=387002"}],"wp:term":[{"taxonomy":"pwb-brand","embeddable":true,"href":"https:\/\/glotomania.com\/pt-pt\/wp-json\/wp\/v2\/pwb-brand?post=387002"},{"taxonomy":"product_brand","embeddable":true,"href":"https:\/\/glotomania.com\/pt-pt\/wp-json\/wp\/v2\/product_brand?post=387002"},{"taxonomy":"product_cat","embeddable":true,"href":"https:\/\/glotomania.com\/pt-pt\/wp-json\/wp\/v2\/product_cat?post=387002"},{"taxonomy":"product_tag","embeddable":true,"href":"https:\/\/glotomania.com\/pt-pt\/wp-json\/wp\/v2\/product_tag?post=387002"}],"curies":[{"name":"wp","href":"https:\/\/api.w.org\/{rel}","templated":true}]}}