{"id":387003,"date":"2025-09-02T10:17:24","date_gmt":"2025-09-02T10:17:24","guid":{"rendered":"https:\/\/glotomania.com\/p\/set-2-cortadores-otono-2\/"},"modified":"2026-03-10T12:09:51","modified_gmt":"2026-03-10T12:09:51","slug":"set-2-cortadores-otono-2","status":"publish","type":"product","link":"https:\/\/glotomania.com\/pt-pt\/p\/set-2-cortadores-otono-2\/","title":{"rendered":"Set 2 Cortadores De Outono"},"content":{"rendered":"<p>\u00a0<\/p>\n<p><span style=\"font-size:14px\">Cortadores em forma de flor e folha de outono, ideais para decora\u00e7\u00f5es nesta \u00e9poca do ano.<\/span><\/p>\n<p><span style=\"font-size:14px\">Conjunto de 2 unidades. Feito com pl\u00e1stico adequado para uso alimentar e na m\u00e1quina de lavar lou\u00e7a.<\/span><\/p>\n<p><span style=\"font-size:14px\"><strong>Medidas de corte diagonal:<\/strong> Flor pequena com 6 p\u00e9talas 15 mm &#8211; Flor m\u00e9dia com 8 p\u00e9talas 35 mm &#8211; Flor grande com 10 p\u00e9talas 55 mm.<\/span><\/p>\n","protected":false},"excerpt":{"rendered":"<p>Conjunto de 2 cortadores em forma de flor e folha de outono, o toque rom\u00e2ntico nesta esta\u00e7\u00e3o do ano.<\/p>\n","protected":false},"featured_media":151448,"comment_status":"open","ping_status":"closed","template":"","meta":{"_acf_changed":false},"pwb-brand":[],"product_brand":[],"product_cat":[3199,3087,1788,1869,1767],"product_tag":[],"class_list":{"0":"post-387003","1":"product","2":"type-product","3":"status-publish","4":"has-post-thumbnail","6":"product_cat-cortadores-de-metal","7":"product_cat-ordem-e-armazenamento","8":"product_cat-cortadores-de-cobre","9":"product_cat-ultimas-unidades","10":"product_cat-utensilios","12":"first","13":"instock","14":"taxable","15":"shipping-taxable","16":"purchasable","17":"product-type-simple"},"acf":[],"df_price":0.81,"df_sale_price":"","df_regular_price":0.81,"df_image_link":"https:\/\/glotomania.com\/wp-content\/uploads\/2025\/09\/img_19983_af71c7d89a94dae1911ed5250d24a0a8_1-300x300.png","brands":[],"_links":{"self":[{"href":"https:\/\/glotomania.com\/pt-pt\/wp-json\/wp\/v2\/product\/387003","targetHints":{"allow":["GET"]}}],"collection":[{"href":"https:\/\/glotomania.com\/pt-pt\/wp-json\/wp\/v2\/product"}],"about":[{"href":"https:\/\/glotomania.com\/pt-pt\/wp-json\/wp\/v2\/types\/product"}],"replies":[{"embeddable":true,"href":"https:\/\/glotomania.com\/pt-pt\/wp-json\/wp\/v2\/comments?post=387003"}],"wp:featuredmedia":[{"embeddable":true,"href":"https:\/\/glotomania.com\/pt-pt\/wp-json\/wp\/v2\/media\/151448"}],"wp:attachment":[{"href":"https:\/\/glotomania.com\/pt-pt\/wp-json\/wp\/v2\/media?parent=387003"}],"wp:term":[{"taxonomy":"pwb-brand","embeddable":true,"href":"https:\/\/glotomania.com\/pt-pt\/wp-json\/wp\/v2\/pwb-brand?post=387003"},{"taxonomy":"product_brand","embeddable":true,"href":"https:\/\/glotomania.com\/pt-pt\/wp-json\/wp\/v2\/product_brand?post=387003"},{"taxonomy":"product_cat","embeddable":true,"href":"https:\/\/glotomania.com\/pt-pt\/wp-json\/wp\/v2\/product_cat?post=387003"},{"taxonomy":"product_tag","embeddable":true,"href":"https:\/\/glotomania.com\/pt-pt\/wp-json\/wp\/v2\/product_tag?post=387003"}],"curies":[{"name":"wp","href":"https:\/\/api.w.org\/{rel}","templated":true}]}}