{"id":387004,"date":"2025-09-02T10:17:25","date_gmt":"2025-09-02T10:17:25","guid":{"rendered":"https:\/\/glotomania.com\/p\/set-cortador-de-cintas-y-bordes-accesorios-de-medida-2\/"},"modified":"2026-03-10T12:09:53","modified_gmt":"2026-03-10T12:09:53","slug":"set-cortador-de-cintas-y-bordes-accesorios-de-medida-2","status":"publish","type":"product","link":"https:\/\/glotomania.com\/pt-pt\/p\/set-cortador-de-cintas-y-bordes-accesorios-de-medida-2\/","title":{"rendered":"Set Cortador Fita E Borda + Acess\u00d3rios De Medi\u00c7\u00c3o"},"content":{"rendered":"<p>\u00a0<\/p>\n<p><span style=\"font-size:14px\">A fita e o cortador de borda s\u00e3o usados &#8203;&#8203;para fazer cortes de forma r\u00e1pida e precisa. Babados, flores, fitas, ondas e outros acabamentos \u00e0 base de pasta de a\u00e7\u00facar, chocolate pl\u00e1stico ou massa salgada.<\/span><\/p>\n<p><span style=\"font-size:14px\">Inclui 3 acess\u00f3rios intercambi\u00e1veis &#8203;&#8203;que ajustam a largura da fita ou a borda ondulada que voc\u00ea precisa. Feito com pl\u00e1stico adequado para uso alimentar e na m\u00e1quina de lavar lou\u00e7a.<\/span><\/p>\n<p><span style=\"font-size:14px\"><strong>Dimens\u00f5es diagonais internas<\/strong>: Pe\u00e7a de corte 85 mm &#8211; Acess\u00f3rios 20\/35\/45 mm<\/span><\/p>\n","protected":false},"excerpt":{"rendered":"<p>Com 3 acess\u00f3rios de medi\u00e7\u00e3o intercambi\u00e1veis, ideais para fazer ornamentos com rapidez e precis\u00e3o.<\/p>\n","protected":false},"featured_media":37126,"comment_status":"open","ping_status":"closed","template":"","meta":{"_acf_changed":false},"pwb-brand":[],"product_brand":[],"product_cat":[3199,3087,1788,1869,1767],"product_tag":[],"class_list":{"0":"post-387004","1":"product","2":"type-product","3":"status-publish","4":"has-post-thumbnail","6":"product_cat-cortadores-de-metal","7":"product_cat-ordem-e-armazenamento","8":"product_cat-cortadores-de-cobre","9":"product_cat-ultimas-unidades","10":"product_cat-utensilios","12":"first","13":"instock","14":"taxable","15":"shipping-taxable","16":"purchasable","17":"product-type-simple"},"acf":[],"df_price":0.97,"df_sale_price":"","df_regular_price":0.97,"df_image_link":"https:\/\/glotomania.com\/wp-content\/uploads\/2022\/09\/img_19987_62d57cfa032f58bc82a1b145d0cff335_1-300x300.png","brands":[],"_links":{"self":[{"href":"https:\/\/glotomania.com\/pt-pt\/wp-json\/wp\/v2\/product\/387004","targetHints":{"allow":["GET"]}}],"collection":[{"href":"https:\/\/glotomania.com\/pt-pt\/wp-json\/wp\/v2\/product"}],"about":[{"href":"https:\/\/glotomania.com\/pt-pt\/wp-json\/wp\/v2\/types\/product"}],"replies":[{"embeddable":true,"href":"https:\/\/glotomania.com\/pt-pt\/wp-json\/wp\/v2\/comments?post=387004"}],"wp:featuredmedia":[{"embeddable":true,"href":"https:\/\/glotomania.com\/pt-pt\/wp-json\/wp\/v2\/media\/37126"}],"wp:attachment":[{"href":"https:\/\/glotomania.com\/pt-pt\/wp-json\/wp\/v2\/media?parent=387004"}],"wp:term":[{"taxonomy":"pwb-brand","embeddable":true,"href":"https:\/\/glotomania.com\/pt-pt\/wp-json\/wp\/v2\/pwb-brand?post=387004"},{"taxonomy":"product_brand","embeddable":true,"href":"https:\/\/glotomania.com\/pt-pt\/wp-json\/wp\/v2\/product_brand?post=387004"},{"taxonomy":"product_cat","embeddable":true,"href":"https:\/\/glotomania.com\/pt-pt\/wp-json\/wp\/v2\/product_cat?post=387004"},{"taxonomy":"product_tag","embeddable":true,"href":"https:\/\/glotomania.com\/pt-pt\/wp-json\/wp\/v2\/product_tag?post=387004"}],"curies":[{"name":"wp","href":"https:\/\/api.w.org\/{rel}","templated":true}]}}