{"id":387005,"date":"2025-09-02T10:17:25","date_gmt":"2025-09-02T10:17:25","guid":{"rendered":"https:\/\/glotomania.com\/p\/set-3-cortadores-metalicos-petalos-flor-fucsia-2\/"},"modified":"2026-03-10T12:09:55","modified_gmt":"2026-03-10T12:09:55","slug":"set-3-cortadores-metalicos-petalos-flor-fucsia-2","status":"publish","type":"product","link":"https:\/\/glotomania.com\/pt-pt\/p\/set-3-cortadores-metalicos-petalos-flor-fucsia-2\/","title":{"rendered":"Set 3 Cortadores De Metal &#8211; P\u00c9talas Flores F\u00dacsia"},"content":{"rendered":"<p>&nbsp;<\/p>\n<p><span style=\"font-size:14px\">Ideal para biscoitos, fondant, pasta de am&ecirc;ndoa, pasta de goma, &#8230;<\/span><\/p>\n<p><span style=\"font-size:14px\">Conjunto de 3 unidades. Feito de a&ccedil;o inoxid&aacute;vel de alta qualidade para maior durabilidade.<\/span><\/p>\n<p><span style=\"font-size:14px\"><strong>Medidas corte diagonal:<\/strong> p&eacute;tala 20 mm &#8211; flor pequena 4 mm &#8211; flor m&eacute;dia 5 mm.<\/span><\/p>\n","protected":false},"excerpt":{"rendered":"<p>Feito de a\u00e7o inoxid\u00e1vel. Ideal para biscoitos, fondant, pasta de am\u00eandoa, pasta de goma, &#8230;<\/p>\n","protected":false},"featured_media":151449,"comment_status":"open","ping_status":"closed","template":"","meta":{"_acf_changed":false},"pwb-brand":[],"product_brand":[],"product_cat":[3199,3199,3087,3230,1869,3230,3087],"product_tag":[],"class_list":{"0":"post-387005","1":"product","2":"type-product","3":"status-publish","4":"has-post-thumbnail","6":"product_cat-cortadores-de-metal","8":"product_cat-ordem-e-armazenamento","9":"product_cat-tubos-para-flores","10":"product_cat-ultimas-unidades","14":"first","15":"instock","16":"taxable","17":"shipping-taxable","18":"purchasable","19":"product-type-simple"},"acf":[],"df_price":0.97,"df_sale_price":"","df_regular_price":0.97,"df_image_link":"https:\/\/glotomania.com\/wp-content\/uploads\/2025\/09\/img_19986_a38793d9d4b0a3442fcc38d915a7877e_1-300x300.png","brands":[],"_links":{"self":[{"href":"https:\/\/glotomania.com\/pt-pt\/wp-json\/wp\/v2\/product\/387005","targetHints":{"allow":["GET"]}}],"collection":[{"href":"https:\/\/glotomania.com\/pt-pt\/wp-json\/wp\/v2\/product"}],"about":[{"href":"https:\/\/glotomania.com\/pt-pt\/wp-json\/wp\/v2\/types\/product"}],"replies":[{"embeddable":true,"href":"https:\/\/glotomania.com\/pt-pt\/wp-json\/wp\/v2\/comments?post=387005"}],"wp:featuredmedia":[{"embeddable":true,"href":"https:\/\/glotomania.com\/pt-pt\/wp-json\/wp\/v2\/media\/151449"}],"wp:attachment":[{"href":"https:\/\/glotomania.com\/pt-pt\/wp-json\/wp\/v2\/media?parent=387005"}],"wp:term":[{"taxonomy":"pwb-brand","embeddable":true,"href":"https:\/\/glotomania.com\/pt-pt\/wp-json\/wp\/v2\/pwb-brand?post=387005"},{"taxonomy":"product_brand","embeddable":true,"href":"https:\/\/glotomania.com\/pt-pt\/wp-json\/wp\/v2\/product_brand?post=387005"},{"taxonomy":"product_cat","embeddable":true,"href":"https:\/\/glotomania.com\/pt-pt\/wp-json\/wp\/v2\/product_cat?post=387005"},{"taxonomy":"product_tag","embeddable":true,"href":"https:\/\/glotomania.com\/pt-pt\/wp-json\/wp\/v2\/product_tag?post=387005"}],"curies":[{"name":"wp","href":"https:\/\/api.w.org\/{rel}","templated":true}]}}