{"id":387006,"date":"2025-09-02T10:17:26","date_gmt":"2025-09-02T10:17:26","guid":{"rendered":"https:\/\/glotomania.com\/p\/set-2-cortadores-metalicos-para-galletas-flor-y-estrella-2\/"},"modified":"2026-04-25T00:25:00","modified_gmt":"2026-04-25T00:25:00","slug":"set-2-cortadores-metalicos-para-galletas-flor-y-estrella-2","status":"publish","type":"product","link":"https:\/\/glotomania.com\/pt-pt\/p\/set-2-cortadores-metalicos-para-galletas-flor-y-estrella-2\/","title":{"rendered":"Set 2 Cortadores De Metal Para Biscoito Com Extrator N1"},"content":{"rendered":"<p>\u00a0<\/p>\n<p><span style=\"font-size:14px\">Gra\u00e7as ao ejetor que integra, o corte \u00e9 limpo sem precisar tocar na esp\u00e1tula, impedindo que se deforme. Devido \u00e0 sua decora\u00e7\u00e3o interior, \u00e9 ideal para fazer biscoitos recheados.<\/span><\/p>\n<p><span style=\"font-size:14px\">Feito de a\u00e7o inoxid\u00e1vel e pl\u00e1stico de alta qualidade, adequado para uso alimentar.<\/span><\/p>\n<p><span style=\"font-size:14px\"><strong>Medida:<\/strong> corte diagonal de 45 mm.<\/span><\/p>\n<p><strong><span style=\"font-size:14px\">Modo de uso:<\/span><\/strong><\/p>\n<p><span style=\"font-size:14px\">Pregue na massa, levante e pressione o ejetor, colocando delicadamente o biscoito na bandeja onde ele ir\u00e1 assar.<\/span><\/p>\n","protected":false},"excerpt":{"rendered":"<p>Conjunto de 2 cortadores de a\u00e7o inoxid\u00e1vel para fazer biscoitos recheados.<\/p>\n","protected":false},"featured_media":151450,"comment_status":"open","ping_status":"closed","template":"","meta":{"_acf_changed":false},"pwb-brand":[],"product_brand":[],"product_cat":[3199,3087,1788,1869,1767],"product_tag":[],"class_list":{"0":"post-387006","1":"product","2":"type-product","3":"status-publish","4":"has-post-thumbnail","6":"product_cat-cortadores-de-metal","7":"product_cat-ordem-e-armazenamento","8":"product_cat-cortadores-de-cobre","9":"product_cat-ultimas-unidades","10":"product_cat-utensilios","12":"first","13":"instock","14":"taxable","15":"shipping-taxable","16":"purchasable","17":"product-type-simple"},"acf":[],"df_price":2.18,"df_sale_price":1.09,"df_regular_price":2.18,"df_image_link":"https:\/\/glotomania.com\/wp-content\/uploads\/2025\/09\/img_19985_035ce4df9c44196dcac8c4fcdebfde5e_1-300x300.png","brands":[],"_links":{"self":[{"href":"https:\/\/glotomania.com\/pt-pt\/wp-json\/wp\/v2\/product\/387006","targetHints":{"allow":["GET"]}}],"collection":[{"href":"https:\/\/glotomania.com\/pt-pt\/wp-json\/wp\/v2\/product"}],"about":[{"href":"https:\/\/glotomania.com\/pt-pt\/wp-json\/wp\/v2\/types\/product"}],"replies":[{"embeddable":true,"href":"https:\/\/glotomania.com\/pt-pt\/wp-json\/wp\/v2\/comments?post=387006"}],"wp:featuredmedia":[{"embeddable":true,"href":"https:\/\/glotomania.com\/pt-pt\/wp-json\/wp\/v2\/media\/151450"}],"wp:attachment":[{"href":"https:\/\/glotomania.com\/pt-pt\/wp-json\/wp\/v2\/media?parent=387006"}],"wp:term":[{"taxonomy":"pwb-brand","embeddable":true,"href":"https:\/\/glotomania.com\/pt-pt\/wp-json\/wp\/v2\/pwb-brand?post=387006"},{"taxonomy":"product_brand","embeddable":true,"href":"https:\/\/glotomania.com\/pt-pt\/wp-json\/wp\/v2\/product_brand?post=387006"},{"taxonomy":"product_cat","embeddable":true,"href":"https:\/\/glotomania.com\/pt-pt\/wp-json\/wp\/v2\/product_cat?post=387006"},{"taxonomy":"product_tag","embeddable":true,"href":"https:\/\/glotomania.com\/pt-pt\/wp-json\/wp\/v2\/product_tag?post=387006"}],"curies":[{"name":"wp","href":"https:\/\/api.w.org\/{rel}","templated":true}]}}