{"id":387008,"date":"2025-09-02T10:17:26","date_gmt":"2025-09-02T10:17:26","guid":{"rendered":"https:\/\/glotomania.com\/p\/set-9-cortadores-metalicos-numeros-2\/"},"modified":"2026-04-25T00:25:02","modified_gmt":"2026-04-25T00:25:02","slug":"set-9-cortadores-metalicos-numeros-2","status":"publish","type":"product","link":"https:\/\/glotomania.com\/pt-pt\/p\/set-9-cortadores-metalicos-numeros-2\/","title":{"rendered":"Set 9 Cortadores De Metal &#8211; N\u00dameros"},"content":{"rendered":"<p>&nbsp;<\/p>\n<p><span style=\"font-size:14px\">Feito de a&ccedil;o inoxid&aacute;vel premium, adequado para uso em alimentos.<\/span><\/p>\n<p><span style=\"font-size:14px\"><strong>Medidas m&aacute;ximas:<\/strong> Altura 35\/40 mm &#8211; Largura 20\/25 mm<\/span><\/p>\n","protected":false},"excerpt":{"rendered":"<p>Em a\u00e7o inoxid\u00e1vel, ideal para decorar suas elabora\u00e7\u00f5es de maneira original.<\/p>\n","protected":false},"featured_media":151452,"comment_status":"open","ping_status":"closed","template":"","meta":{"_acf_changed":false},"pwb-brand":[],"product_brand":[],"product_cat":[3199,3087,1788,1767],"product_tag":[],"class_list":{"0":"post-387008","1":"product","2":"type-product","3":"status-publish","4":"has-post-thumbnail","6":"product_cat-cortadores-de-metal","7":"product_cat-ordem-e-armazenamento","8":"product_cat-cortadores-de-cobre","9":"product_cat-utensilios","11":"first","12":"instock","13":"taxable","14":"shipping-taxable","15":"purchasable","16":"product-type-simple"},"acf":[],"df_price":6.95,"df_sale_price":2.78,"df_regular_price":6.95,"df_image_link":"https:\/\/glotomania.com\/wp-content\/uploads\/2025\/09\/img_19982_023d9ed4d222562032bed4d9feb2e2fe_1-300x300.png","brands":[],"_links":{"self":[{"href":"https:\/\/glotomania.com\/pt-pt\/wp-json\/wp\/v2\/product\/387008","targetHints":{"allow":["GET"]}}],"collection":[{"href":"https:\/\/glotomania.com\/pt-pt\/wp-json\/wp\/v2\/product"}],"about":[{"href":"https:\/\/glotomania.com\/pt-pt\/wp-json\/wp\/v2\/types\/product"}],"replies":[{"embeddable":true,"href":"https:\/\/glotomania.com\/pt-pt\/wp-json\/wp\/v2\/comments?post=387008"}],"wp:featuredmedia":[{"embeddable":true,"href":"https:\/\/glotomania.com\/pt-pt\/wp-json\/wp\/v2\/media\/151452"}],"wp:attachment":[{"href":"https:\/\/glotomania.com\/pt-pt\/wp-json\/wp\/v2\/media?parent=387008"}],"wp:term":[{"taxonomy":"pwb-brand","embeddable":true,"href":"https:\/\/glotomania.com\/pt-pt\/wp-json\/wp\/v2\/pwb-brand?post=387008"},{"taxonomy":"product_brand","embeddable":true,"href":"https:\/\/glotomania.com\/pt-pt\/wp-json\/wp\/v2\/product_brand?post=387008"},{"taxonomy":"product_cat","embeddable":true,"href":"https:\/\/glotomania.com\/pt-pt\/wp-json\/wp\/v2\/product_cat?post=387008"},{"taxonomy":"product_tag","embeddable":true,"href":"https:\/\/glotomania.com\/pt-pt\/wp-json\/wp\/v2\/product_tag?post=387008"}],"curies":[{"name":"wp","href":"https:\/\/api.w.org\/{rel}","templated":true}]}}